{"id":3018,"date":"2021-10-27T19:10:59","date_gmt":"2021-10-27T19:10:59","guid":{"rendered":"https:\/\/gobqro.gob.mx\/cecaqro\/?page_id=3018"},"modified":"2021-10-27T19:27:30","modified_gmt":"2021-10-27T19:27:30","slug":"estadisticas","status":"publish","type":"page","link":"https:\/\/gobqro.gob.mx\/cecaqro\/estadisticas\/","title":{"rendered":"Estad\u00edsticas"},"content":{"rendered":"\t\t<div data-elementor-type=\"wp-page\" data-elementor-id=\"3018\" class=\"elementor elementor-3018\" data-elementor-settings=\"{&quot;ha_cmc_init_switcher&quot;:&quot;no&quot;}\">\n\t\t\t\t\t\t<section class=\"elementor-section elementor-top-section elementor-element elementor-element-8aea18a elementor-section-boxed elementor-section-height-default elementor-section-height-default\" data-id=\"8aea18a\" data-element_type=\"section\" data-e-type=\"section\" data-settings=\"{&quot;_ha_eqh_enable&quot;:false}\">\n\t\t\t\t\t\t<div class=\"elementor-container elementor-column-gap-default\">\n\t\t\t\t\t<div class=\"elementor-column elementor-col-33 elementor-top-column elementor-element elementor-element-cba4386\" data-id=\"cba4386\" data-element_type=\"column\" data-e-type=\"column\">\n\t\t\t<div class=\"elementor-widget-wrap\">\n\t\t\t\t\t\t\t<\/div>\n\t\t<\/div>\n\t\t\t\t<div class=\"elementor-column elementor-col-33 elementor-top-column elementor-element elementor-element-8d527b6\" data-id=\"8d527b6\" data-element_type=\"column\" data-e-type=\"column\">\n\t\t\t<div class=\"elementor-widget-wrap\">\n\t\t\t\t\t\t\t<\/div>\n\t\t<\/div>\n\t\t\t\t<div class=\"elementor-column elementor-col-33 elementor-top-column elementor-element elementor-element-780013d\" data-id=\"780013d\" data-element_type=\"column\" data-e-type=\"column\">\n\t\t\t<div class=\"elementor-widget-wrap\">\n\t\t\t\t\t\t\t<\/div>\n\t\t<\/div>\n\t\t\t\t\t<\/div>\n\t\t<\/section>\n\t\t\t\t<\/div>\n\t\t","protected":false},"excerpt":{"rendered":"<p>ALCOHOL Reporte de Estad\u00edsticas DESCARGA DROGAS Reporte de Estad\u00edsticas DESCARGA TABACO Reporte de Estad\u00edsticas DESCARGA<\/p>\n","protected":false},"author":1,"featured_media":0,"parent":0,"menu_order":0,"comment_status":"closed","ping_status":"closed","template":"","meta":{"footnotes":""},"class_list":["post-3018","page","type-page","status-publish","hentry","no-post-thumbnail"],"yoast_head":"<!-- This site is optimized with the Yoast SEO plugin v27.3 - https:\/\/yoast.com\/product\/yoast-seo-wordpress\/ -->\n<title>Estad\u00edsticas - CECA QUER\u00c9TARO<\/title>\n<meta name=\"robots\" content=\"index, follow, max-snippet:-1, max-image-preview:large, max-video-preview:-1\" \/>\n<link rel=\"canonical\" href=\"https:\/\/gobqro.gob.mx\/cecaqro\/estadisticas\/\" \/>\n<meta property=\"og:locale\" content=\"es_MX\" \/>\n<meta property=\"og:type\" content=\"article\" \/>\n<meta property=\"og:title\" content=\"Estad\u00edsticas - CECA QUER\u00c9TARO\" \/>\n<meta property=\"og:description\" content=\"ALCOHOL Reporte de Estad\u00edsticas DESCARGA DROGAS Reporte de Estad\u00edsticas DESCARGA TABACO Reporte de Estad\u00edsticas DESCARGA\" \/>\n<meta property=\"og:url\" content=\"https:\/\/gobqro.gob.mx\/cecaqro\/estadisticas\/\" \/>\n<meta property=\"og:site_name\" content=\"CECA QUER\u00c9TARO\" \/>\n<meta property=\"article:modified_time\" content=\"2021-10-27T19:27:30+00:00\" \/>\n<meta property=\"og:image\" content=\"https:\/\/gobqro.gob.mx\/cecaqro\/wp-content\/uploads\/2021\/10\/ENCODAT_ALCOHOL_2016_2017-1-791x1024.jpg\" \/>\n<meta name=\"twitter:card\" content=\"summary_large_image\" \/>\n<script type=\"application\/ld+json\" class=\"yoast-schema-graph\">{\"@context\":\"https:\\\/\\\/schema.org\",\"@graph\":[{\"@type\":\"WebPage\",\"@id\":\"https:\\\/\\\/gobqro.gob.mx\\\/cecaqro\\\/estadisticas\\\/\",\"url\":\"https:\\\/\\\/gobqro.gob.mx\\\/cecaqro\\\/estadisticas\\\/\",\"name\":\"Estad\u00edsticas - CECA QUER\u00c9TARO\",\"isPartOf\":{\"@id\":\"https:\\\/\\\/gobqro.gob.mx\\\/cecaqro\\\/#website\"},\"primaryImageOfPage\":{\"@id\":\"https:\\\/\\\/gobqro.gob.mx\\\/cecaqro\\\/estadisticas\\\/#primaryimage\"},\"image\":{\"@id\":\"https:\\\/\\\/gobqro.gob.mx\\\/cecaqro\\\/estadisticas\\\/#primaryimage\"},\"thumbnailUrl\":\"https:\\\/\\\/gobqro.gob.mx\\\/cecaqro\\\/wp-content\\\/uploads\\\/2021\\\/10\\\/ENCODAT_ALCOHOL_2016_2017-1-791x1024.jpg\",\"datePublished\":\"2021-10-27T19:10:59+00:00\",\"dateModified\":\"2021-10-27T19:27:30+00:00\",\"breadcrumb\":{\"@id\":\"https:\\\/\\\/gobqro.gob.mx\\\/cecaqro\\\/estadisticas\\\/#breadcrumb\"},\"inLanguage\":\"es\",\"potentialAction\":[{\"@type\":\"ReadAction\",\"target\":[\"https:\\\/\\\/gobqro.gob.mx\\\/cecaqro\\\/estadisticas\\\/\"]}]},{\"@type\":\"ImageObject\",\"inLanguage\":\"es\",\"@id\":\"https:\\\/\\\/gobqro.gob.mx\\\/cecaqro\\\/estadisticas\\\/#primaryimage\",\"url\":\"https:\\\/\\\/gobqro.gob.mx\\\/cecaqro\\\/wp-content\\\/uploads\\\/2021\\\/10\\\/ENCODAT_ALCOHOL_2016_2017-1.jpg\",\"contentUrl\":\"https:\\\/\\\/gobqro.gob.mx\\\/cecaqro\\\/wp-content\\\/uploads\\\/2021\\\/10\\\/ENCODAT_ALCOHOL_2016_2017-1.jpg\",\"width\":800,\"height\":1035},{\"@type\":\"BreadcrumbList\",\"@id\":\"https:\\\/\\\/gobqro.gob.mx\\\/cecaqro\\\/estadisticas\\\/#breadcrumb\",\"itemListElement\":[{\"@type\":\"ListItem\",\"position\":1,\"name\":\"Inicio\",\"item\":\"https:\\\/\\\/gobqro.gob.mx\\\/cecaqro\\\/\"},{\"@type\":\"ListItem\",\"position\":2,\"name\":\"Estad\u00edsticas\"}]},{\"@type\":\"WebSite\",\"@id\":\"https:\\\/\\\/gobqro.gob.mx\\\/cecaqro\\\/#website\",\"url\":\"https:\\\/\\\/gobqro.gob.mx\\\/cecaqro\\\/\",\"name\":\"CECA QUER\u00c9TARO\",\"description\":\"Consejo Estatal Contra las Adicciones\",\"potentialAction\":[{\"@type\":\"SearchAction\",\"target\":{\"@type\":\"EntryPoint\",\"urlTemplate\":\"https:\\\/\\\/gobqro.gob.mx\\\/cecaqro\\\/?s={search_term_string}\"},\"query-input\":{\"@type\":\"PropertyValueSpecification\",\"valueRequired\":true,\"valueName\":\"search_term_string\"}}],\"inLanguage\":\"es\"}]}<\/script>\n<!-- \/ Yoast SEO plugin. -->","yoast_head_json":{"title":"Estad\u00edsticas - CECA QUER\u00c9TARO","robots":{"index":"index","follow":"follow","max-snippet":"max-snippet:-1","max-image-preview":"max-image-preview:large","max-video-preview":"max-video-preview:-1"},"canonical":"https:\/\/gobqro.gob.mx\/cecaqro\/estadisticas\/","og_locale":"es_MX","og_type":"article","og_title":"Estad\u00edsticas - CECA QUER\u00c9TARO","og_description":"ALCOHOL Reporte de Estad\u00edsticas DESCARGA DROGAS Reporte de Estad\u00edsticas DESCARGA TABACO Reporte de Estad\u00edsticas DESCARGA","og_url":"https:\/\/gobqro.gob.mx\/cecaqro\/estadisticas\/","og_site_name":"CECA QUER\u00c9TARO","article_modified_time":"2021-10-27T19:27:30+00:00","og_image":[{"url":"https:\/\/gobqro.gob.mx\/cecaqro\/wp-content\/uploads\/2021\/10\/ENCODAT_ALCOHOL_2016_2017-1-791x1024.jpg","type":"","width":"","height":""}],"twitter_card":"summary_large_image","schema":{"@context":"https:\/\/schema.org","@graph":[{"@type":"WebPage","@id":"https:\/\/gobqro.gob.mx\/cecaqro\/estadisticas\/","url":"https:\/\/gobqro.gob.mx\/cecaqro\/estadisticas\/","name":"Estad\u00edsticas - CECA QUER\u00c9TARO","isPartOf":{"@id":"https:\/\/gobqro.gob.mx\/cecaqro\/#website"},"primaryImageOfPage":{"@id":"https:\/\/gobqro.gob.mx\/cecaqro\/estadisticas\/#primaryimage"},"image":{"@id":"https:\/\/gobqro.gob.mx\/cecaqro\/estadisticas\/#primaryimage"},"thumbnailUrl":"https:\/\/gobqro.gob.mx\/cecaqro\/wp-content\/uploads\/2021\/10\/ENCODAT_ALCOHOL_2016_2017-1-791x1024.jpg","datePublished":"2021-10-27T19:10:59+00:00","dateModified":"2021-10-27T19:27:30+00:00","breadcrumb":{"@id":"https:\/\/gobqro.gob.mx\/cecaqro\/estadisticas\/#breadcrumb"},"inLanguage":"es","potentialAction":[{"@type":"ReadAction","target":["https:\/\/gobqro.gob.mx\/cecaqro\/estadisticas\/"]}]},{"@type":"ImageObject","inLanguage":"es","@id":"https:\/\/gobqro.gob.mx\/cecaqro\/estadisticas\/#primaryimage","url":"https:\/\/gobqro.gob.mx\/cecaqro\/wp-content\/uploads\/2021\/10\/ENCODAT_ALCOHOL_2016_2017-1.jpg","contentUrl":"https:\/\/gobqro.gob.mx\/cecaqro\/wp-content\/uploads\/2021\/10\/ENCODAT_ALCOHOL_2016_2017-1.jpg","width":800,"height":1035},{"@type":"BreadcrumbList","@id":"https:\/\/gobqro.gob.mx\/cecaqro\/estadisticas\/#breadcrumb","itemListElement":[{"@type":"ListItem","position":1,"name":"Inicio","item":"https:\/\/gobqro.gob.mx\/cecaqro\/"},{"@type":"ListItem","position":2,"name":"Estad\u00edsticas"}]},{"@type":"WebSite","@id":"https:\/\/gobqro.gob.mx\/cecaqro\/#website","url":"https:\/\/gobqro.gob.mx\/cecaqro\/","name":"CECA QUER\u00c9TARO","description":"Consejo Estatal Contra las Adicciones","potentialAction":[{"@type":"SearchAction","target":{"@type":"EntryPoint","urlTemplate":"https:\/\/gobqro.gob.mx\/cecaqro\/?s={search_term_string}"},"query-input":{"@type":"PropertyValueSpecification","valueRequired":true,"valueName":"search_term_string"}}],"inLanguage":"es"}]}},"_links":{"self":[{"href":"https:\/\/gobqro.gob.mx\/cecaqro\/wp-json\/wp\/v2\/pages\/3018","targetHints":{"allow":["GET"]}}],"collection":[{"href":"https:\/\/gobqro.gob.mx\/cecaqro\/wp-json\/wp\/v2\/pages"}],"about":[{"href":"https:\/\/gobqro.gob.mx\/cecaqro\/wp-json\/wp\/v2\/types\/page"}],"author":[{"embeddable":true,"href":"https:\/\/gobqro.gob.mx\/cecaqro\/wp-json\/wp\/v2\/users\/1"}],"replies":[{"embeddable":true,"href":"https:\/\/gobqro.gob.mx\/cecaqro\/wp-json\/wp\/v2\/comments?post=3018"}],"version-history":[{"count":0,"href":"https:\/\/gobqro.gob.mx\/cecaqro\/wp-json\/wp\/v2\/pages\/3018\/revisions"}],"wp:attachment":[{"href":"https:\/\/gobqro.gob.mx\/cecaqro\/wp-json\/wp\/v2\/media?parent=3018"}],"curies":[{"name":"wp","href":"https:\/\/api.w.org\/{rel}","templated":true}]}}