{"id":3051,"date":"2021-10-27T22:15:14","date_gmt":"2021-10-27T22:15:14","guid":{"rendered":"https:\/\/gobqro.gob.mx\/cecaqro\/?page_id=3051"},"modified":"2021-10-27T22:28:48","modified_gmt":"2021-10-27T22:28:48","slug":"legalizacion-de-la-marihuana","status":"publish","type":"page","link":"https:\/\/gobqro.gob.mx\/cecaqro\/legalizacion-de-la-marihuana\/","title":{"rendered":"Legalizaci\u00f3n de la Marihuana"},"content":{"rendered":"\t\t<div data-elementor-type=\"wp-page\" data-elementor-id=\"3051\" class=\"elementor elementor-3051\" data-elementor-settings=\"{&quot;ha_cmc_init_switcher&quot;:&quot;no&quot;}\">\n\t\t\t\t\t\t<section class=\"elementor-section elementor-top-section elementor-element elementor-element-148126de elementor-section-boxed elementor-section-height-default elementor-section-height-default\" data-id=\"148126de\" data-element_type=\"section\" data-e-type=\"section\" data-settings=\"{&quot;_ha_eqh_enable&quot;:false}\">\n\t\t\t\t\t\t<div class=\"elementor-container elementor-column-gap-default\">\n\t\t\t\t\t<div class=\"elementor-column elementor-col-100 elementor-top-column elementor-element elementor-element-3c9a9046\" data-id=\"3c9a9046\" data-element_type=\"column\" data-e-type=\"column\">\n\t\t\t<div class=\"elementor-widget-wrap\">\n\t\t\t\t\t\t\t<\/div>\n\t\t<\/div>\n\t\t\t\t\t<\/div>\n\t\t<\/section>\n\t\t\t\t<section class=\"elementor-section elementor-top-section elementor-element elementor-element-5857a13 elementor-section-boxed elementor-section-height-default elementor-section-height-default\" data-id=\"5857a13\" data-element_type=\"section\" data-e-type=\"section\" data-settings=\"{&quot;_ha_eqh_enable&quot;:false}\">\n\t\t\t\t\t\t<div class=\"elementor-container elementor-column-gap-default\">\n\t\t\t\t\t<div class=\"elementor-column elementor-col-100 elementor-top-column elementor-element elementor-element-ed2a138\" data-id=\"ed2a138\" data-element_type=\"column\" data-e-type=\"column\">\n\t\t\t<div class=\"elementor-widget-wrap elementor-element-populated\">\n\t\t\t\t\t\t<div class=\"elementor-element elementor-element-b44f3af elementor-widget elementor-widget-spacer\" data-id=\"b44f3af\" data-element_type=\"widget\" data-e-type=\"widget\" data-widget_type=\"spacer.default\">\n\t\t\t\t<div class=\"elementor-widget-container\">\n\t\t\t\t\t\t\t<div class=\"elementor-spacer\">\n\t\t\t<div class=\"elementor-spacer-inner\"><\/div>\n\t\t<\/div>\n\t\t\t\t\t\t<\/div>\n\t\t\t\t<\/div>\n\t\t\t\t<div class=\"elementor-element elementor-element-b62e52e elementor-widget elementor-widget-heading\" data-id=\"b62e52e\" data-element_type=\"widget\" data-e-type=\"widget\" data-widget_type=\"heading.default\">\n\t\t\t\t<div class=\"elementor-widget-container\">\n\t\t\t\t\t<h2 class=\"elementor-heading-title elementor-size-default\">Legalizaci\u00f3n de la Marihuana<\/h2>\t\t\t\t<\/div>\n\t\t\t\t<\/div>\n\t\t\t\t<div class=\"elementor-element elementor-element-dd51b6c elementor-widget elementor-widget-image\" data-id=\"dd51b6c\" data-element_type=\"widget\" data-e-type=\"widget\" data-widget_type=\"image.default\">\n\t\t\t\t<div class=\"elementor-widget-container\">\n\t\t\t\t\t\t\t\t\t\t\t\t\t\t\t<img fetchpriority=\"high\" decoding=\"async\" width=\"640\" height=\"350\" src=\"https:\/\/gobqro.gob.mx\/cecaqro\/wp-content\/uploads\/2021\/10\/legalMarihuana-1024x560.jpg\" class=\"attachment-large size-large wp-image-2804\" alt=\"\" srcset=\"https:\/\/gobqro.gob.mx\/cecaqro\/wp-content\/uploads\/2021\/10\/legalMarihuana-1024x560.jpg 1024w, https:\/\/gobqro.gob.mx\/cecaqro\/wp-content\/uploads\/2021\/10\/legalMarihuana-300x164.jpg 300w, https:\/\/gobqro.gob.mx\/cecaqro\/wp-content\/uploads\/2021\/10\/legalMarihuana-768x420.jpg 768w, https:\/\/gobqro.gob.mx\/cecaqro\/wp-content\/uploads\/2021\/10\/legalMarihuana-570x312.jpg 570w, https:\/\/gobqro.gob.mx\/cecaqro\/wp-content\/uploads\/2021\/10\/legalMarihuana-270x148.jpg 270w, https:\/\/gobqro.gob.mx\/cecaqro\/wp-content\/uploads\/2021\/10\/legalMarihuana.jpg 1280w\" sizes=\"(max-width: 640px) 100vw, 640px\" \/>\t\t\t\t\t\t\t\t\t\t\t\t\t\t\t<\/div>\n\t\t\t\t<\/div>\n\t\t\t\t\t<\/div>\n\t\t<\/div>\n\t\t\t\t\t<\/div>\n\t\t<\/section>\n\t\t\t\t<section class=\"elementor-section elementor-top-section elementor-element elementor-element-9640305 elementor-section-boxed elementor-section-height-default elementor-section-height-default\" data-id=\"9640305\" data-element_type=\"section\" data-e-type=\"section\" data-settings=\"{&quot;_ha_eqh_enable&quot;:false}\">\n\t\t\t\t\t\t<div class=\"elementor-container elementor-column-gap-default\">\n\t\t\t\t\t<div class=\"elementor-column elementor-col-100 elementor-top-column elementor-element elementor-element-62ac3c4\" data-id=\"62ac3c4\" data-element_type=\"column\" data-e-type=\"column\">\n\t\t\t<div class=\"elementor-widget-wrap elementor-element-populated\">\n\t\t\t\t\t\t<div class=\"elementor-element elementor-element-19b9b09 elementor-widget elementor-widget-text-editor\" data-id=\"19b9b09\" data-element_type=\"widget\" data-e-type=\"widget\" data-widget_type=\"text-editor.default\">\n\t\t\t\t<div class=\"elementor-widget-container\">\n\t\t\t\t\t\t\t\t\t<div class=\"entry-content\"><div class=\"vc_row wpb_row vc_row-fluid\"><div class=\"wpb_column vc_column_container vc_col-sm-12\"><div class=\"vc_column-inner\"><div class=\"wpb_wrapper\"><div class=\"wpb_text_column wpb_content_element wpb_animate_when_almost_visible wpb_bounceInDown bounceInDown wpb_start_animation animated\"><div class=\"wpb_wrapper\"><p><span style=\"font-size: 16px;\">Te compartimos enlaces sobre el tema:<\/span><\/p><p><span style=\"font-size: 16px;\"><a href=\"https:\/\/www.gob.mx\/debatemarihuana\" target=\"_blank\" rel=\"noopener noreferrer\">-DEBATE NACIONAL SOBRE EL USO DE LA MARIHUANA<\/a><\/span><\/p><p><span style=\"font-size: 16px;\"><a href=\"https:\/\/www.gob.mx\/cms\/uploads\/attachment\/file\/85789\/Ana_Luis_Valdes_Aviles.pdf\" target=\"_blank\" rel=\"noopener noreferrer\">-PONENCIA SOBRE LA LEGALIZACI\u00d3N DE LA MARIHUANA<\/a><\/span><\/p><p><span style=\"font-size: 16px;\"><a href=\"https:\/\/www.gob.mx\/cms\/uploads\/attachment\/file\/85783\/3.Cristinne_Leo_Martel.pdf\" target=\"_blank\" rel=\"noopener noreferrer\">-1Propuesta para la legalizaci\u00f3n de la marihuanaM\u00e9xico, D.F. a 6 de abril de 2016, Palacio de Miner\u00edaDra. Cristinne Leo Martel<\/a><\/span><\/p><p><span style=\"font-size: 16px;\"><a href=\"https:\/\/www.gob.mx\/cms\/uploads\/attachment\/file\/55400\/Didier_Carbajal.pdf\" target=\"_blank\" rel=\"noopener noreferrer\">-\u00bfCU\u00c1LES SON LOS EFECTOS DE LA MARIHUANA EN LA SALUD?<\/a><\/span><\/p><p><span style=\"font-size: 16px;\"><a href=\"https:\/\/www.gob.mx\/cms\/uploads\/attachment\/file\/55397\/Nery_Rolando_Jimenez.pdf\" target=\"_blank\" rel=\"noopener noreferrer\">-LA MARIHUANA: MITOS Y REALIDADES<\/a><\/span><\/p><p><span style=\"font-size: 16px;\">Existen m\u00e1s art\u00edculos sobre el tema en el sitio<a href=\"https:\/\/www.gob.mx\/\" target=\"_blank\" rel=\"noopener noreferrer\"> https:\/\/www.gob.mx\/<\/a><\/span><\/p><\/div><\/div><\/div><\/div><\/div><\/div><\/div>\t\t\t\t\t\t\t\t<\/div>\n\t\t\t\t<\/div>\n\t\t\t\t\t<\/div>\n\t\t<\/div>\n\t\t\t\t\t<\/div>\n\t\t<\/section>\n\t\t\t\t<\/div>\n\t\t","protected":false},"excerpt":{"rendered":"<p>Legalizaci\u00f3n de la Marihuana Te compartimos enlaces sobre el tema: -DEBATE NACIONAL SOBRE EL USO DE LA MARIHUANA -PONENCIA SOBRE LA LEGALIZACI\u00d3N DE LA MARIHUANA -1Propuesta para la legalizaci\u00f3n de la marihuanaM\u00e9xico, D.F. a 6 de abril de 2016, Palacio de Miner\u00edaDra. Cristinne Leo Martel -\u00bfCU\u00c1LES SON LOS EFECTOS DE.<\/p>\n","protected":false},"author":1,"featured_media":2804,"parent":0,"menu_order":0,"comment_status":"closed","ping_status":"closed","template":"","meta":{"footnotes":""},"class_list":["post-3051","page","type-page","status-publish","has-post-thumbnail","hentry"],"yoast_head":"<!-- This site is optimized with the Yoast SEO plugin v27.3 - https:\/\/yoast.com\/product\/yoast-seo-wordpress\/ -->\n<title>Legalizaci\u00f3n de la Marihuana - CECA QUER\u00c9TARO<\/title>\n<meta name=\"robots\" content=\"index, follow, max-snippet:-1, max-image-preview:large, max-video-preview:-1\" \/>\n<link rel=\"canonical\" href=\"https:\/\/gobqro.gob.mx\/cecaqro\/legalizacion-de-la-marihuana\/\" \/>\n<meta property=\"og:locale\" content=\"es_MX\" \/>\n<meta property=\"og:type\" content=\"article\" \/>\n<meta property=\"og:title\" content=\"Legalizaci\u00f3n de la Marihuana - CECA QUER\u00c9TARO\" \/>\n<meta property=\"og:description\" content=\"Legalizaci\u00f3n de la Marihuana Te compartimos enlaces sobre el tema: -DEBATE NACIONAL SOBRE EL USO DE LA MARIHUANA -PONENCIA SOBRE LA LEGALIZACI\u00d3N DE LA MARIHUANA -1Propuesta para la legalizaci\u00f3n de la marihuanaM\u00e9xico, D.F. a 6 de abril de 2016, Palacio de Miner\u00edaDra. Cristinne Leo Martel -\u00bfCU\u00c1LES SON LOS EFECTOS DE.\" \/>\n<meta property=\"og:url\" content=\"https:\/\/gobqro.gob.mx\/cecaqro\/legalizacion-de-la-marihuana\/\" \/>\n<meta property=\"og:site_name\" content=\"CECA QUER\u00c9TARO\" \/>\n<meta property=\"article:modified_time\" content=\"2021-10-27T22:28:48+00:00\" \/>\n<meta property=\"og:image\" content=\"https:\/\/gobqro.gob.mx\/cecaqro\/wp-content\/uploads\/2021\/10\/legalMarihuana.jpg\" \/>\n\t<meta property=\"og:image:width\" content=\"1280\" \/>\n\t<meta property=\"og:image:height\" content=\"700\" \/>\n\t<meta property=\"og:image:type\" content=\"image\/jpeg\" \/>\n<meta name=\"twitter:card\" content=\"summary_large_image\" \/>\n<script type=\"application\/ld+json\" class=\"yoast-schema-graph\">{\"@context\":\"https:\\\/\\\/schema.org\",\"@graph\":[{\"@type\":\"WebPage\",\"@id\":\"https:\\\/\\\/gobqro.gob.mx\\\/cecaqro\\\/legalizacion-de-la-marihuana\\\/\",\"url\":\"https:\\\/\\\/gobqro.gob.mx\\\/cecaqro\\\/legalizacion-de-la-marihuana\\\/\",\"name\":\"Legalizaci\u00f3n de la Marihuana - CECA QUER\u00c9TARO\",\"isPartOf\":{\"@id\":\"https:\\\/\\\/gobqro.gob.mx\\\/cecaqro\\\/#website\"},\"primaryImageOfPage\":{\"@id\":\"https:\\\/\\\/gobqro.gob.mx\\\/cecaqro\\\/legalizacion-de-la-marihuana\\\/#primaryimage\"},\"image\":{\"@id\":\"https:\\\/\\\/gobqro.gob.mx\\\/cecaqro\\\/legalizacion-de-la-marihuana\\\/#primaryimage\"},\"thumbnailUrl\":\"https:\\\/\\\/gobqro.gob.mx\\\/cecaqro\\\/wp-content\\\/uploads\\\/2021\\\/10\\\/legalMarihuana.jpg\",\"datePublished\":\"2021-10-27T22:15:14+00:00\",\"dateModified\":\"2021-10-27T22:28:48+00:00\",\"breadcrumb\":{\"@id\":\"https:\\\/\\\/gobqro.gob.mx\\\/cecaqro\\\/legalizacion-de-la-marihuana\\\/#breadcrumb\"},\"inLanguage\":\"es\",\"potentialAction\":[{\"@type\":\"ReadAction\",\"target\":[\"https:\\\/\\\/gobqro.gob.mx\\\/cecaqro\\\/legalizacion-de-la-marihuana\\\/\"]}]},{\"@type\":\"ImageObject\",\"inLanguage\":\"es\",\"@id\":\"https:\\\/\\\/gobqro.gob.mx\\\/cecaqro\\\/legalizacion-de-la-marihuana\\\/#primaryimage\",\"url\":\"https:\\\/\\\/gobqro.gob.mx\\\/cecaqro\\\/wp-content\\\/uploads\\\/2021\\\/10\\\/legalMarihuana.jpg\",\"contentUrl\":\"https:\\\/\\\/gobqro.gob.mx\\\/cecaqro\\\/wp-content\\\/uploads\\\/2021\\\/10\\\/legalMarihuana.jpg\",\"width\":1280,\"height\":700},{\"@type\":\"BreadcrumbList\",\"@id\":\"https:\\\/\\\/gobqro.gob.mx\\\/cecaqro\\\/legalizacion-de-la-marihuana\\\/#breadcrumb\",\"itemListElement\":[{\"@type\":\"ListItem\",\"position\":1,\"name\":\"Inicio\",\"item\":\"https:\\\/\\\/gobqro.gob.mx\\\/cecaqro\\\/\"},{\"@type\":\"ListItem\",\"position\":2,\"name\":\"Legalizaci\u00f3n de la Marihuana\"}]},{\"@type\":\"WebSite\",\"@id\":\"https:\\\/\\\/gobqro.gob.mx\\\/cecaqro\\\/#website\",\"url\":\"https:\\\/\\\/gobqro.gob.mx\\\/cecaqro\\\/\",\"name\":\"CECA QUER\u00c9TARO\",\"description\":\"Consejo Estatal Contra las Adicciones\",\"potentialAction\":[{\"@type\":\"SearchAction\",\"target\":{\"@type\":\"EntryPoint\",\"urlTemplate\":\"https:\\\/\\\/gobqro.gob.mx\\\/cecaqro\\\/?s={search_term_string}\"},\"query-input\":{\"@type\":\"PropertyValueSpecification\",\"valueRequired\":true,\"valueName\":\"search_term_string\"}}],\"inLanguage\":\"es\"}]}<\/script>\n<!-- \/ Yoast SEO plugin. -->","yoast_head_json":{"title":"Legalizaci\u00f3n de la Marihuana - CECA QUER\u00c9TARO","robots":{"index":"index","follow":"follow","max-snippet":"max-snippet:-1","max-image-preview":"max-image-preview:large","max-video-preview":"max-video-preview:-1"},"canonical":"https:\/\/gobqro.gob.mx\/cecaqro\/legalizacion-de-la-marihuana\/","og_locale":"es_MX","og_type":"article","og_title":"Legalizaci\u00f3n de la Marihuana - CECA QUER\u00c9TARO","og_description":"Legalizaci\u00f3n de la Marihuana Te compartimos enlaces sobre el tema: -DEBATE NACIONAL SOBRE EL USO DE LA MARIHUANA -PONENCIA SOBRE LA LEGALIZACI\u00d3N DE LA MARIHUANA -1Propuesta para la legalizaci\u00f3n de la marihuanaM\u00e9xico, D.F. a 6 de abril de 2016, Palacio de Miner\u00edaDra. Cristinne Leo Martel -\u00bfCU\u00c1LES SON LOS EFECTOS DE.","og_url":"https:\/\/gobqro.gob.mx\/cecaqro\/legalizacion-de-la-marihuana\/","og_site_name":"CECA QUER\u00c9TARO","article_modified_time":"2021-10-27T22:28:48+00:00","og_image":[{"width":1280,"height":700,"url":"https:\/\/gobqro.gob.mx\/cecaqro\/wp-content\/uploads\/2021\/10\/legalMarihuana.jpg","type":"image\/jpeg"}],"twitter_card":"summary_large_image","schema":{"@context":"https:\/\/schema.org","@graph":[{"@type":"WebPage","@id":"https:\/\/gobqro.gob.mx\/cecaqro\/legalizacion-de-la-marihuana\/","url":"https:\/\/gobqro.gob.mx\/cecaqro\/legalizacion-de-la-marihuana\/","name":"Legalizaci\u00f3n de la Marihuana - CECA QUER\u00c9TARO","isPartOf":{"@id":"https:\/\/gobqro.gob.mx\/cecaqro\/#website"},"primaryImageOfPage":{"@id":"https:\/\/gobqro.gob.mx\/cecaqro\/legalizacion-de-la-marihuana\/#primaryimage"},"image":{"@id":"https:\/\/gobqro.gob.mx\/cecaqro\/legalizacion-de-la-marihuana\/#primaryimage"},"thumbnailUrl":"https:\/\/gobqro.gob.mx\/cecaqro\/wp-content\/uploads\/2021\/10\/legalMarihuana.jpg","datePublished":"2021-10-27T22:15:14+00:00","dateModified":"2021-10-27T22:28:48+00:00","breadcrumb":{"@id":"https:\/\/gobqro.gob.mx\/cecaqro\/legalizacion-de-la-marihuana\/#breadcrumb"},"inLanguage":"es","potentialAction":[{"@type":"ReadAction","target":["https:\/\/gobqro.gob.mx\/cecaqro\/legalizacion-de-la-marihuana\/"]}]},{"@type":"ImageObject","inLanguage":"es","@id":"https:\/\/gobqro.gob.mx\/cecaqro\/legalizacion-de-la-marihuana\/#primaryimage","url":"https:\/\/gobqro.gob.mx\/cecaqro\/wp-content\/uploads\/2021\/10\/legalMarihuana.jpg","contentUrl":"https:\/\/gobqro.gob.mx\/cecaqro\/wp-content\/uploads\/2021\/10\/legalMarihuana.jpg","width":1280,"height":700},{"@type":"BreadcrumbList","@id":"https:\/\/gobqro.gob.mx\/cecaqro\/legalizacion-de-la-marihuana\/#breadcrumb","itemListElement":[{"@type":"ListItem","position":1,"name":"Inicio","item":"https:\/\/gobqro.gob.mx\/cecaqro\/"},{"@type":"ListItem","position":2,"name":"Legalizaci\u00f3n de la Marihuana"}]},{"@type":"WebSite","@id":"https:\/\/gobqro.gob.mx\/cecaqro\/#website","url":"https:\/\/gobqro.gob.mx\/cecaqro\/","name":"CECA QUER\u00c9TARO","description":"Consejo Estatal Contra las Adicciones","potentialAction":[{"@type":"SearchAction","target":{"@type":"EntryPoint","urlTemplate":"https:\/\/gobqro.gob.mx\/cecaqro\/?s={search_term_string}"},"query-input":{"@type":"PropertyValueSpecification","valueRequired":true,"valueName":"search_term_string"}}],"inLanguage":"es"}]}},"_links":{"self":[{"href":"https:\/\/gobqro.gob.mx\/cecaqro\/wp-json\/wp\/v2\/pages\/3051","targetHints":{"allow":["GET"]}}],"collection":[{"href":"https:\/\/gobqro.gob.mx\/cecaqro\/wp-json\/wp\/v2\/pages"}],"about":[{"href":"https:\/\/gobqro.gob.mx\/cecaqro\/wp-json\/wp\/v2\/types\/page"}],"author":[{"embeddable":true,"href":"https:\/\/gobqro.gob.mx\/cecaqro\/wp-json\/wp\/v2\/users\/1"}],"replies":[{"embeddable":true,"href":"https:\/\/gobqro.gob.mx\/cecaqro\/wp-json\/wp\/v2\/comments?post=3051"}],"version-history":[{"count":0,"href":"https:\/\/gobqro.gob.mx\/cecaqro\/wp-json\/wp\/v2\/pages\/3051\/revisions"}],"wp:featuredmedia":[{"embeddable":true,"href":"https:\/\/gobqro.gob.mx\/cecaqro\/wp-json\/wp\/v2\/media\/2804"}],"wp:attachment":[{"href":"https:\/\/gobqro.gob.mx\/cecaqro\/wp-json\/wp\/v2\/media?parent=3051"}],"curies":[{"name":"wp","href":"https:\/\/api.w.org\/{rel}","templated":true}]}}