{"id":3076,"date":"2021-10-27T22:38:16","date_gmt":"2021-10-27T22:38:16","guid":{"rendered":"https:\/\/gobqro.gob.mx\/cecaqro\/?page_id=3076"},"modified":"2024-02-26T13:48:14","modified_gmt":"2024-02-26T19:48:14","slug":"que-hacer-si-mi-hij-consume-drogas","status":"publish","type":"page","link":"https:\/\/gobqro.gob.mx\/cecaqro\/que-hacer-si-mi-hij-consume-drogas\/","title":{"rendered":"\u00bfQue Hacer Si Mi Hij@ Consume Drogas?"},"content":{"rendered":"\t\t<div data-elementor-type=\"wp-page\" data-elementor-id=\"3076\" class=\"elementor elementor-3076\" data-elementor-settings=\"{&quot;ha_cmc_init_switcher&quot;:&quot;no&quot;}\">\n\t\t\t\t\t\t<section class=\"elementor-section elementor-top-section elementor-element elementor-element-6ce8684 elementor-section-boxed elementor-section-height-default elementor-section-height-default\" data-id=\"6ce8684\" data-element_type=\"section\" data-e-type=\"section\" data-settings=\"{&quot;_ha_eqh_enable&quot;:false}\">\n\t\t\t\t\t\t<div class=\"elementor-container elementor-column-gap-default\">\n\t\t\t\t\t<div class=\"elementor-column elementor-col-100 elementor-top-column elementor-element elementor-element-88191e7\" data-id=\"88191e7\" data-element_type=\"column\" data-e-type=\"column\">\n\t\t\t<div class=\"elementor-widget-wrap elementor-element-populated\">\n\t\t\t\t\t\t<div class=\"elementor-element elementor-element-fbcf947 elementor-widget elementor-widget-image\" data-id=\"fbcf947\" data-element_type=\"widget\" data-e-type=\"widget\" data-widget_type=\"image.default\">\n\t\t\t\t<div class=\"elementor-widget-container\">\n\t\t\t\t\t\t\t\t\t\t\t\t\t\t\t<img fetchpriority=\"high\" decoding=\"async\" width=\"640\" height=\"350\" src=\"https:\/\/gobqro.gob.mx\/cecaqro\/wp-content\/uploads\/2021\/10\/drogasIlegales-1024x560.png\" class=\"attachment-large size-large wp-image-2805\" alt=\"\" srcset=\"https:\/\/gobqro.gob.mx\/cecaqro\/wp-content\/uploads\/2021\/10\/drogasIlegales-1024x560.png 1024w, https:\/\/gobqro.gob.mx\/cecaqro\/wp-content\/uploads\/2021\/10\/drogasIlegales-300x164.png 300w, https:\/\/gobqro.gob.mx\/cecaqro\/wp-content\/uploads\/2021\/10\/drogasIlegales-768x420.png 768w, https:\/\/gobqro.gob.mx\/cecaqro\/wp-content\/uploads\/2021\/10\/drogasIlegales-570x312.png 570w, https:\/\/gobqro.gob.mx\/cecaqro\/wp-content\/uploads\/2021\/10\/drogasIlegales-270x148.png 270w, https:\/\/gobqro.gob.mx\/cecaqro\/wp-content\/uploads\/2021\/10\/drogasIlegales.png 1280w\" sizes=\"(max-width: 640px) 100vw, 640px\" \/>\t\t\t\t\t\t\t\t\t\t\t\t\t\t\t<\/div>\n\t\t\t\t<\/div>\n\t\t\t\t\t<\/div>\n\t\t<\/div>\n\t\t\t\t\t<\/div>\n\t\t<\/section>\n\t\t\t\t<section class=\"elementor-section elementor-top-section elementor-element elementor-element-9d6d109 elementor-section-boxed elementor-section-height-default elementor-section-height-default\" data-id=\"9d6d109\" data-element_type=\"section\" data-e-type=\"section\" data-settings=\"{&quot;_ha_eqh_enable&quot;:false}\">\n\t\t\t\t\t\t<div class=\"elementor-container elementor-column-gap-default\">\n\t\t\t\t\t<div class=\"elementor-column elementor-col-100 elementor-top-column elementor-element elementor-element-b5904e9\" data-id=\"b5904e9\" data-element_type=\"column\" data-e-type=\"column\">\n\t\t\t<div class=\"elementor-widget-wrap elementor-element-populated\">\n\t\t\t\t\t\t<div class=\"elementor-element elementor-element-5d4d456 elementor-widget elementor-widget-text-editor\" data-id=\"5d4d456\" data-element_type=\"widget\" data-e-type=\"widget\" data-widget_type=\"text-editor.default\">\n\t\t\t\t<div class=\"elementor-widget-container\">\n\t\t\t\t\t\t\t\t\t<p>1.- Mant\u00e9n la calma:\u2028Si bien es un proceso complicado y dif\u00edcil el descubrir que tu hijo (a) consume alguna sustancia psicoactiva (tabaco, alcohol, mariguana, coca\u00edna, etc.) que desencadena muchas emociones, si usted confronta a su hijo (a) enojado (a) sobre la problem\u00e1tica, m\u00e1s que ayudar puede perjudicar el proceso de recuperaci\u00f3n.<\/p><p>2.- Una Adicci\u00f3n es:\u2028Seg\u00fan la Organizaci\u00f3n Mundial de la Salud (OMS) una enfermedad f\u00edsica y psicoemocional que crea una dependencia o necesidad hacia una sustancia, actividad o relaci\u00f3n. Se caracteriza por un conjunto de signos y s\u00edntomas, en los que se involucran factores biol\u00f3gicos, gen\u00e9ticos, psicol\u00f3gicos y sociales.<\/p><p>3.- Para que una persona sea considerada como adicta:\u2028Son tres etapas que pasa la persona para que una persona se considera adicta; el primero es el uso experimental (solo prueban para sentir la sensaci\u00f3n nueva), la segunda es el Abuso de la Sustancia (todav\u00eda no se considera adicto pero su consumo ya le est\u00e1 causando problemas, familiares, escolares, laborales, etc.) y el tercero es la dependencia.<\/p><p>4.- En lo legal: \u2028En la mayor\u00eda de las ocasiones, no hay una conducta delictiva asociada al consumo de alguna droga.<\/p><p>5.- Hay esperanza:\u2028Muy probablemente tu hijo (a) se encuentra en la primera o segunda etapa del proceso adictivo de la cual es m\u00e1s f\u00e1cil la recuperaci\u00f3n.<\/p><p>6.-Platica con el (ella, x):\u2028 Expr\u00e9sale que sabes lo que est\u00e1 pasando y como te hace sentir la situaci\u00f3n, recuerda que es importante la comunicaci\u00f3n ya que ella te permite conocer cu\u00e1les son las cosas que lo llevaron al consumo y sobretodo favorece que tu hijo (a) sepa lo mucho que te preocupa la situaci\u00f3n<\/p>\t\t\t\t\t\t\t\t<\/div>\n\t\t\t\t<\/div>\n\t\t\t\t<div class=\"elementor-element elementor-element-62b9749 elementor-widget elementor-widget-spacer\" data-id=\"62b9749\" data-element_type=\"widget\" data-e-type=\"widget\" data-widget_type=\"spacer.default\">\n\t\t\t\t<div class=\"elementor-widget-container\">\n\t\t\t\t\t\t\t<div class=\"elementor-spacer\">\n\t\t\t<div class=\"elementor-spacer-inner\"><\/div>\n\t\t<\/div>\n\t\t\t\t\t\t<\/div>\n\t\t\t\t<\/div>\n\t\t\t\t\t<\/div>\n\t\t<\/div>\n\t\t\t\t\t<\/div>\n\t\t<\/section>\n\t\t\t\t<section class=\"elementor-section elementor-top-section elementor-element elementor-element-5bd095e elementor-section-boxed elementor-section-height-default elementor-section-height-default\" data-id=\"5bd095e\" data-element_type=\"section\" data-e-type=\"section\" data-settings=\"{&quot;_ha_eqh_enable&quot;:false}\">\n\t\t\t\t\t\t<div class=\"elementor-container elementor-column-gap-default\">\n\t\t\t\t\t<div class=\"elementor-column elementor-col-50 elementor-top-column elementor-element elementor-element-15521a3\" data-id=\"15521a3\" data-element_type=\"column\" data-e-type=\"column\">\n\t\t\t<div class=\"elementor-widget-wrap elementor-element-populated\">\n\t\t\t\t\t\t<div class=\"elementor-element elementor-element-b7ec662 elementor-widget elementor-widget-heading\" data-id=\"b7ec662\" data-element_type=\"widget\" data-e-type=\"widget\" data-widget_type=\"heading.default\">\n\t\t\t\t<div class=\"elementor-widget-container\">\n\t\t\t\t\t<h2 class=\"elementor-heading-title elementor-size-default\">Ac\u00e9rcate a nosotros:<\/h2>\t\t\t\t<\/div>\n\t\t\t\t<\/div>\n\t\t\t\t<div class=\"elementor-element elementor-element-c2592e1 elementor-view-default elementor-widget elementor-widget-icon\" data-id=\"c2592e1\" data-element_type=\"widget\" data-e-type=\"widget\" data-widget_type=\"icon.default\">\n\t\t\t\t<div class=\"elementor-widget-container\">\n\t\t\t\t\t\t\t<div class=\"elementor-icon-wrapper\">\n\t\t\t<div class=\"elementor-icon\">\n\t\t\t<i aria-hidden=\"true\" class=\"fas fa-hands-helping\"><\/i>\t\t\t<\/div>\n\t\t<\/div>\n\t\t\t\t\t\t<\/div>\n\t\t\t\t<\/div>\n\t\t\t\t<div class=\"elementor-element elementor-element-e5af63b elementor-widget elementor-widget-text-editor\" data-id=\"e5af63b\" data-element_type=\"widget\" data-e-type=\"widget\" data-widget_type=\"text-editor.default\">\n\t\t\t\t<div class=\"elementor-widget-container\">\n\t\t\t\t\t\t\t\t\t<div class=\"wpb_text_column wpb_content_element \"><div class=\"wpb_wrapper\"><p style=\"text-align: justify;\"><span style=\"font-size: 14pt;\">El Consejo Estatal contra las Adicciones cuenta con 6 Unidades de Atenci\u00f3n primaria en Adicciones (CAPAS) donde hay psic\u00f3logos especialistas en la atenci\u00f3n de este tipo de problem\u00e1tica donde tendr\u00e1s la certeza que tu familiar ser\u00e1 bien atendido y donde t\u00fa tambi\u00e9n podr\u00e1s recibir atenci\u00f3n y orientaci\u00f3n para que puedas sobrellevar mejor el proceso.<\/span><\/p><\/div><\/div>\t\t\t\t\t\t\t\t<\/div>\n\t\t\t\t<\/div>\n\t\t\t\t<div class=\"elementor-element elementor-element-a96f4a7 elementor-widget elementor-widget-spacer\" data-id=\"a96f4a7\" data-element_type=\"widget\" data-e-type=\"widget\" data-widget_type=\"spacer.default\">\n\t\t\t\t<div class=\"elementor-widget-container\">\n\t\t\t\t\t\t\t<div class=\"elementor-spacer\">\n\t\t\t<div class=\"elementor-spacer-inner\"><\/div>\n\t\t<\/div>\n\t\t\t\t\t\t<\/div>\n\t\t\t\t<\/div>\n\t\t\t\t<div class=\"elementor-element elementor-element-b9946e7 elementor-widget elementor-widget-heading\" data-id=\"b9946e7\" data-element_type=\"widget\" data-e-type=\"widget\" data-widget_type=\"heading.default\">\n\t\t\t\t<div class=\"elementor-widget-container\">\n\t\t\t\t\t<h2 class=\"elementor-heading-title elementor-size-default\">Es importante la Uni\u00f3n familiar:<\/h2>\t\t\t\t<\/div>\n\t\t\t\t<\/div>\n\t\t\t\t<div class=\"elementor-element elementor-element-e815226 elementor-widget elementor-widget-text-editor\" data-id=\"e815226\" data-element_type=\"widget\" data-e-type=\"widget\" data-widget_type=\"text-editor.default\">\n\t\t\t\t<div class=\"elementor-widget-container\">\n\t\t\t\t\t\t\t\t\t<div class=\"wpb_text_column wpb_content_element \"><div class=\"wpb_wrapper\"><p>Recuerda que las adicciones no solo enferman a la persona que consume sustancias psicoactivas sino que tambi\u00e9n enferma a todo el n\u00facleo familiar, por ello es importante que se est\u00e9 al pendiente de todos los integrantes de la misma.<\/p><\/div><\/div>\t\t\t\t\t\t\t\t<\/div>\n\t\t\t\t<\/div>\n\t\t\t\t<div class=\"elementor-element elementor-element-ec9aab5 elementor-view-default elementor-widget elementor-widget-icon\" data-id=\"ec9aab5\" data-element_type=\"widget\" data-e-type=\"widget\" data-widget_type=\"icon.default\">\n\t\t\t\t<div class=\"elementor-widget-container\">\n\t\t\t\t\t\t\t<div class=\"elementor-icon-wrapper\">\n\t\t\t<div class=\"elementor-icon\">\n\t\t\t<i aria-hidden=\"true\" class=\"fas fa-child\"><\/i>\t\t\t<\/div>\n\t\t<\/div>\n\t\t\t\t\t\t<\/div>\n\t\t\t\t<\/div>\n\t\t\t\t\t<\/div>\n\t\t<\/div>\n\t\t\t\t<div class=\"elementor-column elementor-col-50 elementor-top-column elementor-element elementor-element-aae0d3a\" data-id=\"aae0d3a\" data-element_type=\"column\" data-e-type=\"column\">\n\t\t\t<div class=\"elementor-widget-wrap elementor-element-populated\">\n\t\t\t\t\t\t<div class=\"elementor-element elementor-element-235d9f4 elementor-widget elementor-widget-spacer\" data-id=\"235d9f4\" data-element_type=\"widget\" data-e-type=\"widget\" data-widget_type=\"spacer.default\">\n\t\t\t\t<div class=\"elementor-widget-container\">\n\t\t\t\t\t\t\t<div class=\"elementor-spacer\">\n\t\t\t<div class=\"elementor-spacer-inner\"><\/div>\n\t\t<\/div>\n\t\t\t\t\t\t<\/div>\n\t\t\t\t<\/div>\n\t\t\t\t<div class=\"elementor-element elementor-element-5435d25 elementor-widget elementor-widget-heading\" data-id=\"5435d25\" data-element_type=\"widget\" data-e-type=\"widget\" data-widget_type=\"heading.default\">\n\t\t\t\t<div class=\"elementor-widget-container\">\n\t\t\t\t\t<h2 class=\"elementor-heading-title elementor-size-default\">La atenci\u00f3n es ambulatoria:<\/h2>\t\t\t\t<\/div>\n\t\t\t\t<\/div>\n\t\t\t\t<div class=\"elementor-element elementor-element-7e9b5a2 elementor-view-default elementor-widget elementor-widget-icon\" data-id=\"7e9b5a2\" data-element_type=\"widget\" data-e-type=\"widget\" data-widget_type=\"icon.default\">\n\t\t\t\t<div class=\"elementor-widget-container\">\n\t\t\t\t\t\t\t<div class=\"elementor-icon-wrapper\">\n\t\t\t<div class=\"elementor-icon\">\n\t\t\t<i aria-hidden=\"true\" class=\"fas fa-walking\"><\/i>\t\t\t<\/div>\n\t\t<\/div>\n\t\t\t\t\t\t<\/div>\n\t\t\t\t<\/div>\n\t\t\t\t<div class=\"elementor-element elementor-element-0d24685 elementor-widget elementor-widget-text-editor\" data-id=\"0d24685\" data-element_type=\"widget\" data-e-type=\"widget\" data-widget_type=\"text-editor.default\">\n\t\t\t\t<div class=\"elementor-widget-container\">\n\t\t\t\t\t\t\t\t\t<div class=\"wpb_text_column wpb_content_element \"><div class=\"wpb_wrapper\"><div class=\"wpb_text_column wpb_content_element \"><div class=\"wpb_wrapper\"><p>Esto significa que acude a su terapia psicol\u00f3gica una vez por semana y se va a casa; No es un internamiento.<\/p><\/div><\/div><\/div><\/div>\t\t\t\t\t\t\t\t<\/div>\n\t\t\t\t<\/div>\n\t\t\t\t\t<\/div>\n\t\t<\/div>\n\t\t\t\t\t<\/div>\n\t\t<\/section>\n\t\t\t\t<\/div>\n\t\t","protected":false},"excerpt":{"rendered":"<p>1.- Mant\u00e9n la calma:\u2028Si bien es un proceso complicado y dif\u00edcil el descubrir que tu hijo (a) consume alguna sustancia psicoactiva (tabaco, alcohol, mariguana, coca\u00edna, etc.) que desencadena muchas emociones, si usted confronta a su hijo (a) enojado (a) sobre la problem\u00e1tica, m\u00e1s que ayudar puede perjudicar el proceso de.<\/p>\n","protected":false},"author":1,"featured_media":0,"parent":0,"menu_order":0,"comment_status":"closed","ping_status":"closed","template":"","meta":{"footnotes":""},"class_list":["post-3076","page","type-page","status-publish","hentry","no-post-thumbnail"],"yoast_head":"<!-- This site is optimized with the Yoast SEO plugin v27.3 - https:\/\/yoast.com\/product\/yoast-seo-wordpress\/ -->\n<title>\u00bfQue Hacer Si Mi Hij@ Consume Drogas? - CECA QUER\u00c9TARO<\/title>\n<meta name=\"robots\" content=\"index, follow, max-snippet:-1, max-image-preview:large, max-video-preview:-1\" \/>\n<link rel=\"canonical\" href=\"https:\/\/gobqro.gob.mx\/cecaqro\/que-hacer-si-mi-hij-consume-drogas\/\" \/>\n<meta property=\"og:locale\" content=\"es_MX\" \/>\n<meta property=\"og:type\" content=\"article\" \/>\n<meta property=\"og:title\" content=\"\u00bfQue Hacer Si Mi Hij@ Consume Drogas? - CECA QUER\u00c9TARO\" \/>\n<meta property=\"og:description\" content=\"1.- Mant\u00e9n la calma:\u2028Si bien es un proceso complicado y dif\u00edcil el descubrir que tu hijo (a) consume alguna sustancia psicoactiva (tabaco, alcohol, mariguana, coca\u00edna, etc.) que desencadena muchas emociones, si usted confronta a su hijo (a) enojado (a) sobre la problem\u00e1tica, m\u00e1s que ayudar puede perjudicar el proceso de.\" \/>\n<meta property=\"og:url\" content=\"https:\/\/gobqro.gob.mx\/cecaqro\/que-hacer-si-mi-hij-consume-drogas\/\" \/>\n<meta property=\"og:site_name\" content=\"CECA QUER\u00c9TARO\" \/>\n<meta property=\"article:modified_time\" content=\"2024-02-26T19:48:14+00:00\" \/>\n<meta property=\"og:image\" content=\"https:\/\/gobqro.gob.mx\/cecaqro\/wp-content\/uploads\/2021\/10\/drogasIlegales-1024x560.png\" \/>\n<meta name=\"twitter:card\" content=\"summary_large_image\" \/>\n<meta name=\"twitter:label1\" content=\"Tiempo de lectura\" \/>\n\t<meta name=\"twitter:data1\" content=\"2 minutos\" \/>\n<script type=\"application\/ld+json\" class=\"yoast-schema-graph\">{\"@context\":\"https:\\\/\\\/schema.org\",\"@graph\":[{\"@type\":\"WebPage\",\"@id\":\"https:\\\/\\\/gobqro.gob.mx\\\/cecaqro\\\/que-hacer-si-mi-hij-consume-drogas\\\/\",\"url\":\"https:\\\/\\\/gobqro.gob.mx\\\/cecaqro\\\/que-hacer-si-mi-hij-consume-drogas\\\/\",\"name\":\"\u00bfQue Hacer Si Mi Hij@ Consume Drogas? - CECA QUER\u00c9TARO\",\"isPartOf\":{\"@id\":\"https:\\\/\\\/gobqro.gob.mx\\\/cecaqro\\\/#website\"},\"primaryImageOfPage\":{\"@id\":\"https:\\\/\\\/gobqro.gob.mx\\\/cecaqro\\\/que-hacer-si-mi-hij-consume-drogas\\\/#primaryimage\"},\"image\":{\"@id\":\"https:\\\/\\\/gobqro.gob.mx\\\/cecaqro\\\/que-hacer-si-mi-hij-consume-drogas\\\/#primaryimage\"},\"thumbnailUrl\":\"https:\\\/\\\/gobqro.gob.mx\\\/cecaqro\\\/wp-content\\\/uploads\\\/2021\\\/10\\\/drogasIlegales-1024x560.png\",\"datePublished\":\"2021-10-27T22:38:16+00:00\",\"dateModified\":\"2024-02-26T19:48:14+00:00\",\"breadcrumb\":{\"@id\":\"https:\\\/\\\/gobqro.gob.mx\\\/cecaqro\\\/que-hacer-si-mi-hij-consume-drogas\\\/#breadcrumb\"},\"inLanguage\":\"es\",\"potentialAction\":[{\"@type\":\"ReadAction\",\"target\":[\"https:\\\/\\\/gobqro.gob.mx\\\/cecaqro\\\/que-hacer-si-mi-hij-consume-drogas\\\/\"]}]},{\"@type\":\"ImageObject\",\"inLanguage\":\"es\",\"@id\":\"https:\\\/\\\/gobqro.gob.mx\\\/cecaqro\\\/que-hacer-si-mi-hij-consume-drogas\\\/#primaryimage\",\"url\":\"https:\\\/\\\/gobqro.gob.mx\\\/cecaqro\\\/wp-content\\\/uploads\\\/2021\\\/10\\\/drogasIlegales.png\",\"contentUrl\":\"https:\\\/\\\/gobqro.gob.mx\\\/cecaqro\\\/wp-content\\\/uploads\\\/2021\\\/10\\\/drogasIlegales.png\",\"width\":1280,\"height\":700},{\"@type\":\"BreadcrumbList\",\"@id\":\"https:\\\/\\\/gobqro.gob.mx\\\/cecaqro\\\/que-hacer-si-mi-hij-consume-drogas\\\/#breadcrumb\",\"itemListElement\":[{\"@type\":\"ListItem\",\"position\":1,\"name\":\"Inicio\",\"item\":\"https:\\\/\\\/gobqro.gob.mx\\\/cecaqro\\\/\"},{\"@type\":\"ListItem\",\"position\":2,\"name\":\"\u00bfQue Hacer Si Mi Hij@ Consume Drogas?\"}]},{\"@type\":\"WebSite\",\"@id\":\"https:\\\/\\\/gobqro.gob.mx\\\/cecaqro\\\/#website\",\"url\":\"https:\\\/\\\/gobqro.gob.mx\\\/cecaqro\\\/\",\"name\":\"CECA QUER\u00c9TARO\",\"description\":\"Consejo Estatal Contra las Adicciones\",\"potentialAction\":[{\"@type\":\"SearchAction\",\"target\":{\"@type\":\"EntryPoint\",\"urlTemplate\":\"https:\\\/\\\/gobqro.gob.mx\\\/cecaqro\\\/?s={search_term_string}\"},\"query-input\":{\"@type\":\"PropertyValueSpecification\",\"valueRequired\":true,\"valueName\":\"search_term_string\"}}],\"inLanguage\":\"es\"}]}<\/script>\n<!-- \/ Yoast SEO plugin. -->","yoast_head_json":{"title":"\u00bfQue Hacer Si Mi Hij@ Consume Drogas? - CECA QUER\u00c9TARO","robots":{"index":"index","follow":"follow","max-snippet":"max-snippet:-1","max-image-preview":"max-image-preview:large","max-video-preview":"max-video-preview:-1"},"canonical":"https:\/\/gobqro.gob.mx\/cecaqro\/que-hacer-si-mi-hij-consume-drogas\/","og_locale":"es_MX","og_type":"article","og_title":"\u00bfQue Hacer Si Mi Hij@ Consume Drogas? - CECA QUER\u00c9TARO","og_description":"1.- Mant\u00e9n la calma:\u2028Si bien es un proceso complicado y dif\u00edcil el descubrir que tu hijo (a) consume alguna sustancia psicoactiva (tabaco, alcohol, mariguana, coca\u00edna, etc.) que desencadena muchas emociones, si usted confronta a su hijo (a) enojado (a) sobre la problem\u00e1tica, m\u00e1s que ayudar puede perjudicar el proceso de.","og_url":"https:\/\/gobqro.gob.mx\/cecaqro\/que-hacer-si-mi-hij-consume-drogas\/","og_site_name":"CECA QUER\u00c9TARO","article_modified_time":"2024-02-26T19:48:14+00:00","og_image":[{"url":"https:\/\/gobqro.gob.mx\/cecaqro\/wp-content\/uploads\/2021\/10\/drogasIlegales-1024x560.png","type":"","width":"","height":""}],"twitter_card":"summary_large_image","twitter_misc":{"Tiempo de lectura":"2 minutos"},"schema":{"@context":"https:\/\/schema.org","@graph":[{"@type":"WebPage","@id":"https:\/\/gobqro.gob.mx\/cecaqro\/que-hacer-si-mi-hij-consume-drogas\/","url":"https:\/\/gobqro.gob.mx\/cecaqro\/que-hacer-si-mi-hij-consume-drogas\/","name":"\u00bfQue Hacer Si Mi Hij@ Consume Drogas? - CECA QUER\u00c9TARO","isPartOf":{"@id":"https:\/\/gobqro.gob.mx\/cecaqro\/#website"},"primaryImageOfPage":{"@id":"https:\/\/gobqro.gob.mx\/cecaqro\/que-hacer-si-mi-hij-consume-drogas\/#primaryimage"},"image":{"@id":"https:\/\/gobqro.gob.mx\/cecaqro\/que-hacer-si-mi-hij-consume-drogas\/#primaryimage"},"thumbnailUrl":"https:\/\/gobqro.gob.mx\/cecaqro\/wp-content\/uploads\/2021\/10\/drogasIlegales-1024x560.png","datePublished":"2021-10-27T22:38:16+00:00","dateModified":"2024-02-26T19:48:14+00:00","breadcrumb":{"@id":"https:\/\/gobqro.gob.mx\/cecaqro\/que-hacer-si-mi-hij-consume-drogas\/#breadcrumb"},"inLanguage":"es","potentialAction":[{"@type":"ReadAction","target":["https:\/\/gobqro.gob.mx\/cecaqro\/que-hacer-si-mi-hij-consume-drogas\/"]}]},{"@type":"ImageObject","inLanguage":"es","@id":"https:\/\/gobqro.gob.mx\/cecaqro\/que-hacer-si-mi-hij-consume-drogas\/#primaryimage","url":"https:\/\/gobqro.gob.mx\/cecaqro\/wp-content\/uploads\/2021\/10\/drogasIlegales.png","contentUrl":"https:\/\/gobqro.gob.mx\/cecaqro\/wp-content\/uploads\/2021\/10\/drogasIlegales.png","width":1280,"height":700},{"@type":"BreadcrumbList","@id":"https:\/\/gobqro.gob.mx\/cecaqro\/que-hacer-si-mi-hij-consume-drogas\/#breadcrumb","itemListElement":[{"@type":"ListItem","position":1,"name":"Inicio","item":"https:\/\/gobqro.gob.mx\/cecaqro\/"},{"@type":"ListItem","position":2,"name":"\u00bfQue Hacer Si Mi Hij@ Consume Drogas?"}]},{"@type":"WebSite","@id":"https:\/\/gobqro.gob.mx\/cecaqro\/#website","url":"https:\/\/gobqro.gob.mx\/cecaqro\/","name":"CECA QUER\u00c9TARO","description":"Consejo Estatal Contra las Adicciones","potentialAction":[{"@type":"SearchAction","target":{"@type":"EntryPoint","urlTemplate":"https:\/\/gobqro.gob.mx\/cecaqro\/?s={search_term_string}"},"query-input":{"@type":"PropertyValueSpecification","valueRequired":true,"valueName":"search_term_string"}}],"inLanguage":"es"}]}},"_links":{"self":[{"href":"https:\/\/gobqro.gob.mx\/cecaqro\/wp-json\/wp\/v2\/pages\/3076","targetHints":{"allow":["GET"]}}],"collection":[{"href":"https:\/\/gobqro.gob.mx\/cecaqro\/wp-json\/wp\/v2\/pages"}],"about":[{"href":"https:\/\/gobqro.gob.mx\/cecaqro\/wp-json\/wp\/v2\/types\/page"}],"author":[{"embeddable":true,"href":"https:\/\/gobqro.gob.mx\/cecaqro\/wp-json\/wp\/v2\/users\/1"}],"replies":[{"embeddable":true,"href":"https:\/\/gobqro.gob.mx\/cecaqro\/wp-json\/wp\/v2\/comments?post=3076"}],"version-history":[{"count":0,"href":"https:\/\/gobqro.gob.mx\/cecaqro\/wp-json\/wp\/v2\/pages\/3076\/revisions"}],"wp:attachment":[{"href":"https:\/\/gobqro.gob.mx\/cecaqro\/wp-json\/wp\/v2\/media?parent=3076"}],"curies":[{"name":"wp","href":"https:\/\/api.w.org\/{rel}","templated":true}]}}