{"id":3144,"date":"2021-11-03T23:27:39","date_gmt":"2021-11-03T23:27:39","guid":{"rendered":"https:\/\/gobqro.gob.mx\/cecaqro\/?page_id=3144"},"modified":"2026-05-07T15:42:10","modified_gmt":"2026-05-07T21:42:10","slug":"quienes-somos","status":"publish","type":"page","link":"https:\/\/gobqro.gob.mx\/cecaqro\/quienes-somos\/","title":{"rendered":"Qui\u00e9nes somos"},"content":{"rendered":"\t\t<div data-elementor-type=\"wp-page\" data-elementor-id=\"3144\" class=\"elementor elementor-3144\" data-elementor-settings=\"{&quot;ha_cmc_init_switcher&quot;:&quot;no&quot;}\">\n\t\t\t\t\t\t<section class=\"elementor-section elementor-top-section elementor-element elementor-element-45e75b72 elementor-section-boxed elementor-section-height-default elementor-section-height-default\" data-id=\"45e75b72\" data-element_type=\"section\" data-e-type=\"section\" data-settings=\"{&quot;_ha_eqh_enable&quot;:false}\">\n\t\t\t\t\t\t<div class=\"elementor-container elementor-column-gap-default\">\n\t\t\t\t\t<div class=\"elementor-column elementor-col-100 elementor-top-column elementor-element elementor-element-4ae6f687\" data-id=\"4ae6f687\" data-element_type=\"column\" data-e-type=\"column\">\n\t\t\t<div class=\"elementor-widget-wrap elementor-element-populated\">\n\t\t\t\t\t\t<div class=\"elementor-element elementor-element-0e5d010 elementor-widget elementor-widget-heading\" data-id=\"0e5d010\" data-element_type=\"widget\" data-e-type=\"widget\" data-widget_type=\"heading.default\">\n\t\t\t\t<div class=\"elementor-widget-container\">\n\t\t\t\t\t<h2 class=\"elementor-heading-title elementor-size-default\">\u00bfQui\u00e9nes somos?<\/h2>\t\t\t\t<\/div>\n\t\t\t\t<\/div>\n\t\t\t\t<section class=\"elementor-section elementor-inner-section elementor-element elementor-element-3c45474 elementor-section-boxed elementor-section-height-default elementor-section-height-default\" data-id=\"3c45474\" data-element_type=\"section\" data-e-type=\"section\" data-settings=\"{&quot;_ha_eqh_enable&quot;:false}\">\n\t\t\t\t\t\t<div class=\"elementor-container elementor-column-gap-default\">\n\t\t\t\t\t<div class=\"elementor-column elementor-col-50 elementor-inner-column elementor-element elementor-element-be9777c\" data-id=\"be9777c\" data-element_type=\"column\" data-e-type=\"column\">\n\t\t\t<div class=\"elementor-widget-wrap elementor-element-populated\">\n\t\t\t\t\t\t<div class=\"elementor-element elementor-element-1eee33c elementor-widget elementor-widget-text-editor\" data-id=\"1eee33c\" data-element_type=\"widget\" data-e-type=\"widget\" data-widget_type=\"text-editor.default\">\n\t\t\t\t<div class=\"elementor-widget-container\">\n\t\t\t\t\t\t\t\t\t<p style=\"text-align: justify;\"><strong><img fetchpriority=\"high\" decoding=\"async\" class=\"wp-image-2810 alignleft\" src=\"https:\/\/gobqro.gob.mx\/cecaqro\/wp-content\/uploads\/2021\/10\/somosBg.jpg\" alt=\"\" width=\"308\" height=\"180\" srcset=\"https:\/\/gobqro.gob.mx\/cecaqro\/wp-content\/uploads\/2021\/10\/somosBg.jpg 1200w, https:\/\/gobqro.gob.mx\/cecaqro\/wp-content\/uploads\/2021\/10\/somosBg-300x175.jpg 300w, https:\/\/gobqro.gob.mx\/cecaqro\/wp-content\/uploads\/2021\/10\/somosBg-1024x597.jpg 1024w, https:\/\/gobqro.gob.mx\/cecaqro\/wp-content\/uploads\/2021\/10\/somosBg-768x448.jpg 768w, https:\/\/gobqro.gob.mx\/cecaqro\/wp-content\/uploads\/2021\/10\/somosBg-566x330.jpg 566w, https:\/\/gobqro.gob.mx\/cecaqro\/wp-content\/uploads\/2021\/10\/somosBg-270x158.jpg 270w\" sizes=\"(max-width: 308px) 100vw, 308px\" \/>El Consejo Estatal contra las Adicciones<\/strong> se constituye como un \u00f3rgano desconcentrado de la Secretar\u00eda de Salud, que tiene por objetivo promover y apoyar las acciones de los sectores p\u00fablico, social y privado, tendientes a la prevenci\u00f3n y combate del alcoholismo, el tabaquismo, la farmacodependencia, y dem\u00e1s adicciones.<\/p><p class=\"dropcaps\" style=\"text-align: justify;\"><strong>El CECA<\/strong> apoya a las personas, que tienen o conocen a alguien, que padece un problema de <strong>adicci\u00f3n al alcohol, tabaco y drogas ilegales<\/strong>, brindando atenci\u00f3n psicol\u00f3gica, consejer\u00eda en adicciones, intervenci\u00f3n psicol\u00f3gica breve en adicciones y canalizaci\u00f3n a tratamientos de internaci\u00f3n en establecimientos especializados para la rehabilitaci\u00f3n de adicciones que cuentan con <strong>Reconocimiento de la Comisi\u00f3n Nacional Contra las Adicciones<\/strong>.<\/p><div class=\"vc_row wpb_row vc_row-fluid\"><div class=\"wpb_column vc_column_container vc_col-sm-12\"><div class=\"vc_column-inner\"><div class=\"wpb_wrapper\"><div class=\"wpb_text_column wpb_content_element \"><div class=\"wpb_wrapper\">\u00a0<\/div><\/div><\/div><\/div><\/div><\/div><div class=\"vc_row wpb_row vc_row-fluid\"><div class=\"wpb_column vc_column_container vc_col-sm-12\"><div class=\"vc_column-inner\"><div class=\"wpb_wrapper\"><div class=\"wpb_text_column wpb_content_element \"><div class=\"wpb_wrapper\"><p class=\"big\">\u00a0<\/p><\/div><\/div><\/div><\/div><\/div><\/div>\t\t\t\t\t\t\t\t<\/div>\n\t\t\t\t<\/div>\n\t\t\t\t\t<\/div>\n\t\t<\/div>\n\t\t\t\t<div class=\"elementor-column elementor-col-50 elementor-inner-column elementor-element elementor-element-5ceb5bd\" data-id=\"5ceb5bd\" data-element_type=\"column\" data-e-type=\"column\">\n\t\t\t<div class=\"elementor-widget-wrap elementor-element-populated\">\n\t\t\t\t\t\t<div class=\"elementor-element elementor-element-5646f22 elementor-position-top elementor-widget elementor-widget-image-box\" data-id=\"5646f22\" data-element_type=\"widget\" data-e-type=\"widget\" data-widget_type=\"image-box.default\">\n\t\t\t\t<div class=\"elementor-widget-container\">\n\t\t\t\t\t<div class=\"elementor-image-box-wrapper\"><figure class=\"elementor-image-box-img\"><img decoding=\"async\" width=\"1024\" height=\"1280\" src=\"https:\/\/gobqro.gob.mx\/cecaqro\/wp-content\/uploads\/2026\/03\/SebastianGrnados.jpg\" class=\"attachment-full size-full wp-image-5776\" alt=\"\" srcset=\"https:\/\/gobqro.gob.mx\/cecaqro\/wp-content\/uploads\/2026\/03\/SebastianGrnados.jpg 1024w, https:\/\/gobqro.gob.mx\/cecaqro\/wp-content\/uploads\/2026\/03\/SebastianGrnados-240x300.jpg 240w, https:\/\/gobqro.gob.mx\/cecaqro\/wp-content\/uploads\/2026\/03\/SebastianGrnados-819x1024.jpg 819w, https:\/\/gobqro.gob.mx\/cecaqro\/wp-content\/uploads\/2026\/03\/SebastianGrnados-768x960.jpg 768w\" sizes=\"(max-width: 1024px) 100vw, 1024px\" \/><\/figure><div class=\"elementor-image-box-content\"><h3 class=\"elementor-image-box-title\">Sebastian Granados Ponce<\/h3><p class=\"elementor-image-box-description\">Comisionado del Consejo Estatal Contra las Adicciones<\/p><\/div><\/div>\t\t\t\t<\/div>\n\t\t\t\t<\/div>\n\t\t\t\t<div class=\"elementor-element elementor-element-63db303 elementor-align-center elementor-widget elementor-widget-button\" data-id=\"63db303\" data-element_type=\"widget\" data-e-type=\"widget\" data-widget_type=\"button.default\">\n\t\t\t\t<div class=\"elementor-widget-container\">\n\t\t\t\t\t\t\t\t\t<div class=\"elementor-button-wrapper\">\n\t\t\t\t\t<a class=\"elementor-button elementor-button-link elementor-size-sm\" href=\"https:\/\/gobqro.gob.mx\/cecaqro\/wp-content\/uploads\/2026\/03\/CV-Sebastian-Granados-Ponce.pdf\" target=\"_blank\">\n\t\t\t\t\t\t<span class=\"elementor-button-content-wrapper\">\n\t\t\t\t\t\t\t\t\t<span class=\"elementor-button-text\">CURRICULUM<\/span>\n\t\t\t\t\t<\/span>\n\t\t\t\t\t<\/a>\n\t\t\t\t<\/div>\n\t\t\t\t\t\t\t\t<\/div>\n\t\t\t\t<\/div>\n\t\t\t\t\t<\/div>\n\t\t<\/div>\n\t\t\t\t\t<\/div>\n\t\t<\/section>\n\t\t\t\t\t<\/div>\n\t\t<\/div>\n\t\t\t\t\t<\/div>\n\t\t<\/section>\n\t\t\t\t<\/div>\n\t\t","protected":false},"excerpt":{"rendered":"<p>\u00bfQui\u00e9nes somos? El Consejo Estatal contra las Adicciones se constituye como un \u00f3rgano desconcentrado de la Secretar\u00eda de Salud, que tiene por objetivo promover y apoyar las acciones de los sectores p\u00fablico, social y privado, tendientes a la prevenci\u00f3n y combate del alcoholismo, el tabaquismo, la farmacodependencia, y dem\u00e1s adicciones..<\/p>\n","protected":false},"author":1,"featured_media":0,"parent":0,"menu_order":0,"comment_status":"closed","ping_status":"closed","template":"","meta":{"footnotes":""},"class_list":["post-3144","page","type-page","status-publish","hentry","no-post-thumbnail"],"yoast_head":"<!-- This site is optimized with the Yoast SEO plugin v27.6 - https:\/\/yoast.com\/product\/yoast-seo-wordpress\/ -->\n<title>Qui\u00e9nes somos - CECA QUER\u00c9TARO<\/title>\n<meta name=\"robots\" content=\"index, follow, max-snippet:-1, max-image-preview:large, max-video-preview:-1\" \/>\n<link rel=\"canonical\" href=\"https:\/\/gobqro.gob.mx\/cecaqro\/quienes-somos\/\" \/>\n<meta property=\"og:locale\" content=\"es_MX\" \/>\n<meta property=\"og:type\" content=\"article\" \/>\n<meta property=\"og:title\" content=\"Qui\u00e9nes somos - CECA QUER\u00c9TARO\" \/>\n<meta property=\"og:description\" content=\"\u00bfQui\u00e9nes somos? El Consejo Estatal contra las Adicciones se constituye como un \u00f3rgano desconcentrado de la Secretar\u00eda de Salud, que tiene por objetivo promover y apoyar las acciones de los sectores p\u00fablico, social y privado, tendientes a la prevenci\u00f3n y combate del alcoholismo, el tabaquismo, la farmacodependencia, y dem\u00e1s adicciones..\" \/>\n<meta property=\"og:url\" content=\"https:\/\/gobqro.gob.mx\/cecaqro\/quienes-somos\/\" \/>\n<meta property=\"og:site_name\" content=\"CECA QUER\u00c9TARO\" \/>\n<meta property=\"article:modified_time\" content=\"2026-05-07T21:42:10+00:00\" \/>\n<meta property=\"og:image\" content=\"https:\/\/gobqro.gob.mx\/cecaqro\/wp-content\/uploads\/2021\/10\/somosBg.jpg\" \/>\n\t<meta property=\"og:image:width\" content=\"1200\" \/>\n\t<meta property=\"og:image:height\" content=\"700\" \/>\n\t<meta property=\"og:image:type\" content=\"image\/jpeg\" \/>\n<meta name=\"twitter:card\" content=\"summary_large_image\" \/>\n<meta name=\"twitter:label1\" content=\"Tiempo de lectura\" \/>\n\t<meta name=\"twitter:data1\" content=\"1 minuto\" \/>\n<script type=\"application\/ld+json\" class=\"yoast-schema-graph\">{\"@context\":\"https:\\\/\\\/schema.org\",\"@graph\":[{\"@type\":\"WebPage\",\"@id\":\"https:\\\/\\\/gobqro.gob.mx\\\/cecaqro\\\/quienes-somos\\\/\",\"url\":\"https:\\\/\\\/gobqro.gob.mx\\\/cecaqro\\\/quienes-somos\\\/\",\"name\":\"Qui\u00e9nes somos - CECA QUER\u00c9TARO\",\"isPartOf\":{\"@id\":\"https:\\\/\\\/gobqro.gob.mx\\\/cecaqro\\\/#website\"},\"primaryImageOfPage\":{\"@id\":\"https:\\\/\\\/gobqro.gob.mx\\\/cecaqro\\\/quienes-somos\\\/#primaryimage\"},\"image\":{\"@id\":\"https:\\\/\\\/gobqro.gob.mx\\\/cecaqro\\\/quienes-somos\\\/#primaryimage\"},\"thumbnailUrl\":\"https:\\\/\\\/gobqro.gob.mx\\\/cecaqro\\\/wp-content\\\/uploads\\\/2021\\\/10\\\/somosBg.jpg\",\"datePublished\":\"2021-11-03T23:27:39+00:00\",\"dateModified\":\"2026-05-07T21:42:10+00:00\",\"breadcrumb\":{\"@id\":\"https:\\\/\\\/gobqro.gob.mx\\\/cecaqro\\\/quienes-somos\\\/#breadcrumb\"},\"inLanguage\":\"es\",\"potentialAction\":[{\"@type\":\"ReadAction\",\"target\":[\"https:\\\/\\\/gobqro.gob.mx\\\/cecaqro\\\/quienes-somos\\\/\"]}]},{\"@type\":\"ImageObject\",\"inLanguage\":\"es\",\"@id\":\"https:\\\/\\\/gobqro.gob.mx\\\/cecaqro\\\/quienes-somos\\\/#primaryimage\",\"url\":\"https:\\\/\\\/gobqro.gob.mx\\\/cecaqro\\\/wp-content\\\/uploads\\\/2021\\\/10\\\/somosBg.jpg\",\"contentUrl\":\"https:\\\/\\\/gobqro.gob.mx\\\/cecaqro\\\/wp-content\\\/uploads\\\/2021\\\/10\\\/somosBg.jpg\",\"width\":1200,\"height\":700},{\"@type\":\"BreadcrumbList\",\"@id\":\"https:\\\/\\\/gobqro.gob.mx\\\/cecaqro\\\/quienes-somos\\\/#breadcrumb\",\"itemListElement\":[{\"@type\":\"ListItem\",\"position\":1,\"name\":\"Inicio\",\"item\":\"https:\\\/\\\/gobqro.gob.mx\\\/cecaqro\\\/\"},{\"@type\":\"ListItem\",\"position\":2,\"name\":\"Qui\u00e9nes somos\"}]},{\"@type\":\"WebSite\",\"@id\":\"https:\\\/\\\/gobqro.gob.mx\\\/cecaqro\\\/#website\",\"url\":\"https:\\\/\\\/gobqro.gob.mx\\\/cecaqro\\\/\",\"name\":\"CECA QUER\u00c9TARO\",\"description\":\"Consejo Estatal Contra las Adicciones\",\"potentialAction\":[{\"@type\":\"SearchAction\",\"target\":{\"@type\":\"EntryPoint\",\"urlTemplate\":\"https:\\\/\\\/gobqro.gob.mx\\\/cecaqro\\\/?s={search_term_string}\"},\"query-input\":{\"@type\":\"PropertyValueSpecification\",\"valueRequired\":true,\"valueName\":\"search_term_string\"}}],\"inLanguage\":\"es\"}]}<\/script>\n<!-- \/ Yoast SEO plugin. -->","yoast_head_json":{"title":"Qui\u00e9nes somos - CECA QUER\u00c9TARO","robots":{"index":"index","follow":"follow","max-snippet":"max-snippet:-1","max-image-preview":"max-image-preview:large","max-video-preview":"max-video-preview:-1"},"canonical":"https:\/\/gobqro.gob.mx\/cecaqro\/quienes-somos\/","og_locale":"es_MX","og_type":"article","og_title":"Qui\u00e9nes somos - CECA QUER\u00c9TARO","og_description":"\u00bfQui\u00e9nes somos? El Consejo Estatal contra las Adicciones se constituye como un \u00f3rgano desconcentrado de la Secretar\u00eda de Salud, que tiene por objetivo promover y apoyar las acciones de los sectores p\u00fablico, social y privado, tendientes a la prevenci\u00f3n y combate del alcoholismo, el tabaquismo, la farmacodependencia, y dem\u00e1s adicciones..","og_url":"https:\/\/gobqro.gob.mx\/cecaqro\/quienes-somos\/","og_site_name":"CECA QUER\u00c9TARO","article_modified_time":"2026-05-07T21:42:10+00:00","og_image":[{"width":1200,"height":700,"url":"https:\/\/gobqro.gob.mx\/cecaqro\/wp-content\/uploads\/2021\/10\/somosBg.jpg","type":"image\/jpeg"}],"twitter_card":"summary_large_image","twitter_misc":{"Tiempo de lectura":"1 minuto"},"schema":{"@context":"https:\/\/schema.org","@graph":[{"@type":"WebPage","@id":"https:\/\/gobqro.gob.mx\/cecaqro\/quienes-somos\/","url":"https:\/\/gobqro.gob.mx\/cecaqro\/quienes-somos\/","name":"Qui\u00e9nes somos - CECA QUER\u00c9TARO","isPartOf":{"@id":"https:\/\/gobqro.gob.mx\/cecaqro\/#website"},"primaryImageOfPage":{"@id":"https:\/\/gobqro.gob.mx\/cecaqro\/quienes-somos\/#primaryimage"},"image":{"@id":"https:\/\/gobqro.gob.mx\/cecaqro\/quienes-somos\/#primaryimage"},"thumbnailUrl":"https:\/\/gobqro.gob.mx\/cecaqro\/wp-content\/uploads\/2021\/10\/somosBg.jpg","datePublished":"2021-11-03T23:27:39+00:00","dateModified":"2026-05-07T21:42:10+00:00","breadcrumb":{"@id":"https:\/\/gobqro.gob.mx\/cecaqro\/quienes-somos\/#breadcrumb"},"inLanguage":"es","potentialAction":[{"@type":"ReadAction","target":["https:\/\/gobqro.gob.mx\/cecaqro\/quienes-somos\/"]}]},{"@type":"ImageObject","inLanguage":"es","@id":"https:\/\/gobqro.gob.mx\/cecaqro\/quienes-somos\/#primaryimage","url":"https:\/\/gobqro.gob.mx\/cecaqro\/wp-content\/uploads\/2021\/10\/somosBg.jpg","contentUrl":"https:\/\/gobqro.gob.mx\/cecaqro\/wp-content\/uploads\/2021\/10\/somosBg.jpg","width":1200,"height":700},{"@type":"BreadcrumbList","@id":"https:\/\/gobqro.gob.mx\/cecaqro\/quienes-somos\/#breadcrumb","itemListElement":[{"@type":"ListItem","position":1,"name":"Inicio","item":"https:\/\/gobqro.gob.mx\/cecaqro\/"},{"@type":"ListItem","position":2,"name":"Qui\u00e9nes somos"}]},{"@type":"WebSite","@id":"https:\/\/gobqro.gob.mx\/cecaqro\/#website","url":"https:\/\/gobqro.gob.mx\/cecaqro\/","name":"CECA QUER\u00c9TARO","description":"Consejo Estatal Contra las Adicciones","potentialAction":[{"@type":"SearchAction","target":{"@type":"EntryPoint","urlTemplate":"https:\/\/gobqro.gob.mx\/cecaqro\/?s={search_term_string}"},"query-input":{"@type":"PropertyValueSpecification","valueRequired":true,"valueName":"search_term_string"}}],"inLanguage":"es"}]}},"_links":{"self":[{"href":"https:\/\/gobqro.gob.mx\/cecaqro\/wp-json\/wp\/v2\/pages\/3144","targetHints":{"allow":["GET"]}}],"collection":[{"href":"https:\/\/gobqro.gob.mx\/cecaqro\/wp-json\/wp\/v2\/pages"}],"about":[{"href":"https:\/\/gobqro.gob.mx\/cecaqro\/wp-json\/wp\/v2\/types\/page"}],"author":[{"embeddable":true,"href":"https:\/\/gobqro.gob.mx\/cecaqro\/wp-json\/wp\/v2\/users\/1"}],"replies":[{"embeddable":true,"href":"https:\/\/gobqro.gob.mx\/cecaqro\/wp-json\/wp\/v2\/comments?post=3144"}],"version-history":[{"count":0,"href":"https:\/\/gobqro.gob.mx\/cecaqro\/wp-json\/wp\/v2\/pages\/3144\/revisions"}],"wp:attachment":[{"href":"https:\/\/gobqro.gob.mx\/cecaqro\/wp-json\/wp\/v2\/media?parent=3144"}],"curies":[{"name":"wp","href":"https:\/\/api.w.org\/{rel}","templated":true}]}}