{"id":5601,"date":"2025-06-16T15:04:40","date_gmt":"2025-06-16T21:04:40","guid":{"rendered":"https:\/\/gobqro.gob.mx\/cecaqro\/?page_id=5601"},"modified":"2025-06-17T11:05:54","modified_gmt":"2025-06-17T17:05:54","slug":"carrera-creoenmi","status":"publish","type":"page","link":"https:\/\/gobqro.gob.mx\/cecaqro\/carrera-creoenmi\/","title":{"rendered":"Carrera Creo en m\u00ed"},"content":{"rendered":"\t\t<div data-elementor-type=\"wp-page\" data-elementor-id=\"5601\" class=\"elementor elementor-5601\" data-elementor-settings=\"{&quot;ha_cmc_init_switcher&quot;:&quot;no&quot;}\">\n\t\t\t\t\t\t<section class=\"elementor-section elementor-top-section elementor-element elementor-element-8bd6359 elementor-section-boxed elementor-section-height-default elementor-section-height-default\" data-id=\"8bd6359\" data-element_type=\"section\" data-e-type=\"section\" data-settings=\"{&quot;_ha_eqh_enable&quot;:false}\">\n\t\t\t\t\t\t<div class=\"elementor-container elementor-column-gap-default\">\n\t\t\t\t\t<div class=\"elementor-column elementor-col-100 elementor-top-column elementor-element elementor-element-2b792e2\" data-id=\"2b792e2\" data-element_type=\"column\" data-e-type=\"column\">\n\t\t\t<div class=\"elementor-widget-wrap elementor-element-populated\">\n\t\t\t\t\t\t<div class=\"elementor-element elementor-element-fbff1b8 elementor-widget elementor-widget-image\" data-id=\"fbff1b8\" data-element_type=\"widget\" data-e-type=\"widget\" data-widget_type=\"image.default\">\n\t\t\t\t<div class=\"elementor-widget-container\">\n\t\t\t\t\t\t\t\t\t\t\t\t\t\t\t<img fetchpriority=\"high\" decoding=\"async\" width=\"2048\" height=\"2560\" src=\"https:\/\/gobqro.gob.mx\/cecaqro\/wp-content\/uploads\/2025\/06\/carrera-creoenmi-scaled.png\" class=\"attachment-full size-full wp-image-5602\" alt=\"\" srcset=\"https:\/\/gobqro.gob.mx\/cecaqro\/wp-content\/uploads\/2025\/06\/carrera-creoenmi-scaled.png 2048w, https:\/\/gobqro.gob.mx\/cecaqro\/wp-content\/uploads\/2025\/06\/carrera-creoenmi-240x300.png 240w, https:\/\/gobqro.gob.mx\/cecaqro\/wp-content\/uploads\/2025\/06\/carrera-creoenmi-819x1024.png 819w, https:\/\/gobqro.gob.mx\/cecaqro\/wp-content\/uploads\/2025\/06\/carrera-creoenmi-768x960.png 768w\" sizes=\"(max-width: 2048px) 100vw, 2048px\" \/>\t\t\t\t\t\t\t\t\t\t\t\t\t\t\t<\/div>\n\t\t\t\t<\/div>\n\t\t\t\t<div class=\"elementor-element elementor-element-db7af4f elementor-button-info elementor-align-center elementor-widget elementor-widget-button\" data-id=\"db7af4f\" data-element_type=\"widget\" data-e-type=\"widget\" data-widget_type=\"button.default\">\n\t\t\t\t<div class=\"elementor-widget-container\">\n\t\t\t\t\t\t\t\t\t<div class=\"elementor-button-wrapper\">\n\t\t\t\t\t<a class=\"elementor-button elementor-button-link elementor-size-sm\" href=\"https:\/\/docs.google.com\/forms\/d\/e\/1FAIpQLSfDyddsJmkG04OtT0HuRG_1IBTb-L9z50OGlyQihMVXdAFDhw\/viewform\">\n\t\t\t\t\t\t<span class=\"elementor-button-content-wrapper\">\n\t\t\t\t\t\t\t\t\t<span class=\"elementor-button-text\">REG\u00cdSTRATE AQU\u00cd<\/span>\n\t\t\t\t\t<\/span>\n\t\t\t\t\t<\/a>\n\t\t\t\t<\/div>\n\t\t\t\t\t\t\t\t<\/div>\n\t\t\t\t<\/div>\n\t\t\t\t\t<\/div>\n\t\t<\/div>\n\t\t\t\t\t<\/div>\n\t\t<\/section>\n\t\t\t\t<\/div>\n\t\t","protected":false},"excerpt":{"rendered":"<p>REG\u00cdSTRATE AQU\u00cd<\/p>\n","protected":false},"author":1,"featured_media":0,"parent":0,"menu_order":0,"comment_status":"closed","ping_status":"closed","template":"","meta":{"footnotes":""},"class_list":["post-5601","page","type-page","status-publish","hentry","no-post-thumbnail"],"yoast_head":"<!-- This site is optimized with the Yoast SEO plugin v27.3 - https:\/\/yoast.com\/product\/yoast-seo-wordpress\/ -->\n<title>Carrera Creo en m\u00ed - CECA QUER\u00c9TARO<\/title>\n<meta name=\"robots\" content=\"index, follow, max-snippet:-1, max-image-preview:large, max-video-preview:-1\" \/>\n<link rel=\"canonical\" href=\"https:\/\/gobqro.gob.mx\/cecaqro\/carrera-creoenmi\/\" \/>\n<meta property=\"og:locale\" content=\"es_MX\" \/>\n<meta property=\"og:type\" content=\"article\" \/>\n<meta property=\"og:title\" content=\"Carrera Creo en m\u00ed - CECA QUER\u00c9TARO\" \/>\n<meta property=\"og:description\" content=\"REG\u00cdSTRATE AQU\u00cd\" \/>\n<meta property=\"og:url\" content=\"https:\/\/gobqro.gob.mx\/cecaqro\/carrera-creoenmi\/\" \/>\n<meta property=\"og:site_name\" content=\"CECA QUER\u00c9TARO\" \/>\n<meta property=\"article:modified_time\" content=\"2025-06-17T17:05:54+00:00\" \/>\n<meta property=\"og:image\" content=\"https:\/\/gobqro.gob.mx\/cecaqro\/wp-content\/uploads\/2025\/06\/carrera-creoenmi-scaled.png\" \/>\n<meta name=\"twitter:card\" content=\"summary_large_image\" \/>\n<meta name=\"twitter:label1\" content=\"Tiempo de lectura\" \/>\n\t<meta name=\"twitter:data1\" content=\"1 minuto\" \/>\n<script type=\"application\/ld+json\" class=\"yoast-schema-graph\">{\"@context\":\"https:\\\/\\\/schema.org\",\"@graph\":[{\"@type\":\"WebPage\",\"@id\":\"https:\\\/\\\/gobqro.gob.mx\\\/cecaqro\\\/carrera-creoenmi\\\/\",\"url\":\"https:\\\/\\\/gobqro.gob.mx\\\/cecaqro\\\/carrera-creoenmi\\\/\",\"name\":\"Carrera Creo en m\u00ed - CECA QUER\u00c9TARO\",\"isPartOf\":{\"@id\":\"https:\\\/\\\/gobqro.gob.mx\\\/cecaqro\\\/#website\"},\"primaryImageOfPage\":{\"@id\":\"https:\\\/\\\/gobqro.gob.mx\\\/cecaqro\\\/carrera-creoenmi\\\/#primaryimage\"},\"image\":{\"@id\":\"https:\\\/\\\/gobqro.gob.mx\\\/cecaqro\\\/carrera-creoenmi\\\/#primaryimage\"},\"thumbnailUrl\":\"https:\\\/\\\/gobqro.gob.mx\\\/cecaqro\\\/wp-content\\\/uploads\\\/2025\\\/06\\\/carrera-creoenmi-scaled.png\",\"datePublished\":\"2025-06-16T21:04:40+00:00\",\"dateModified\":\"2025-06-17T17:05:54+00:00\",\"breadcrumb\":{\"@id\":\"https:\\\/\\\/gobqro.gob.mx\\\/cecaqro\\\/carrera-creoenmi\\\/#breadcrumb\"},\"inLanguage\":\"es\",\"potentialAction\":[{\"@type\":\"ReadAction\",\"target\":[\"https:\\\/\\\/gobqro.gob.mx\\\/cecaqro\\\/carrera-creoenmi\\\/\"]}]},{\"@type\":\"ImageObject\",\"inLanguage\":\"es\",\"@id\":\"https:\\\/\\\/gobqro.gob.mx\\\/cecaqro\\\/carrera-creoenmi\\\/#primaryimage\",\"url\":\"https:\\\/\\\/gobqro.gob.mx\\\/cecaqro\\\/wp-content\\\/uploads\\\/2025\\\/06\\\/carrera-creoenmi-scaled.png\",\"contentUrl\":\"https:\\\/\\\/gobqro.gob.mx\\\/cecaqro\\\/wp-content\\\/uploads\\\/2025\\\/06\\\/carrera-creoenmi-scaled.png\",\"width\":2048,\"height\":2560},{\"@type\":\"BreadcrumbList\",\"@id\":\"https:\\\/\\\/gobqro.gob.mx\\\/cecaqro\\\/carrera-creoenmi\\\/#breadcrumb\",\"itemListElement\":[{\"@type\":\"ListItem\",\"position\":1,\"name\":\"Inicio\",\"item\":\"https:\\\/\\\/gobqro.gob.mx\\\/cecaqro\\\/\"},{\"@type\":\"ListItem\",\"position\":2,\"name\":\"Carrera Creo en m\u00ed\"}]},{\"@type\":\"WebSite\",\"@id\":\"https:\\\/\\\/gobqro.gob.mx\\\/cecaqro\\\/#website\",\"url\":\"https:\\\/\\\/gobqro.gob.mx\\\/cecaqro\\\/\",\"name\":\"CECA QUER\u00c9TARO\",\"description\":\"Consejo Estatal Contra las Adicciones\",\"potentialAction\":[{\"@type\":\"SearchAction\",\"target\":{\"@type\":\"EntryPoint\",\"urlTemplate\":\"https:\\\/\\\/gobqro.gob.mx\\\/cecaqro\\\/?s={search_term_string}\"},\"query-input\":{\"@type\":\"PropertyValueSpecification\",\"valueRequired\":true,\"valueName\":\"search_term_string\"}}],\"inLanguage\":\"es\"}]}<\/script>\n<!-- \/ Yoast SEO plugin. -->","yoast_head_json":{"title":"Carrera Creo en m\u00ed - CECA QUER\u00c9TARO","robots":{"index":"index","follow":"follow","max-snippet":"max-snippet:-1","max-image-preview":"max-image-preview:large","max-video-preview":"max-video-preview:-1"},"canonical":"https:\/\/gobqro.gob.mx\/cecaqro\/carrera-creoenmi\/","og_locale":"es_MX","og_type":"article","og_title":"Carrera Creo en m\u00ed - CECA QUER\u00c9TARO","og_description":"REG\u00cdSTRATE AQU\u00cd","og_url":"https:\/\/gobqro.gob.mx\/cecaqro\/carrera-creoenmi\/","og_site_name":"CECA QUER\u00c9TARO","article_modified_time":"2025-06-17T17:05:54+00:00","og_image":[{"url":"https:\/\/gobqro.gob.mx\/cecaqro\/wp-content\/uploads\/2025\/06\/carrera-creoenmi-scaled.png","type":"","width":"","height":""}],"twitter_card":"summary_large_image","twitter_misc":{"Tiempo de lectura":"1 minuto"},"schema":{"@context":"https:\/\/schema.org","@graph":[{"@type":"WebPage","@id":"https:\/\/gobqro.gob.mx\/cecaqro\/carrera-creoenmi\/","url":"https:\/\/gobqro.gob.mx\/cecaqro\/carrera-creoenmi\/","name":"Carrera Creo en m\u00ed - CECA QUER\u00c9TARO","isPartOf":{"@id":"https:\/\/gobqro.gob.mx\/cecaqro\/#website"},"primaryImageOfPage":{"@id":"https:\/\/gobqro.gob.mx\/cecaqro\/carrera-creoenmi\/#primaryimage"},"image":{"@id":"https:\/\/gobqro.gob.mx\/cecaqro\/carrera-creoenmi\/#primaryimage"},"thumbnailUrl":"https:\/\/gobqro.gob.mx\/cecaqro\/wp-content\/uploads\/2025\/06\/carrera-creoenmi-scaled.png","datePublished":"2025-06-16T21:04:40+00:00","dateModified":"2025-06-17T17:05:54+00:00","breadcrumb":{"@id":"https:\/\/gobqro.gob.mx\/cecaqro\/carrera-creoenmi\/#breadcrumb"},"inLanguage":"es","potentialAction":[{"@type":"ReadAction","target":["https:\/\/gobqro.gob.mx\/cecaqro\/carrera-creoenmi\/"]}]},{"@type":"ImageObject","inLanguage":"es","@id":"https:\/\/gobqro.gob.mx\/cecaqro\/carrera-creoenmi\/#primaryimage","url":"https:\/\/gobqro.gob.mx\/cecaqro\/wp-content\/uploads\/2025\/06\/carrera-creoenmi-scaled.png","contentUrl":"https:\/\/gobqro.gob.mx\/cecaqro\/wp-content\/uploads\/2025\/06\/carrera-creoenmi-scaled.png","width":2048,"height":2560},{"@type":"BreadcrumbList","@id":"https:\/\/gobqro.gob.mx\/cecaqro\/carrera-creoenmi\/#breadcrumb","itemListElement":[{"@type":"ListItem","position":1,"name":"Inicio","item":"https:\/\/gobqro.gob.mx\/cecaqro\/"},{"@type":"ListItem","position":2,"name":"Carrera Creo en m\u00ed"}]},{"@type":"WebSite","@id":"https:\/\/gobqro.gob.mx\/cecaqro\/#website","url":"https:\/\/gobqro.gob.mx\/cecaqro\/","name":"CECA QUER\u00c9TARO","description":"Consejo Estatal Contra las Adicciones","potentialAction":[{"@type":"SearchAction","target":{"@type":"EntryPoint","urlTemplate":"https:\/\/gobqro.gob.mx\/cecaqro\/?s={search_term_string}"},"query-input":{"@type":"PropertyValueSpecification","valueRequired":true,"valueName":"search_term_string"}}],"inLanguage":"es"}]}},"_links":{"self":[{"href":"https:\/\/gobqro.gob.mx\/cecaqro\/wp-json\/wp\/v2\/pages\/5601","targetHints":{"allow":["GET"]}}],"collection":[{"href":"https:\/\/gobqro.gob.mx\/cecaqro\/wp-json\/wp\/v2\/pages"}],"about":[{"href":"https:\/\/gobqro.gob.mx\/cecaqro\/wp-json\/wp\/v2\/types\/page"}],"author":[{"embeddable":true,"href":"https:\/\/gobqro.gob.mx\/cecaqro\/wp-json\/wp\/v2\/users\/1"}],"replies":[{"embeddable":true,"href":"https:\/\/gobqro.gob.mx\/cecaqro\/wp-json\/wp\/v2\/comments?post=5601"}],"version-history":[{"count":0,"href":"https:\/\/gobqro.gob.mx\/cecaqro\/wp-json\/wp\/v2\/pages\/5601\/revisions"}],"wp:attachment":[{"href":"https:\/\/gobqro.gob.mx\/cecaqro\/wp-json\/wp\/v2\/media?parent=5601"}],"curies":[{"name":"wp","href":"https:\/\/api.w.org\/{rel}","templated":true}]}}