{"id":149,"date":"2019-11-04T07:33:45","date_gmt":"2019-11-04T07:33:45","guid":{"rendered":"https:\/\/gobqro.gob.mx\/coespo\/?page_id=149"},"modified":"2019-11-04T07:33:45","modified_gmt":"2019-11-04T07:33:45","slug":"about","status":"publish","type":"page","link":"https:\/\/gobqro.gob.mx\/coespo\/about\/","title":{"rendered":"About"},"content":{"rendered":"\t\t<div data-elementor-type=\"wp-page\" data-elementor-id=\"149\" class=\"elementor elementor-149\">\n\t\t\t\t\t\t<section class=\"elementor-section elementor-top-section elementor-element elementor-element-9b1e6b4 elementor-section-full_width elementor-section-height-default elementor-section-height-default\" data-id=\"9b1e6b4\" data-element_type=\"section\" data-settings=\"{&quot;background_background&quot;:&quot;classic&quot;}\">\n\t\t\t\t\t\t<div class=\"elementor-container elementor-column-gap-default\">\n\t\t\t\t\t<div class=\"elementor-column elementor-col-100 elementor-top-column elementor-element elementor-element-c9a3f60\" data-id=\"c9a3f60\" data-element_type=\"column\">\n\t\t\t<div class=\"elementor-widget-wrap elementor-element-populated\">\n\t\t\t\t\t\t<div class=\"elementor-element elementor-element-26ee870 elementor-widget elementor-widget-kata-plus-gap\" data-id=\"26ee870\" data-element_type=\"widget\" data-widget_type=\"kata-plus-gap.default\">\n\t\t\t\t<div class=\"elementor-widget-container\">\n\t\t\t\t\t\n<div class=\"kata-spacer\">\n\t<div class=\"kata-spacer-inner\"><\/div>\n<\/div>\n\n\t\t\t\t<\/div>\n\t\t\t\t<\/div>\n\t\t\t\t<div class=\"elementor-element elementor-element-ad5d6a6 elementor-widget elementor-widget-kata-plus-title\" data-id=\"ad5d6a6\" data-element_type=\"widget\" data-widget_type=\"kata-plus-title.default\">\n\t\t\t\t<div class=\"elementor-widget-container\">\n\t\t\t\t\t\t<div class=\"kata-plus-title-wrapper\">\n\t\t\t\t\t\t\t<h2 class=\"kata-plus-title elementor-inline-editing\" >About Us<\/h2>\n\t\t\t\t\t<\/div>\n\t\t\t\t\t<\/div>\n\t\t\t\t<\/div>\n\t\t\t\t<div class=\"elementor-element elementor-element-9bbbacd elementor-widget elementor-widget-kata-plus-gap\" data-id=\"9bbbacd\" data-element_type=\"widget\" data-widget_type=\"kata-plus-gap.default\">\n\t\t\t\t<div class=\"elementor-widget-container\">\n\t\t\t\t\t\n<div class=\"kata-spacer\">\n\t<div class=\"kata-spacer-inner\"><\/div>\n<\/div>\n\n\t\t\t\t<\/div>\n\t\t\t\t<\/div>\n\t\t\t\t\t<\/div>\n\t\t<\/div>\n\t\t\t\t\t<\/div>\n\t\t<\/section>\n\t\t\t\t<section class=\"elementor-section elementor-top-section elementor-element elementor-element-eb711f0 elementor-section-boxed elementor-section-height-default elementor-section-height-default\" data-id=\"eb711f0\" data-element_type=\"section\">\n\t\t\t\t\t\t<div class=\"elementor-container elementor-column-gap-default\">\n\t\t\t\t\t<div class=\"elementor-column elementor-col-100 elementor-top-column elementor-element elementor-element-638e852\" data-id=\"638e852\" data-element_type=\"column\">\n\t\t\t<div class=\"elementor-widget-wrap elementor-element-populated\">\n\t\t\t\t\t\t<div class=\"elementor-element elementor-element-7df24fe elementor-widget elementor-widget-kata-plus-gap\" data-id=\"7df24fe\" data-element_type=\"widget\" data-widget_type=\"kata-plus-gap.default\">\n\t\t\t\t<div class=\"elementor-widget-container\">\n\t\t\t\t\t\n<div class=\"kata-spacer\">\n\t<div class=\"kata-spacer-inner\"><\/div>\n<\/div>\n\n\t\t\t\t<\/div>\n\t\t\t\t<\/div>\n\t\t\t\t<section class=\"elementor-section elementor-inner-section elementor-element elementor-element-1573050 elementor-section-boxed elementor-section-height-default elementor-section-height-default\" data-id=\"1573050\" data-element_type=\"section\">\n\t\t\t\t\t\t<div class=\"elementor-container elementor-column-gap-extended\">\n\t\t\t\t\t<div class=\"elementor-column elementor-col-50 elementor-inner-column elementor-element elementor-element-f792bb3\" data-id=\"f792bb3\" data-element_type=\"column\" data-settings=\"{&quot;animation&quot;:&quot;none&quot;}\">\n\t\t\t<div class=\"elementor-widget-wrap elementor-element-populated\">\n\t\t\t\t\t\t<div class=\"elementor-element elementor-element-351d555 elementor-widget elementor-widget-kata-plus-gap\" data-id=\"351d555\" data-element_type=\"widget\" data-widget_type=\"kata-plus-gap.default\">\n\t\t\t\t<div class=\"elementor-widget-container\">\n\t\t\t\t\t\n<div class=\"kata-spacer\">\n\t<div class=\"kata-spacer-inner\"><\/div>\n<\/div>\n\n\t\t\t\t<\/div>\n\t\t\t\t<\/div>\n\t\t\t\t<div class=\"elementor-element elementor-element-a44cc94 elementor-widget elementor-widget-kata-plus-title\" data-id=\"a44cc94\" data-element_type=\"widget\" data-widget_type=\"kata-plus-title.default\">\n\t\t\t\t<div class=\"elementor-widget-container\">\n\t\t\t\t\t\t<div class=\"kata-plus-title-wrapper\">\n\t\t\t\t\t\t\t<h2 class=\"kata-plus-title elementor-inline-editing\" >Who We Are.<\/h2>\n\t\t\t\t\t\t\t<p class=\"kata-plus-subtitle elementor-inline-editing\" >Founded in 2009, Kata was born mobile. Today, our process envisions the mobile customer\u2014connected, always on, and on-the-go. Putting ourselves in their shoes, we create digital products and experiences.<\/p>\n\t\t\t\t<\/div>\n\t\t\t\t\t<\/div>\n\t\t\t\t<\/div>\n\t\t\t\t<div class=\"elementor-element elementor-element-fee60a1 elementor-widget elementor-widget-kata-plus-gap\" data-id=\"fee60a1\" data-element_type=\"widget\" data-widget_type=\"kata-plus-gap.default\">\n\t\t\t\t<div class=\"elementor-widget-container\">\n\t\t\t\t\t\n<div class=\"kata-spacer\">\n\t<div class=\"kata-spacer-inner\"><\/div>\n<\/div>\n\n\t\t\t\t<\/div>\n\t\t\t\t<\/div>\n\t\t\t\t<div class=\"elementor-element elementor-element-0eb959b elementor-widget elementor-widget-kata-plus-icon-box\" data-id=\"0eb959b\" data-element_type=\"widget\" data-widget_type=\"kata-plus-icon-box.default\">\n\t\t\t\t<div class=\"elementor-widget-container\">\n\t\t\t\t\t\n<div class=\"iconbox-parent\">\n\t\t\t<div class=\"kata-plus-iconbox vertical dfalt \">\n\t\t\t\t\t\t\t\t\t\t\t\t<div class=\"kata-plus-iconbox-icon-wrap icon\">\n\t\t\t\t\t\t<i class=\"kata-icon\">\r\r\r<svg version=\"1.1\" xmlns=\"http:\/\/www.w3.org\/2000\/svg\" xmlns:xlink=\"http:\/\/www.w3.org\/1999\/xlink\" width=\"17\" height=\"17\" viewBox=\"0 0 17 17\">\r<g>\r<\/g>\r\t<path d=\"M17.020 8h-2.045c-0.245-3.194-2.806-5.745-6.004-5.977v-2.062h-1v2.065c-3.172 0.258-5.702 2.799-5.946 5.974h-2.045v1h2.045c0.244 3.175 2.774 5.716 5.945 5.974v2.026h1v-2.023c3.198-0.231 5.759-2.782 6.004-5.977h2.045v-1zM8.971 13.977v-1.977h-1v1.974c-2.621-0.252-4.708-2.35-4.946-4.974h1.955v-1h-1.955c0.238-2.624 2.325-4.722 4.946-4.974v1.935h1v-1.938c2.647 0.227 4.764 2.333 5.004 4.977h-1.955v1h1.955c-0.24 2.644-2.357 4.75-5.004 4.977z\" fill=\"#000000\" \/>\r<\/svg>\r<\/i>\t\t\t\t\t<\/div>\n\t\t\t\t\t\t\t\t\t\t\t\t\t\t\t\t\t\t\t<div class=\"kata-plus-iconbox-cntt\">\n\t\t\t\t\t\t\t\t\t\t\t\t\t<h3  data-class=\"ck-icon-box-title\">Our mission<\/h3>\n\t\t\t\t\t\t\t\t\t\t\t\t\t\t\t\t\t<p  data-class=\"ck-icon-box-desc\">\n\t\t\t\t\t\tWe help companies, big and small, discover what makes them unique and channel it into a memorable experience that outsells and outshines their competition online.\t\t\t\t\t<\/p>\n\t\t\t\t\t\t\t\t\t\t\t\t\t\t\t\t\t\t\t\t\t<\/div>\n\t\t\t\t\t\t\t\t\t<\/div>\n\t<\/div>\n\t\t\t\t<\/div>\n\t\t\t\t<\/div>\n\t\t\t\t\t<\/div>\n\t\t<\/div>\n\t\t\t\t<div class=\"elementor-column elementor-col-50 elementor-inner-column elementor-element elementor-element-e05c1e0\" data-id=\"e05c1e0\" data-element_type=\"column\">\n\t\t\t<div class=\"elementor-widget-wrap elementor-element-populated\">\n\t\t\t\t\t\t<div class=\"elementor-element elementor-element-75dc80c elementor-widget elementor-widget-kata-plus-image\" data-id=\"75dc80c\" data-element_type=\"widget\" data-widget_type=\"kata-plus-image.default\">\n\t\t\t\t<div class=\"elementor-widget-container\">\n\t\t\t\t\t<div class=\"kata-image kata-lazyload\">\n\t\t\t\t\t<a href=\"#\" data-elementor-open-lightbox=\"yes\">\n\t\t\t<img fetchpriority=\"high\" decoding=\"async\" width=\"663\" height=\"669\" src=\"https:\/\/gobqro.gob.mx\/coespo\/wp-content\/uploads\/2020\/11\/kt-corporate-free-about-page-img.png\" class=\"attachment-full size-full wp-image-2685\" alt=\"\" \/>\t\t\t\t<\/a>\n\t\t\t<\/div>\n\n\t\t\t\t<\/div>\n\t\t\t\t<\/div>\n\t\t\t\t\t<\/div>\n\t\t<\/div>\n\t\t\t\t\t<\/div>\n\t\t<\/section>\n\t\t\t\t<div class=\"elementor-element elementor-element-696fe55 elementor-widget elementor-widget-kata-plus-gap\" data-id=\"696fe55\" data-element_type=\"widget\" data-widget_type=\"kata-plus-gap.default\">\n\t\t\t\t<div class=\"elementor-widget-container\">\n\t\t\t\t\t\n<div class=\"kata-spacer\">\n\t<div class=\"kata-spacer-inner\"><\/div>\n<\/div>\n\n\t\t\t\t<\/div>\n\t\t\t\t<\/div>\n\t\t\t\t\t<\/div>\n\t\t<\/div>\n\t\t\t\t\t<\/div>\n\t\t<\/section>\n\t\t\t\t<\/div>\n\t\t","protected":false},"excerpt":{"rendered":"<p>About Us Who We Are. Founded in 2009, Kata was born mobile. Today, our process envisions the mobile customer\u2014connected, always on, and on-the-go. Putting ourselves in their shoes, we create [&hellip;]<\/p>\n","protected":false},"author":1,"featured_media":0,"parent":0,"menu_order":0,"comment_status":"closed","ping_status":"closed","template":"","meta":{"_eb_attr":"","_uag_custom_page_level_css":"","footnotes":""},"class_list":["post-149","page","type-page","status-publish","hentry"],"yoast_head":"<!-- This site is optimized with the Yoast SEO plugin v27.2 - https:\/\/yoast.com\/product\/yoast-seo-wordpress\/ -->\n<title>About - COESPO Quer\u00e9taro<\/title>\n<meta name=\"robots\" content=\"index, follow, max-snippet:-1, max-image-preview:large, max-video-preview:-1\" \/>\n<link rel=\"canonical\" href=\"https:\/\/gobqro.gob.mx\/coespo\/about\/\" \/>\n<meta property=\"og:locale\" content=\"es_MX\" \/>\n<meta property=\"og:type\" content=\"article\" \/>\n<meta property=\"og:title\" content=\"About - COESPO Quer\u00e9taro\" \/>\n<meta property=\"og:description\" content=\"About Us Who We Are. Founded in 2009, Kata was born mobile. Today, our process envisions the mobile customer\u2014connected, always on, and on-the-go. Putting ourselves in their shoes, we create [&hellip;]\" \/>\n<meta property=\"og:url\" content=\"https:\/\/gobqro.gob.mx\/coespo\/about\/\" \/>\n<meta property=\"og:site_name\" content=\"COESPO Quer\u00e9taro\" \/>\n<meta property=\"og:image\" content=\"https:\/\/gobqro.gob.mx\/coespo\/wp-content\/uploads\/2020\/11\/kt-corporate-free-about-page-img.png\" \/>\n<meta name=\"twitter:card\" content=\"summary_large_image\" \/>\n<script type=\"application\/ld+json\" class=\"yoast-schema-graph\">{\"@context\":\"https:\/\/schema.org\",\"@graph\":[{\"@type\":\"WebPage\",\"@id\":\"https:\/\/gobqro.gob.mx\/coespo\/about\/\",\"url\":\"https:\/\/gobqro.gob.mx\/coespo\/about\/\",\"name\":\"About - COESPO Quer\u00e9taro\",\"isPartOf\":{\"@id\":\"https:\/\/gobqro.gob.mx\/coespo\/#website\"},\"primaryImageOfPage\":{\"@id\":\"https:\/\/gobqro.gob.mx\/coespo\/about\/#primaryimage\"},\"image\":{\"@id\":\"https:\/\/gobqro.gob.mx\/coespo\/about\/#primaryimage\"},\"thumbnailUrl\":\"https:\/\/gobqro.gob.mx\/coespo\/wp-content\/uploads\/2020\/11\/kt-corporate-free-about-page-img.png\",\"datePublished\":\"2019-11-04T07:33:45+00:00\",\"breadcrumb\":{\"@id\":\"https:\/\/gobqro.gob.mx\/coespo\/about\/#breadcrumb\"},\"inLanguage\":\"es\",\"potentialAction\":[{\"@type\":\"ReadAction\",\"target\":[\"https:\/\/gobqro.gob.mx\/coespo\/about\/\"]}]},{\"@type\":\"ImageObject\",\"inLanguage\":\"es\",\"@id\":\"https:\/\/gobqro.gob.mx\/coespo\/about\/#primaryimage\",\"url\":\"https:\/\/gobqro.gob.mx\/coespo\/wp-content\/uploads\/2020\/11\/kt-corporate-free-about-page-img.png\",\"contentUrl\":\"https:\/\/gobqro.gob.mx\/coespo\/wp-content\/uploads\/2020\/11\/kt-corporate-free-about-page-img.png\"},{\"@type\":\"BreadcrumbList\",\"@id\":\"https:\/\/gobqro.gob.mx\/coespo\/about\/#breadcrumb\",\"itemListElement\":[{\"@type\":\"ListItem\",\"position\":1,\"name\":\"Inicio\",\"item\":\"https:\/\/gobqro.gob.mx\/coespo\/\"},{\"@type\":\"ListItem\",\"position\":2,\"name\":\"About\"}]},{\"@type\":\"WebSite\",\"@id\":\"https:\/\/gobqro.gob.mx\/coespo\/#website\",\"url\":\"https:\/\/gobqro.gob.mx\/coespo\/\",\"name\":\"COESPO Quer\u00e9taro\",\"description\":\"Consejo Estatal de Poblaci\u00f3n Quer\u00e9taro\",\"potentialAction\":[{\"@type\":\"SearchAction\",\"target\":{\"@type\":\"EntryPoint\",\"urlTemplate\":\"https:\/\/gobqro.gob.mx\/coespo\/?s={search_term_string}\"},\"query-input\":{\"@type\":\"PropertyValueSpecification\",\"valueRequired\":true,\"valueName\":\"search_term_string\"}}],\"inLanguage\":\"es\"}]}<\/script>\n<!-- \/ Yoast SEO plugin. -->","yoast_head_json":{"title":"About - COESPO Quer\u00e9taro","robots":{"index":"index","follow":"follow","max-snippet":"max-snippet:-1","max-image-preview":"max-image-preview:large","max-video-preview":"max-video-preview:-1"},"canonical":"https:\/\/gobqro.gob.mx\/coespo\/about\/","og_locale":"es_MX","og_type":"article","og_title":"About - COESPO Quer\u00e9taro","og_description":"About Us Who We Are. Founded in 2009, Kata was born mobile. Today, our process envisions the mobile customer\u2014connected, always on, and on-the-go. Putting ourselves in their shoes, we create [&hellip;]","og_url":"https:\/\/gobqro.gob.mx\/coespo\/about\/","og_site_name":"COESPO Quer\u00e9taro","og_image":[{"url":"https:\/\/gobqro.gob.mx\/coespo\/wp-content\/uploads\/2020\/11\/kt-corporate-free-about-page-img.png","type":"","width":"","height":""}],"twitter_card":"summary_large_image","schema":{"@context":"https:\/\/schema.org","@graph":[{"@type":"WebPage","@id":"https:\/\/gobqro.gob.mx\/coespo\/about\/","url":"https:\/\/gobqro.gob.mx\/coespo\/about\/","name":"About - COESPO Quer\u00e9taro","isPartOf":{"@id":"https:\/\/gobqro.gob.mx\/coespo\/#website"},"primaryImageOfPage":{"@id":"https:\/\/gobqro.gob.mx\/coespo\/about\/#primaryimage"},"image":{"@id":"https:\/\/gobqro.gob.mx\/coespo\/about\/#primaryimage"},"thumbnailUrl":"https:\/\/gobqro.gob.mx\/coespo\/wp-content\/uploads\/2020\/11\/kt-corporate-free-about-page-img.png","datePublished":"2019-11-04T07:33:45+00:00","breadcrumb":{"@id":"https:\/\/gobqro.gob.mx\/coespo\/about\/#breadcrumb"},"inLanguage":"es","potentialAction":[{"@type":"ReadAction","target":["https:\/\/gobqro.gob.mx\/coespo\/about\/"]}]},{"@type":"ImageObject","inLanguage":"es","@id":"https:\/\/gobqro.gob.mx\/coespo\/about\/#primaryimage","url":"https:\/\/gobqro.gob.mx\/coespo\/wp-content\/uploads\/2020\/11\/kt-corporate-free-about-page-img.png","contentUrl":"https:\/\/gobqro.gob.mx\/coespo\/wp-content\/uploads\/2020\/11\/kt-corporate-free-about-page-img.png"},{"@type":"BreadcrumbList","@id":"https:\/\/gobqro.gob.mx\/coespo\/about\/#breadcrumb","itemListElement":[{"@type":"ListItem","position":1,"name":"Inicio","item":"https:\/\/gobqro.gob.mx\/coespo\/"},{"@type":"ListItem","position":2,"name":"About"}]},{"@type":"WebSite","@id":"https:\/\/gobqro.gob.mx\/coespo\/#website","url":"https:\/\/gobqro.gob.mx\/coespo\/","name":"COESPO Quer\u00e9taro","description":"Consejo Estatal de Poblaci\u00f3n Quer\u00e9taro","potentialAction":[{"@type":"SearchAction","target":{"@type":"EntryPoint","urlTemplate":"https:\/\/gobqro.gob.mx\/coespo\/?s={search_term_string}"},"query-input":{"@type":"PropertyValueSpecification","valueRequired":true,"valueName":"search_term_string"}}],"inLanguage":"es"}]}},"uagb_featured_image_src":{"full":false,"thumbnail":false,"medium":false,"medium_large":false,"large":false,"1536x1536":false,"2048x2048":false,"_nx_notification_thumb_100_100":false,"_nx_notification_thumb_200_200":false,"_nx_notification_thumb_300_300":false,"_nx_notification_thumb_400_400":false,"_nx_notification_thumb_500_500":false},"uagb_author_info":{"display_name":"coespo_ADM_webM","author_link":"https:\/\/gobqro.gob.mx\/coespo\/author\/coespo_adm_webm\/"},"uagb_comment_info":0,"uagb_excerpt":"About Us Who We Are. Founded in 2009, Kata was born mobile. Today, our process envisions the mobile customer\u2014connected, always on, and on-the-go. Putting ourselves in their shoes, we create [&hellip;]","_links":{"self":[{"href":"https:\/\/gobqro.gob.mx\/coespo\/wp-json\/wp\/v2\/pages\/149","targetHints":{"allow":["GET"]}}],"collection":[{"href":"https:\/\/gobqro.gob.mx\/coespo\/wp-json\/wp\/v2\/pages"}],"about":[{"href":"https:\/\/gobqro.gob.mx\/coespo\/wp-json\/wp\/v2\/types\/page"}],"author":[{"embeddable":true,"href":"https:\/\/gobqro.gob.mx\/coespo\/wp-json\/wp\/v2\/users\/1"}],"replies":[{"embeddable":true,"href":"https:\/\/gobqro.gob.mx\/coespo\/wp-json\/wp\/v2\/comments?post=149"}],"version-history":[{"count":0,"href":"https:\/\/gobqro.gob.mx\/coespo\/wp-json\/wp\/v2\/pages\/149\/revisions"}],"wp:attachment":[{"href":"https:\/\/gobqro.gob.mx\/coespo\/wp-json\/wp\/v2\/media?parent=149"}],"curies":[{"name":"wp","href":"https:\/\/api.w.org\/{rel}","templated":true}]}}