{"id":3387,"date":"2021-11-12T20:10:59","date_gmt":"2021-11-12T20:10:59","guid":{"rendered":"https:\/\/gobqro.gob.mx\/coespo\/?page_id=3387"},"modified":"2024-09-24T04:09:23","modified_gmt":"2024-09-24T04:09:23","slug":"directorio-coespo-queretaro","status":"publish","type":"page","link":"https:\/\/gobqro.gob.mx\/coespo\/directorio-coespo-queretaro\/","title":{"rendered":"Directorio COESPO-Quer\u00e9taro"},"content":{"rendered":"<div class=\"wpb-content-wrapper\">[vc_row][vc_column][vc_empty_space height=&#8221;52px&#8221;][vc_column_text]\n<div id=\":cr.ma\" class=\"Mu SP\" title=\"24 de febrero de 2020, 10:37:33 UTC-6\" data-tooltip=\"24 de febrero de 2020, 10:37:33 UTC-6\">\n<p style=\"text-align: center;\"><span class=\"tL8wMe EMoHub\" dir=\"ltr\" style=\"font-size: 18pt;\">Lic. Mauricio Kuri Gonz\u00e1lez<br \/>\n<strong>Gobernador del Estado de Quer\u00e9taro<\/strong><\/span><\/p>\n<p style=\"text-align: center;\"><span style=\"font-size: 14pt;\">Lic. Carlos Alberto Alcaraz Guti\u00e9rrez <\/span><br \/>\n<span style=\"font-size: 14pt;\"><strong>Secretaria de Gobierno<\/strong><\/span><\/p>\n<p style=\"text-align: center;\"><span style=\"font-size: 14pt;\">Contador Francisco Javier Cevallos P\u00e9rez<\/span><br \/>\n<span style=\"font-size: 14pt;\"><strong>Secretario T\u00e9cnico de Coespo<\/strong><\/span><\/p>\n<p style=\"text-align: center;\"><span style=\"font-size: 14pt;\">Soc. Luis Fernando Ibarra Gonz\u00e1lez<\/span><br \/>\n<span style=\"font-size: 14pt;\"><strong>Jefe de \u00c1rea de Estudios de Poblaci\u00f3n<\/strong><\/span><\/p>\n<p style=\"text-align: center;\"><span style=\"font-size: 14pt;\">Lic. Luz Marina Moreno Meza<\/span><br \/>\n<span style=\"font-size: 14pt;\"><strong>Responsable del \u00c1rea de Comunicaci\u00f3n<\/strong><\/span><\/p>\n<p style=\"text-align: center;\"><span style=\"font-size: 14pt;\">Lic. Dulce Guti\u00e9rrez Fonseca<\/span><br \/>\n<span style=\"font-size: 14pt;\"><strong>Responsable del \u00c1rea de Dise\u00f1o<\/strong><\/span><\/p>\n<p style=\"text-align: center;\"><span style=\"font-size: 14pt;\">Guadalupe Aguilar Becerra<\/span><br \/>\n<span style=\"font-size: 14pt;\"><strong>Auxiliar Administrativo<\/strong><\/span><\/p>\n<p style=\"text-align: center;\">\n<\/div>\n[\/vc_column_text][vc_empty_space height=&#8221;42px&#8221;][\/vc_column][\/vc_row][vc_row full_width=&#8221;stretch_row&#8221; equal_height=&#8221;yes&#8221; bg_type=&#8221;bg_color&#8221; bg_override=&#8221;full&#8221; bg_color_value=&#8221;rgba(193,193,193,0.34)&#8221;][vc_column width=&#8221;2\/3&#8243;][vc_empty_space height=&#8221;42px&#8221;][vc_column_text css=&#8221;.vc_custom_1727150956436{padding-top: 30px !important;padding-right: 30px !important;padding-bottom: 30px !important;padding-left: 30px !important;background-color: #ffffff !important;border-radius: 5px !important;}&#8221;]<iframe style=\"border: 0;\" src=\"https:\/\/www.google.com\/maps\/embed?pb=!1m18!1m12!1m3!1d3734.972765256904!2d-100.39292918408418!3d20.589169786238042!2m3!1f0!2f0!3f0!3m2!1i1024!2i768!4f13.1!3m3!1m2!1s0x85d35b2b34cddec7%3A0x6f1b097b6f08bbe8!2sC.%20Benito%20Ju%C3%A1rez%20Sur%2068-1er.%20Piso%2C%20Ejido%20Modelo%2C%20Centro%2C%2076000%20Santiago%20de%20Quer%C3%A9taro%2C%20Qro.!5e0!3m2!1ses-419!2smx!4v1636750503347!5m2!1ses-419!2smx\" width=\"600\" height=\"600\" allowfullscreen=\"allowfullscreen\"><\/iframe>[\/vc_column_text][\/vc_column][vc_column width=&#8221;1\/3&#8243;][vc_empty_space height=&#8221;72px&#8221;][vc_column_text]\n<div id=\":cs.ma\" class=\"Mu SP\" data-tooltip=\"24 de febrero de 2020, 10:37:39 UTC-6\">\n<p><span style=\"font-size: 18pt; color: #000080;\"><strong><span id=\":cs.co\" class=\"tL8wMe EMoHub\" dir=\"ltr\">DIRECCI\u00d3N:<\/span><\/strong><\/span><\/p>\n<\/div>\n<p>&nbsp;<\/p>\n<div id=\":ct.ma\" class=\"Mu SP\" data-tooltip=\"24 de febrero de 2020, 10:37:49 UTC-6\">\n<p><span id=\":ct.co\" class=\"tL8wMe EMoHub\" dir=\"ltr\" style=\"font-size: 14pt;\">Ju\u00e1rez Sur No. 68, 1er. Piso, Centro Hist\u00f3rico.<br \/>\nC.P. 76000 Quer\u00e9taro, Qro.<\/span><\/p>\n<p><span style=\"font-size: 14pt; color: #008080;\"><strong>Tels.:<\/strong><\/span><\/p>\n<div id=\":dw.at\" class=\"xH\"><span style=\"font-size: 14pt;\"><span id=\":du.co\" class=\"tL8wMe EMoHub\" dir=\"ltr\">4422 401361 <\/span><span id=\":dv.co\" class=\"tL8wMe EMoHub\" dir=\"ltr\">y <\/span><span id=\":dw.co\" class=\"tL8wMe EMoHub\" dir=\"ltr\">4422248873<\/span><\/span><\/div>\n<p><span style=\"font-size: 14pt;\">Twitter: <a href=\"https:\/\/twitter.com\/coespoqro\" target=\"_blank\" rel=\"noopener\">@COESPOqro<\/a><\/span><br \/>\n<span style=\"font-size: 14pt;\">Facebook: <a href=\"https:\/\/www.facebook.com\/COESPOqro\/\" target=\"_blank\" rel=\"noopener\">COESPOqro<\/a><\/span><br \/>\n<span style=\"font-size: 14pt;\">Mail:\u00a0<a class=\"Xx\" dir=\"ltr\" tabindex=\"-1\" href=\"mailto:coespo@queretaro.gob.mx\" target=\"_blank\" rel=\"nofollow noreferrer noopener\" data-display=\"coespo@queretaro.gob.mx\" data-sanitized=\"mailto:coespo@queretaro.gob.mx\">coespo@queretaro.gob.mx<\/a><\/span><\/p>\n<\/div>\n[\/vc_column_text][\/vc_column][\/vc_row]\n<\/div>","protected":false},"excerpt":{"rendered":"<p>[vc_row][vc_column][vc_empty_space height=&#8221;52px&#8221;][vc_column_text] Lic. Mauricio Kuri Gonz\u00e1lez Gobernador del Estado de Quer\u00e9taro Lic. Carlos Alberto Alcaraz Guti\u00e9rrez Secretaria de Gobierno Contador Francisco Javier Cevallos P\u00e9rez Secretario T\u00e9cnico de Coespo Soc. Luis [&hellip;]<\/p>\n","protected":false},"author":1,"featured_media":0,"parent":0,"menu_order":0,"comment_status":"closed","ping_status":"closed","template":"","meta":{"_eb_attr":"","_uag_custom_page_level_css":"","footnotes":""},"class_list":["post-3387","page","type-page","status-publish","hentry"],"yoast_head":"<!-- This site is optimized with the Yoast SEO plugin v27.2 - https:\/\/yoast.com\/product\/yoast-seo-wordpress\/ -->\n<title>Directorio COESPO-Quer\u00e9taro - COESPO Quer\u00e9taro<\/title>\n<meta name=\"robots\" content=\"index, follow, max-snippet:-1, max-image-preview:large, max-video-preview:-1\" \/>\n<link rel=\"canonical\" href=\"https:\/\/gobqro.gob.mx\/coespo\/directorio-coespo-queretaro\/\" \/>\n<meta property=\"og:locale\" content=\"es_MX\" \/>\n<meta property=\"og:type\" content=\"article\" \/>\n<meta property=\"og:title\" content=\"Directorio COESPO-Quer\u00e9taro - COESPO Quer\u00e9taro\" \/>\n<meta property=\"og:description\" content=\"[vc_row][vc_column][vc_empty_space height=&#8221;52px&#8221;][vc_column_text] Lic. Mauricio Kuri Gonz\u00e1lez Gobernador del Estado de Quer\u00e9taro Lic. Carlos Alberto Alcaraz Guti\u00e9rrez Secretaria de Gobierno Contador Francisco Javier Cevallos P\u00e9rez Secretario T\u00e9cnico de Coespo Soc. Luis [&hellip;]\" \/>\n<meta property=\"og:url\" content=\"https:\/\/gobqro.gob.mx\/coespo\/directorio-coespo-queretaro\/\" \/>\n<meta property=\"og:site_name\" content=\"COESPO Quer\u00e9taro\" \/>\n<meta property=\"article:modified_time\" content=\"2024-09-24T04:09:23+00:00\" \/>\n<meta name=\"twitter:card\" content=\"summary_large_image\" \/>\n<meta name=\"twitter:label1\" content=\"Tiempo de lectura\" \/>\n\t<meta name=\"twitter:data1\" content=\"1 minuto\" \/>\n<script type=\"application\/ld+json\" class=\"yoast-schema-graph\">{\"@context\":\"https:\/\/schema.org\",\"@graph\":[{\"@type\":\"WebPage\",\"@id\":\"https:\/\/gobqro.gob.mx\/coespo\/directorio-coespo-queretaro\/\",\"url\":\"https:\/\/gobqro.gob.mx\/coespo\/directorio-coespo-queretaro\/\",\"name\":\"Directorio COESPO-Quer\u00e9taro - COESPO Quer\u00e9taro\",\"isPartOf\":{\"@id\":\"https:\/\/gobqro.gob.mx\/coespo\/#website\"},\"datePublished\":\"2021-11-12T20:10:59+00:00\",\"dateModified\":\"2024-09-24T04:09:23+00:00\",\"breadcrumb\":{\"@id\":\"https:\/\/gobqro.gob.mx\/coespo\/directorio-coespo-queretaro\/#breadcrumb\"},\"inLanguage\":\"es\",\"potentialAction\":[{\"@type\":\"ReadAction\",\"target\":[\"https:\/\/gobqro.gob.mx\/coespo\/directorio-coespo-queretaro\/\"]}]},{\"@type\":\"BreadcrumbList\",\"@id\":\"https:\/\/gobqro.gob.mx\/coespo\/directorio-coespo-queretaro\/#breadcrumb\",\"itemListElement\":[{\"@type\":\"ListItem\",\"position\":1,\"name\":\"Inicio\",\"item\":\"https:\/\/gobqro.gob.mx\/coespo\/\"},{\"@type\":\"ListItem\",\"position\":2,\"name\":\"Directorio COESPO-Quer\u00e9taro\"}]},{\"@type\":\"WebSite\",\"@id\":\"https:\/\/gobqro.gob.mx\/coespo\/#website\",\"url\":\"https:\/\/gobqro.gob.mx\/coespo\/\",\"name\":\"COESPO Quer\u00e9taro\",\"description\":\"Consejo Estatal de Poblaci\u00f3n Quer\u00e9taro\",\"potentialAction\":[{\"@type\":\"SearchAction\",\"target\":{\"@type\":\"EntryPoint\",\"urlTemplate\":\"https:\/\/gobqro.gob.mx\/coespo\/?s={search_term_string}\"},\"query-input\":{\"@type\":\"PropertyValueSpecification\",\"valueRequired\":true,\"valueName\":\"search_term_string\"}}],\"inLanguage\":\"es\"}]}<\/script>\n<!-- \/ Yoast SEO plugin. -->","yoast_head_json":{"title":"Directorio COESPO-Quer\u00e9taro - COESPO Quer\u00e9taro","robots":{"index":"index","follow":"follow","max-snippet":"max-snippet:-1","max-image-preview":"max-image-preview:large","max-video-preview":"max-video-preview:-1"},"canonical":"https:\/\/gobqro.gob.mx\/coespo\/directorio-coespo-queretaro\/","og_locale":"es_MX","og_type":"article","og_title":"Directorio COESPO-Quer\u00e9taro - COESPO Quer\u00e9taro","og_description":"[vc_row][vc_column][vc_empty_space height=&#8221;52px&#8221;][vc_column_text] Lic. Mauricio Kuri Gonz\u00e1lez Gobernador del Estado de Quer\u00e9taro Lic. Carlos Alberto Alcaraz Guti\u00e9rrez Secretaria de Gobierno Contador Francisco Javier Cevallos P\u00e9rez Secretario T\u00e9cnico de Coespo Soc. Luis [&hellip;]","og_url":"https:\/\/gobqro.gob.mx\/coespo\/directorio-coespo-queretaro\/","og_site_name":"COESPO Quer\u00e9taro","article_modified_time":"2024-09-24T04:09:23+00:00","twitter_card":"summary_large_image","twitter_misc":{"Tiempo de lectura":"1 minuto"},"schema":{"@context":"https:\/\/schema.org","@graph":[{"@type":"WebPage","@id":"https:\/\/gobqro.gob.mx\/coespo\/directorio-coespo-queretaro\/","url":"https:\/\/gobqro.gob.mx\/coespo\/directorio-coespo-queretaro\/","name":"Directorio COESPO-Quer\u00e9taro - COESPO Quer\u00e9taro","isPartOf":{"@id":"https:\/\/gobqro.gob.mx\/coespo\/#website"},"datePublished":"2021-11-12T20:10:59+00:00","dateModified":"2024-09-24T04:09:23+00:00","breadcrumb":{"@id":"https:\/\/gobqro.gob.mx\/coespo\/directorio-coespo-queretaro\/#breadcrumb"},"inLanguage":"es","potentialAction":[{"@type":"ReadAction","target":["https:\/\/gobqro.gob.mx\/coespo\/directorio-coespo-queretaro\/"]}]},{"@type":"BreadcrumbList","@id":"https:\/\/gobqro.gob.mx\/coespo\/directorio-coespo-queretaro\/#breadcrumb","itemListElement":[{"@type":"ListItem","position":1,"name":"Inicio","item":"https:\/\/gobqro.gob.mx\/coespo\/"},{"@type":"ListItem","position":2,"name":"Directorio COESPO-Quer\u00e9taro"}]},{"@type":"WebSite","@id":"https:\/\/gobqro.gob.mx\/coespo\/#website","url":"https:\/\/gobqro.gob.mx\/coespo\/","name":"COESPO Quer\u00e9taro","description":"Consejo Estatal de Poblaci\u00f3n Quer\u00e9taro","potentialAction":[{"@type":"SearchAction","target":{"@type":"EntryPoint","urlTemplate":"https:\/\/gobqro.gob.mx\/coespo\/?s={search_term_string}"},"query-input":{"@type":"PropertyValueSpecification","valueRequired":true,"valueName":"search_term_string"}}],"inLanguage":"es"}]}},"uagb_featured_image_src":{"full":false,"thumbnail":false,"medium":false,"medium_large":false,"large":false,"1536x1536":false,"2048x2048":false,"_nx_notification_thumb_100_100":false,"_nx_notification_thumb_200_200":false,"_nx_notification_thumb_300_300":false,"_nx_notification_thumb_400_400":false,"_nx_notification_thumb_500_500":false},"uagb_author_info":{"display_name":"coespo_ADM_webM","author_link":"https:\/\/gobqro.gob.mx\/coespo\/author\/coespo_adm_webm\/"},"uagb_comment_info":0,"uagb_excerpt":"[vc_row][vc_column][vc_empty_space height=&#8221;52px&#8221;][vc_column_text] Lic. Mauricio Kuri Gonz\u00e1lez Gobernador del Estado de Quer\u00e9taro Lic. Carlos Alberto Alcaraz Guti\u00e9rrez Secretaria de Gobierno Contador Francisco Javier Cevallos P\u00e9rez Secretario T\u00e9cnico de Coespo Soc. Luis [&hellip;]","_links":{"self":[{"href":"https:\/\/gobqro.gob.mx\/coespo\/wp-json\/wp\/v2\/pages\/3387","targetHints":{"allow":["GET"]}}],"collection":[{"href":"https:\/\/gobqro.gob.mx\/coespo\/wp-json\/wp\/v2\/pages"}],"about":[{"href":"https:\/\/gobqro.gob.mx\/coespo\/wp-json\/wp\/v2\/types\/page"}],"author":[{"embeddable":true,"href":"https:\/\/gobqro.gob.mx\/coespo\/wp-json\/wp\/v2\/users\/1"}],"replies":[{"embeddable":true,"href":"https:\/\/gobqro.gob.mx\/coespo\/wp-json\/wp\/v2\/comments?post=3387"}],"version-history":[{"count":17,"href":"https:\/\/gobqro.gob.mx\/coespo\/wp-json\/wp\/v2\/pages\/3387\/revisions"}],"predecessor-version":[{"id":3890,"href":"https:\/\/gobqro.gob.mx\/coespo\/wp-json\/wp\/v2\/pages\/3387\/revisions\/3890"}],"wp:attachment":[{"href":"https:\/\/gobqro.gob.mx\/coespo\/wp-json\/wp\/v2\/media?parent=3387"}],"curies":[{"name":"wp","href":"https:\/\/api.w.org\/{rel}","templated":true}]}}