{"id":3393,"date":"2021-11-12T20:16:14","date_gmt":"2021-11-12T20:16:14","guid":{"rendered":"https:\/\/gobqro.gob.mx\/coespo\/?page_id=3393"},"modified":"2024-02-20T19:17:45","modified_gmt":"2024-02-20T19:17:45","slug":"coespo-qro_antecedentes","status":"publish","type":"page","link":"https:\/\/gobqro.gob.mx\/coespo\/coespo-qro_antecedentes\/","title":{"rendered":"Antecedentes"},"content":{"rendered":"<div class=\"wpb-content-wrapper\">[vc_row][vc_column][vc_empty_space height=&#8221;52px&#8221;]<div id=\"ultimate-heading-218269e397f42f3b4\" class=\"uvc-heading ult-adjust-bottom-margin ultimate-heading-218269e397f42f3b4 uvc-8621 \" data-hspacer=\"icon_only\"  data-halign=\"center\" style=\"text-align:center\"><div class=\"uvc-heading-spacer icon_only\" style=\"top\"><div class=\"ult-just-icon-wrapper  \"><div class=\"align-icon\" style=\"text-align:center;\">\n<div class=\"aio-icon none \"  style=\"color:#6e808f;font-size:52px;display:inline-block;\">\n\t<i class=\"Defaults-group users\"><\/i>\n<\/div><\/div><\/div><\/div><div class=\"uvc-main-heading ult-responsive\"  data-ultimate-target='.uvc-heading.ultimate-heading-218269e397f42f3b4 h1'  data-responsive-json-new='{\"font-size\":\"\",\"line-height\":\"\"}' ><h1 style=\"font-weight:normal;\">Antecedentes<\/h1><\/div><\/div>[vc_empty_space height=&#8221;52px&#8221;][vc_column_text]\n<p style=\"text-align: justify;\"><span style=\"font-size: 14pt;\">La pol\u00edtica de poblaci\u00f3n en M\u00e9xico se sustenta en las garant\u00edas individuales de la libertad de elegir, el respeto a los valores culturales y la responsabilidad social. En 1987 se cre\u00f3 el Consejo Estatal de Poblaci\u00f3n en Quer\u00e9taro, con el objetivo de incorporar los criterios demogr\u00e1ficos en la planeaci\u00f3n del desarrollo, buscando armonizar ambos procesos.<\/span><\/p>\n<p style=\"text-align: justify;\"><span style=\"font-size: 14pt;\">Seg\u00fan el Decreto publicado en le peri\u00f3dico oficial del Gobierno del Estado de Quer\u00e9taro La sombra de Arteaga el 24 de diciembre de 1987 se crea el Consejo Estatal de Poblaci\u00f3n como un organismo desconcentrado del Ejecutivo y dependiente de la Secretar\u00eda de Gobierno. Tiene como objetivo elaborar y promover la ejecuci\u00f3n de acciones espec\u00edficas en materia de poblaci\u00f3n, que sean acordes con los programas de desarrollo socioecon\u00f3mico, y que estos a su vez respondan a las necesidades de la din\u00e1mica demogr\u00e1fica. Para ello el <strong>COESPO<\/strong> tiene las siguientes atribuciones:<\/span><\/p>\n<p style=\"text-align: justify;\"><span style=\"font-size: 14pt;\">\u00a0<\/span><\/p>\n[\/vc_column_text]<div class=\"uavc-list-icon uavc-list-icon-wrapper ult-adjust-bottom-margin   \"><ul class=\"uavc-list\"><li><div class=\"uavc-list-content\" id=\"list-icon-wrap-8189\">\n<div class=\"uavc-list-icon  \" data-animation=\"\" data-animation-delay=\"03\" style=\"margin-right:10px;\"><div class=\"ult-just-icon-wrapper  \"><div class=\"align-icon\" style=\"text-align:center;\">\n<div class=\"aio-icon circle \"  style=\"color:#ffffff;background:#008d88;font-size:20px;display:inline-block;\">\n\t<i class=\"Defaults-circle-o\"><\/i>\n<\/div><\/div><\/div>\n<\/div><span  data-ultimate-target='#list-icon-wrap-8189 .uavc-list-desc'  data-responsive-json-new='{\"font-size\":\"desktop:14px;\",\"line-height\":\"\"}'  class=\"uavc-list-desc ult-responsive\" style=\"color:__USE_THEME_MAIN_COLOR__;\">\n<p style=\"text-align: justify;\">Realizar la planeaci\u00f3n demogr\u00e1fica del Estado Coordinar a las dependencias de los Gobiernos Estatal y Federal que tengan funciones cuya naturaleza se vincule con la materia demogr\u00e1fica<\/p>\n<\/span><\/div><\/li><li><div class=\"uavc-list-content\" id=\"list-icon-wrap-6183\">\n<div class=\"uavc-list-icon  \" data-animation=\"\" data-animation-delay=\"03\" style=\"margin-right:10px;\"><div class=\"ult-just-icon-wrapper  \"><div class=\"align-icon\" style=\"text-align:center;\">\n<div class=\"aio-icon circle \"  style=\"color:#ffffff;background:#008d88;font-size:20px;display:inline-block;\">\n\t<i class=\"Defaults-circle-o\"><\/i>\n<\/div><\/div><\/div>\n<\/div><span  data-ultimate-target='#list-icon-wrap-6183 .uavc-list-desc'  data-responsive-json-new='{\"font-size\":\"desktop:14px;\",\"line-height\":\"\"}'  class=\"uavc-list-desc ult-responsive\" style=\"color:__USE_THEME_MAIN_COLOR__;\">\n<p style=\"text-align: justify;\">Formular planes y programas demogr\u00e1ficos y vincularlos con los objetivos del desarrollo econ\u00f3mico y social<\/p>\n<\/span><\/div><\/li><li><div class=\"uavc-list-content\" id=\"list-icon-wrap-8640\">\n<div class=\"uavc-list-icon  \" data-animation=\"\" data-animation-delay=\"03\" style=\"margin-right:10px;\"><div class=\"ult-just-icon-wrapper  \"><div class=\"align-icon\" style=\"text-align:center;\">\n<div class=\"aio-icon circle \"  style=\"color:#ffffff;background:#008d88;font-size:20px;display:inline-block;\">\n\t<i class=\"Defaults-circle-o\"><\/i>\n<\/div><\/div><\/div>\n<\/div><span  data-ultimate-target='#list-icon-wrap-8640 .uavc-list-desc'  data-responsive-json-new='{\"font-size\":\"desktop:14px;\",\"line-height\":\"\"}'  class=\"uavc-list-desc ult-responsive\" style=\"color:__USE_THEME_MAIN_COLOR__;\">\n<p style=\"text-align: justify;\">Recopilar, clasificar, jerarquizar y difundir la informaci\u00f3n relativa al desarrollo demogr\u00e1fico<\/p>\n<\/span><\/div><\/li><li><div class=\"uavc-list-content\" id=\"list-icon-wrap-4112\">\n<div class=\"uavc-list-icon  \" data-animation=\"\" data-animation-delay=\"03\" style=\"margin-right:10px;\"><div class=\"ult-just-icon-wrapper  \"><div class=\"align-icon\" style=\"text-align:center;\">\n<div class=\"aio-icon circle \"  style=\"color:#ffffff;background:#008d88;font-size:20px;display:inline-block;\">\n\t<i class=\"Defaults-circle-o\"><\/i>\n<\/div><\/div><\/div>\n<\/div><span  data-ultimate-target='#list-icon-wrap-4112 .uavc-list-desc'  data-responsive-json-new='{\"font-size\":\"desktop:14px;\",\"line-height\":\"\"}'  class=\"uavc-list-desc ult-responsive\" style=\"color:__USE_THEME_MAIN_COLOR__;\">\n<p style=\"text-align: justify;\">Promover, apoyar y coordinar estudios e investigaciones<\/p>\n<\/span><\/div><\/li><li><div class=\"uavc-list-content\" id=\"list-icon-wrap-7416\">\n<div class=\"uavc-list-icon  \" data-animation=\"\" data-animation-delay=\"03\" style=\"margin-right:10px;\"><div class=\"ult-just-icon-wrapper  \"><div class=\"align-icon\" style=\"text-align:center;\">\n<div class=\"aio-icon circle \"  style=\"color:#ffffff;background:#008d88;font-size:20px;display:inline-block;\">\n\t<i class=\"Defaults-circle-o\"><\/i>\n<\/div><\/div><\/div>\n<\/div><span  data-ultimate-target='#list-icon-wrap-7416 .uavc-list-desc'  data-responsive-json-new='{\"font-size\":\"desktop:14px;\",\"line-height\":\"\"}'  class=\"uavc-list-desc ult-responsive\" style=\"color:__USE_THEME_MAIN_COLOR__;\">\n<p style=\"text-align: justify;\">Elaborar y difundir programas de informaci\u00f3n y orientaci\u00f3n p\u00fablicos<\/p>\n<p>&nbsp;<\/span><\/div><\/li><li><div class=\"uavc-list-content\" id=\"list-icon-wrap-7391\">\n<div class=\"uavc-list-icon  \" data-animation=\"\" data-animation-delay=\"03\" style=\"margin-right:10px;\"><div class=\"ult-just-icon-wrapper  \"><div class=\"align-icon\" style=\"text-align:center;\">\n<div class=\"aio-icon circle \"  style=\"color:#ffffff;background:#008d88;font-size:20px;display:inline-block;\">\n\t<i class=\"Defaults-circle-o\"><\/i>\n<\/div><\/div><\/div>\n<\/div><span  data-ultimate-target='#list-icon-wrap-7391 .uavc-list-desc'  data-responsive-json-new='{\"font-size\":\"desktop:14px;\",\"line-height\":\"\"}'  class=\"uavc-list-desc ult-responsive\" style=\"color:__USE_THEME_MAIN_COLOR__;\">\n<p style=\"text-align: justify;\">Asesorar y asistir en materia de poblaci\u00f3n a toda clase de entidades p\u00fablicas o privadas, nacionales o extranjeras, locales federales e internacionales<\/p>\n<p>&nbsp;<\/span><\/div><\/li><li><div class=\"uavc-list-content\" id=\"list-icon-wrap-8658\">\n<div class=\"uavc-list-icon  \" data-animation=\"\" data-animation-delay=\"03\" style=\"margin-right:10px;\"><div class=\"ult-just-icon-wrapper  \"><div class=\"align-icon\" style=\"text-align:center;\">\n<div class=\"aio-icon circle \"  style=\"color:#ffffff;background:#008d88;font-size:20px;display:inline-block;\">\n\t<i class=\"Defaults-circle-o\"><\/i>\n<\/div><\/div><\/div>\n<\/div><span  data-ultimate-target='#list-icon-wrap-8658 .uavc-list-desc'  data-responsive-json-new='{\"font-size\":\"desktop:14px;\",\"line-height\":\"\"}'  class=\"uavc-list-desc ult-responsive\" style=\"color:__USE_THEME_MAIN_COLOR__;\">\n<p style=\"text-align: justify;\">Preparar, elaborar y distribuir material informativo y publicar informaci\u00f3n sobre la materia<\/p>\n<p>&nbsp;<\/span><\/div><\/li><li><div class=\"uavc-list-content\" id=\"list-icon-wrap-7826\">\n<div class=\"uavc-list-icon  \" data-animation=\"\" data-animation-delay=\"03\" style=\"margin-right:10px;\"><div class=\"ult-just-icon-wrapper  \"><div class=\"align-icon\" style=\"text-align:center;\">\n<div class=\"aio-icon circle \"  style=\"color:#ffffff;background:#008d88;font-size:20px;display:inline-block;\">\n\t<i class=\"Defaults-circle-o\"><\/i>\n<\/div><\/div><\/div>\n<\/div><span  data-ultimate-target='#list-icon-wrap-7826 .uavc-list-desc'  data-responsive-json-new='{\"font-size\":\"desktop:14px;\",\"line-height\":\"\"}'  class=\"uavc-list-desc ult-responsive\" style=\"color:__USE_THEME_MAIN_COLOR__;\">\n<p style=\"text-align: justify;\">Organizar o participar en toda clase de eventos que sirvan a sus fines<\/p>\n<p>&nbsp;<\/p>\n<p>&nbsp;<\/span><\/div><\/li><li><div class=\"uavc-list-content\" id=\"list-icon-wrap-5287\">\n<div class=\"uavc-list-icon  \" data-animation=\"\" data-animation-delay=\"03\" style=\"margin-right:10px;\"><div class=\"ult-just-icon-wrapper  \"><div class=\"align-icon\" style=\"text-align:center;\">\n<div class=\"aio-icon circle \"  style=\"color:#ffffff;background:#008d88;font-size:20px;display:inline-block;\">\n\t<i class=\"Defaults-circle-o\"><\/i>\n<\/div><\/div><\/div>\n<\/div><span  data-ultimate-target='#list-icon-wrap-5287 .uavc-list-desc'  data-responsive-json-new='{\"font-size\":\"desktop:14px;\",\"line-height\":\"\"}'  class=\"uavc-list-desc ult-responsive\" style=\"color:__USE_THEME_MAIN_COLOR__;\">\n<p style=\"text-align: justify;\">Contar con el auxilio de consultor\u00edas t\u00e9cnicas y especialistas en problemas de poblaci\u00f3n y desarrollo<\/p>\n<p>&nbsp;<\/p>\n<p>&nbsp;<\/span><\/div><\/li><li><div class=\"uavc-list-content\" id=\"list-icon-wrap-3735\">\n<div class=\"uavc-list-icon  \" data-animation=\"\" data-animation-delay=\"03\" style=\"margin-right:10px;\"><div class=\"ult-just-icon-wrapper  \"><div class=\"align-icon\" style=\"text-align:center;\">\n<div class=\"aio-icon circle \"  style=\"color:#ffffff;background:#008d88;font-size:20px;display:inline-block;\">\n\t<i class=\"Defaults-circle-o\"><\/i>\n<\/div><\/div><\/div>\n<\/div><span  data-ultimate-target='#list-icon-wrap-3735 .uavc-list-desc'  data-responsive-json-new='{\"font-size\":\"desktop:14px;\",\"line-height\":\"\"}'  class=\"uavc-list-desc ult-responsive\" style=\"color:__USE_THEME_MAIN_COLOR__;\">\n<p style=\"text-align: justify;\">Formular e impartir cursos de capacitaci\u00f3n en materia demogr\u00e1fica<\/p>\n<p>&nbsp;<\/p>\n<p>&nbsp;<\/span><\/div><\/li><li><div class=\"uavc-list-content\" id=\"list-icon-wrap-6830\">\n<div class=\"uavc-list-icon  \" data-animation=\"\" data-animation-delay=\"03\" style=\"margin-right:10px;\"><div class=\"ult-just-icon-wrapper  \"><div class=\"align-icon\" style=\"text-align:center;\">\n<div class=\"aio-icon circle \"  style=\"color:#ffffff;background:#008d88;font-size:20px;display:inline-block;\">\n\t<i class=\"Defaults-circle-o\"><\/i>\n<\/div><\/div><\/div>\n<\/div><span  data-ultimate-target='#list-icon-wrap-6830 .uavc-list-desc'  data-responsive-json-new='{\"font-size\":\"desktop:14px;\",\"line-height\":\"\"}'  class=\"uavc-list-desc ult-responsive\" style=\"color:__USE_THEME_MAIN_COLOR__;\">\n<p style=\"text-align: justify;\">Evaluar los programas que se llevan a cabo las diferentes dependencias y organismos del sector p\u00fablico de acuerdo con los planes demogr\u00e1ficos.<\/p>\n<p>&nbsp;<\/p>\n<p>&nbsp;<\/span><\/div><\/li><\/ul><\/div>[vc_empty_space height=&#8221;52px&#8221;][vc_column_text]<strong>Decreto de creaci\u00f3n<\/strong> (24 de diciembre de 1987)<br \/>\n<strong>Decreto que modifica el Decreto<\/strong> que crea (19 de marzo de 1992)<br \/>\n<strong>Acuerdo de coordinaci\u00f3n Consejo Nacional de Poblaci\u00f3n<\/strong> \u2013 Consejo Estatal de Poblaci\u00f3n[\/vc_column_text][\/vc_column][\/vc_row]\n<\/div>","protected":false},"excerpt":{"rendered":"<p>[vc_row][vc_column][vc_empty_space height=&#8221;52px&#8221;][vc_empty_space height=&#8221;52px&#8221;][vc_column_text] La pol\u00edtica de poblaci\u00f3n en M\u00e9xico se sustenta en las garant\u00edas individuales de la libertad de elegir, el respeto a los valores culturales y la responsabilidad social. [&hellip;]<\/p>\n","protected":false},"author":1,"featured_media":0,"parent":0,"menu_order":0,"comment_status":"closed","ping_status":"closed","template":"one-page-template.php","meta":{"_eb_attr":"","_uag_custom_page_level_css":"","footnotes":""},"class_list":["post-3393","page","type-page","status-publish","hentry"],"yoast_head":"<!-- This site is optimized with the Yoast SEO plugin v27.2 - https:\/\/yoast.com\/product\/yoast-seo-wordpress\/ -->\n<title>Antecedentes - COESPO Quer\u00e9taro<\/title>\n<meta name=\"description\" content=\"La pol\u00edtica de poblaci\u00f3n en M\u00e9xico se sustenta en las garant\u00edas individuales de la libertad de elegir, el respeto a los valores culturales y la responsabilidad social. En 1987 se cre\u00f3 el Consejo Estatal de Poblaci\u00f3n en Quer\u00e9taro, con el objetivo de incorporar los criterios demogr\u00e1ficos en la planeaci\u00f3n del desarrollo, buscando armonizar ambos procesos.\" \/>\n<meta name=\"robots\" content=\"index, follow, max-snippet:-1, max-image-preview:large, max-video-preview:-1\" \/>\n<link rel=\"canonical\" href=\"https:\/\/gobqro.gob.mx\/coespo\/coespo-qro_antecedentes\/\" \/>\n<meta property=\"og:locale\" content=\"es_MX\" \/>\n<meta property=\"og:type\" content=\"article\" \/>\n<meta property=\"og:title\" content=\"Antecedentes - COESPO Quer\u00e9taro\" \/>\n<meta property=\"og:description\" content=\"La pol\u00edtica de poblaci\u00f3n en M\u00e9xico se sustenta en las garant\u00edas individuales de la libertad de elegir, el respeto a los valores culturales y la responsabilidad social. En 1987 se cre\u00f3 el Consejo Estatal de Poblaci\u00f3n en Quer\u00e9taro, con el objetivo de incorporar los criterios demogr\u00e1ficos en la planeaci\u00f3n del desarrollo, buscando armonizar ambos procesos.\" \/>\n<meta property=\"og:url\" content=\"https:\/\/gobqro.gob.mx\/coespo\/coespo-qro_antecedentes\/\" \/>\n<meta property=\"og:site_name\" content=\"COESPO Quer\u00e9taro\" \/>\n<meta property=\"article:modified_time\" content=\"2024-02-20T19:17:45+00:00\" \/>\n<meta name=\"twitter:card\" content=\"summary_large_image\" \/>\n<meta name=\"twitter:label1\" content=\"Tiempo de lectura\" \/>\n\t<meta name=\"twitter:data1\" content=\"2 minutos\" \/>\n<script type=\"application\/ld+json\" class=\"yoast-schema-graph\">{\"@context\":\"https:\/\/schema.org\",\"@graph\":[{\"@type\":\"WebPage\",\"@id\":\"https:\/\/gobqro.gob.mx\/coespo\/coespo-qro_antecedentes\/\",\"url\":\"https:\/\/gobqro.gob.mx\/coespo\/coespo-qro_antecedentes\/\",\"name\":\"Antecedentes - COESPO Quer\u00e9taro\",\"isPartOf\":{\"@id\":\"https:\/\/gobqro.gob.mx\/coespo\/#website\"},\"datePublished\":\"2021-11-12T20:16:14+00:00\",\"dateModified\":\"2024-02-20T19:17:45+00:00\",\"description\":\"La pol\u00edtica de poblaci\u00f3n en M\u00e9xico se sustenta en las garant\u00edas individuales de la libertad de elegir, el respeto a los valores culturales y la responsabilidad social. En 1987 se cre\u00f3 el Consejo Estatal de Poblaci\u00f3n en Quer\u00e9taro, con el objetivo de incorporar los criterios demogr\u00e1ficos en la planeaci\u00f3n del desarrollo, buscando armonizar ambos procesos.\",\"breadcrumb\":{\"@id\":\"https:\/\/gobqro.gob.mx\/coespo\/coespo-qro_antecedentes\/#breadcrumb\"},\"inLanguage\":\"es\",\"potentialAction\":[{\"@type\":\"ReadAction\",\"target\":[\"https:\/\/gobqro.gob.mx\/coespo\/coespo-qro_antecedentes\/\"]}]},{\"@type\":\"BreadcrumbList\",\"@id\":\"https:\/\/gobqro.gob.mx\/coespo\/coespo-qro_antecedentes\/#breadcrumb\",\"itemListElement\":[{\"@type\":\"ListItem\",\"position\":1,\"name\":\"Inicio\",\"item\":\"https:\/\/gobqro.gob.mx\/coespo\/\"},{\"@type\":\"ListItem\",\"position\":2,\"name\":\"Antecedentes\"}]},{\"@type\":\"WebSite\",\"@id\":\"https:\/\/gobqro.gob.mx\/coespo\/#website\",\"url\":\"https:\/\/gobqro.gob.mx\/coespo\/\",\"name\":\"COESPO Quer\u00e9taro\",\"description\":\"Consejo Estatal de Poblaci\u00f3n Quer\u00e9taro\",\"potentialAction\":[{\"@type\":\"SearchAction\",\"target\":{\"@type\":\"EntryPoint\",\"urlTemplate\":\"https:\/\/gobqro.gob.mx\/coespo\/?s={search_term_string}\"},\"query-input\":{\"@type\":\"PropertyValueSpecification\",\"valueRequired\":true,\"valueName\":\"search_term_string\"}}],\"inLanguage\":\"es\"}]}<\/script>\n<!-- \/ Yoast SEO plugin. -->","yoast_head_json":{"title":"Antecedentes - COESPO Quer\u00e9taro","description":"La pol\u00edtica de poblaci\u00f3n en M\u00e9xico se sustenta en las garant\u00edas individuales de la libertad de elegir, el respeto a los valores culturales y la responsabilidad social. En 1987 se cre\u00f3 el Consejo Estatal de Poblaci\u00f3n en Quer\u00e9taro, con el objetivo de incorporar los criterios demogr\u00e1ficos en la planeaci\u00f3n del desarrollo, buscando armonizar ambos procesos.","robots":{"index":"index","follow":"follow","max-snippet":"max-snippet:-1","max-image-preview":"max-image-preview:large","max-video-preview":"max-video-preview:-1"},"canonical":"https:\/\/gobqro.gob.mx\/coespo\/coespo-qro_antecedentes\/","og_locale":"es_MX","og_type":"article","og_title":"Antecedentes - COESPO Quer\u00e9taro","og_description":"La pol\u00edtica de poblaci\u00f3n en M\u00e9xico se sustenta en las garant\u00edas individuales de la libertad de elegir, el respeto a los valores culturales y la responsabilidad social. En 1987 se cre\u00f3 el Consejo Estatal de Poblaci\u00f3n en Quer\u00e9taro, con el objetivo de incorporar los criterios demogr\u00e1ficos en la planeaci\u00f3n del desarrollo, buscando armonizar ambos procesos.","og_url":"https:\/\/gobqro.gob.mx\/coespo\/coespo-qro_antecedentes\/","og_site_name":"COESPO Quer\u00e9taro","article_modified_time":"2024-02-20T19:17:45+00:00","twitter_card":"summary_large_image","twitter_misc":{"Tiempo de lectura":"2 minutos"},"schema":{"@context":"https:\/\/schema.org","@graph":[{"@type":"WebPage","@id":"https:\/\/gobqro.gob.mx\/coespo\/coespo-qro_antecedentes\/","url":"https:\/\/gobqro.gob.mx\/coespo\/coespo-qro_antecedentes\/","name":"Antecedentes - COESPO Quer\u00e9taro","isPartOf":{"@id":"https:\/\/gobqro.gob.mx\/coespo\/#website"},"datePublished":"2021-11-12T20:16:14+00:00","dateModified":"2024-02-20T19:17:45+00:00","description":"La pol\u00edtica de poblaci\u00f3n en M\u00e9xico se sustenta en las garant\u00edas individuales de la libertad de elegir, el respeto a los valores culturales y la responsabilidad social. En 1987 se cre\u00f3 el Consejo Estatal de Poblaci\u00f3n en Quer\u00e9taro, con el objetivo de incorporar los criterios demogr\u00e1ficos en la planeaci\u00f3n del desarrollo, buscando armonizar ambos procesos.","breadcrumb":{"@id":"https:\/\/gobqro.gob.mx\/coespo\/coespo-qro_antecedentes\/#breadcrumb"},"inLanguage":"es","potentialAction":[{"@type":"ReadAction","target":["https:\/\/gobqro.gob.mx\/coespo\/coespo-qro_antecedentes\/"]}]},{"@type":"BreadcrumbList","@id":"https:\/\/gobqro.gob.mx\/coespo\/coespo-qro_antecedentes\/#breadcrumb","itemListElement":[{"@type":"ListItem","position":1,"name":"Inicio","item":"https:\/\/gobqro.gob.mx\/coespo\/"},{"@type":"ListItem","position":2,"name":"Antecedentes"}]},{"@type":"WebSite","@id":"https:\/\/gobqro.gob.mx\/coespo\/#website","url":"https:\/\/gobqro.gob.mx\/coespo\/","name":"COESPO Quer\u00e9taro","description":"Consejo Estatal de Poblaci\u00f3n Quer\u00e9taro","potentialAction":[{"@type":"SearchAction","target":{"@type":"EntryPoint","urlTemplate":"https:\/\/gobqro.gob.mx\/coespo\/?s={search_term_string}"},"query-input":{"@type":"PropertyValueSpecification","valueRequired":true,"valueName":"search_term_string"}}],"inLanguage":"es"}]}},"uagb_featured_image_src":{"full":false,"thumbnail":false,"medium":false,"medium_large":false,"large":false,"1536x1536":false,"2048x2048":false,"_nx_notification_thumb_100_100":false,"_nx_notification_thumb_200_200":false,"_nx_notification_thumb_300_300":false,"_nx_notification_thumb_400_400":false,"_nx_notification_thumb_500_500":false},"uagb_author_info":{"display_name":"coespo_ADM_webM","author_link":"https:\/\/gobqro.gob.mx\/coespo\/author\/coespo_adm_webm\/"},"uagb_comment_info":0,"uagb_excerpt":"[vc_row][vc_column][vc_empty_space height=&#8221;52px&#8221;][vc_empty_space height=&#8221;52px&#8221;][vc_column_text] La pol\u00edtica de poblaci\u00f3n en M\u00e9xico se sustenta en las garant\u00edas individuales de la libertad de elegir, el respeto a los valores culturales y la responsabilidad social. [&hellip;]","_links":{"self":[{"href":"https:\/\/gobqro.gob.mx\/coespo\/wp-json\/wp\/v2\/pages\/3393","targetHints":{"allow":["GET"]}}],"collection":[{"href":"https:\/\/gobqro.gob.mx\/coespo\/wp-json\/wp\/v2\/pages"}],"about":[{"href":"https:\/\/gobqro.gob.mx\/coespo\/wp-json\/wp\/v2\/types\/page"}],"author":[{"embeddable":true,"href":"https:\/\/gobqro.gob.mx\/coespo\/wp-json\/wp\/v2\/users\/1"}],"replies":[{"embeddable":true,"href":"https:\/\/gobqro.gob.mx\/coespo\/wp-json\/wp\/v2\/comments?post=3393"}],"version-history":[{"count":11,"href":"https:\/\/gobqro.gob.mx\/coespo\/wp-json\/wp\/v2\/pages\/3393\/revisions"}],"predecessor-version":[{"id":3768,"href":"https:\/\/gobqro.gob.mx\/coespo\/wp-json\/wp\/v2\/pages\/3393\/revisions\/3768"}],"wp:attachment":[{"href":"https:\/\/gobqro.gob.mx\/coespo\/wp-json\/wp\/v2\/media?parent=3393"}],"curies":[{"name":"wp","href":"https:\/\/api.w.org\/{rel}","templated":true}]}}