{"id":3891,"date":"2024-09-24T04:13:09","date_gmt":"2024-09-24T04:13:09","guid":{"rendered":"https:\/\/gobqro.gob.mx\/coespo\/?page_id=3891"},"modified":"2024-10-10T17:58:18","modified_gmt":"2024-10-10T17:58:18","slug":"concurso-de-dibujo-y-pintura-2024","status":"publish","type":"page","link":"https:\/\/gobqro.gob.mx\/coespo\/concurso-de-dibujo-y-pintura-2024\/","title":{"rendered":"Concurso de Dibujo y Pintura 2024"},"content":{"rendered":"\t\t<div data-elementor-type=\"wp-page\" data-elementor-id=\"3891\" class=\"elementor elementor-3891\">\n\t\t\t\t<div class=\"elementor-element elementor-element-852f8a1 e-flex e-con-boxed e-con e-parent\" data-id=\"852f8a1\" data-element_type=\"container\">\n\t\t\t\t\t<div class=\"e-con-inner\">\n\t\t\t\t\t<\/div>\n\t\t\t\t<\/div>\n\t\t<div class=\"elementor-element elementor-element-d388d3c e-flex e-con-boxed e-con e-parent\" data-id=\"d388d3c\" data-element_type=\"container\">\n\t\t\t\t\t<div class=\"e-con-inner\">\n\t\t\t\t\t<\/div>\n\t\t\t\t<\/div>\n\t\t<div class=\"elementor-element elementor-element-a233e01 e-flex e-con-boxed e-con e-parent\" data-id=\"a233e01\" data-element_type=\"container\">\n\t\t\t\t\t<div class=\"e-con-inner\">\n\t\t\t\t<div class=\"elementor-element elementor-element-5cd79d3 elementor-widget elementor-widget-eael-creative-button\" data-id=\"5cd79d3\" data-element_type=\"widget\" data-widget_type=\"eael-creative-button.default\">\n\t\t\t\t<div class=\"elementor-widget-container\">\n\t\t\t\t\t        <div class=\"eael-creative-button-wrapper\">\n\n            <a class=\"eael-creative-button eael-creative-button--default\" href=\"https:\/\/gobqro.gob.mx\/coespo\/wp-content\/uploads\/2024\/10\/concursoDibujo2024_ok.pdf\" target=\"_blank\" data-text=\"LA CONVO\">\n            \t    \n                <div class=\"creative-button-inner\">\n\n                                            <span class=\"eael-creative-button-icon-left\"><svg aria-hidden=\"true\" class=\"e-font-icon-svg e-far-file-pdf\" viewBox=\"0 0 384 512\" xmlns=\"http:\/\/www.w3.org\/2000\/svg\"><path d=\"M369.9 97.9L286 14C277 5 264.8-.1 252.1-.1H48C21.5 0 0 21.5 0 48v416c0 26.5 21.5 48 48 48h288c26.5 0 48-21.5 48-48V131.9c0-12.7-5.1-25-14.1-34zM332.1 128H256V51.9l76.1 76.1zM48 464V48h160v104c0 13.3 10.7 24 24 24h104v288H48zm250.2-143.7c-12.2-12-47-8.7-64.4-6.5-17.2-10.5-28.7-25-36.8-46.3 3.9-16.1 10.1-40.6 5.4-56-4.2-26.2-37.8-23.6-42.6-5.9-4.4 16.1-.4 38.5 7 67.1-10 23.9-24.9 56-35.4 74.4-20 10.3-47 26.2-51 46.2-3.3 15.8 26 55.2 76.1-31.2 22.4-7.4 46.8-16.5 68.4-20.1 18.9 10.2 41 17 55.8 17 25.5 0 28-28.2 17.5-38.7zm-198.1 77.8c5.1-13.7 24.5-29.5 30.4-35-19 30.3-30.4 35.7-30.4 35zm81.6-190.6c7.4 0 6.7 32.1 1.8 40.8-4.4-13.9-4.3-40.8-1.8-40.8zm-24.4 136.6c9.7-16.9 18-37 24.7-54.7 8.3 15.1 18.9 27.2 30.1 35.5-20.8 4.3-38.9 13.1-54.8 19.2zm131.6-5s-5 6-37.3-7.8c35.1-2.6 40.9 5.4 37.3 7.8z\"><\/path><\/svg><\/span>                    \n                    <span class=\"cretive-button-text\">DESCARGA<\/span>\n\n                                    <\/div>\n\t                        <\/a>\n        <\/div>\n        \t\t\t\t<\/div>\n\t\t\t\t<\/div>\n\t\t\t\t\t<\/div>\n\t\t\t\t<\/div>\n\t\t\t\t<\/div>\n\t\t","protected":false},"excerpt":{"rendered":"<p>DESCARGA<\/p>\n","protected":false},"author":1,"featured_media":0,"parent":0,"menu_order":0,"comment_status":"closed","ping_status":"closed","template":"","meta":{"_eb_attr":"","_uag_custom_page_level_css":"","footnotes":""},"class_list":["post-3891","page","type-page","status-publish","hentry"],"yoast_head":"<!-- This site is optimized with the Yoast SEO plugin v27.2 - https:\/\/yoast.com\/product\/yoast-seo-wordpress\/ -->\n<title>Concurso de Dibujo y Pintura 2024 - COESPO Quer\u00e9taro<\/title>\n<meta name=\"robots\" content=\"index, follow, max-snippet:-1, max-image-preview:large, max-video-preview:-1\" \/>\n<link rel=\"canonical\" href=\"https:\/\/gobqro.gob.mx\/coespo\/concurso-de-dibujo-y-pintura-2024\/\" \/>\n<meta property=\"og:locale\" content=\"es_MX\" \/>\n<meta property=\"og:type\" content=\"article\" \/>\n<meta property=\"og:title\" content=\"Concurso de Dibujo y Pintura 2024 - COESPO Quer\u00e9taro\" \/>\n<meta property=\"og:description\" content=\"DESCARGA\" \/>\n<meta property=\"og:url\" content=\"https:\/\/gobqro.gob.mx\/coespo\/concurso-de-dibujo-y-pintura-2024\/\" \/>\n<meta property=\"og:site_name\" content=\"COESPO Quer\u00e9taro\" \/>\n<meta property=\"article:modified_time\" content=\"2024-10-10T17:58:18+00:00\" \/>\n<meta property=\"og:image\" content=\"https:\/\/gobqro.gob.mx\/coespo\/wp-content\/uploads\/2024\/09\/topCartel.png\" \/>\n<meta name=\"twitter:card\" content=\"summary_large_image\" \/>\n<meta name=\"twitter:label1\" content=\"Tiempo de lectura\" \/>\n\t<meta name=\"twitter:data1\" content=\"1 minuto\" \/>\n<script type=\"application\/ld+json\" class=\"yoast-schema-graph\">{\"@context\":\"https:\/\/schema.org\",\"@graph\":[{\"@type\":\"WebPage\",\"@id\":\"https:\/\/gobqro.gob.mx\/coespo\/concurso-de-dibujo-y-pintura-2024\/\",\"url\":\"https:\/\/gobqro.gob.mx\/coespo\/concurso-de-dibujo-y-pintura-2024\/\",\"name\":\"Concurso de Dibujo y Pintura 2024 - COESPO Quer\u00e9taro\",\"isPartOf\":{\"@id\":\"https:\/\/gobqro.gob.mx\/coespo\/#website\"},\"primaryImageOfPage\":{\"@id\":\"https:\/\/gobqro.gob.mx\/coespo\/concurso-de-dibujo-y-pintura-2024\/#primaryimage\"},\"image\":{\"@id\":\"https:\/\/gobqro.gob.mx\/coespo\/concurso-de-dibujo-y-pintura-2024\/#primaryimage\"},\"thumbnailUrl\":\"https:\/\/gobqro.gob.mx\/coespo\/wp-content\/uploads\/2024\/09\/topCartel.png\",\"datePublished\":\"2024-09-24T04:13:09+00:00\",\"dateModified\":\"2024-10-10T17:58:18+00:00\",\"breadcrumb\":{\"@id\":\"https:\/\/gobqro.gob.mx\/coespo\/concurso-de-dibujo-y-pintura-2024\/#breadcrumb\"},\"inLanguage\":\"es\",\"potentialAction\":[{\"@type\":\"ReadAction\",\"target\":[\"https:\/\/gobqro.gob.mx\/coespo\/concurso-de-dibujo-y-pintura-2024\/\"]}]},{\"@type\":\"ImageObject\",\"inLanguage\":\"es\",\"@id\":\"https:\/\/gobqro.gob.mx\/coespo\/concurso-de-dibujo-y-pintura-2024\/#primaryimage\",\"url\":\"https:\/\/gobqro.gob.mx\/coespo\/wp-content\/uploads\/2024\/09\/topCartel.png\",\"contentUrl\":\"https:\/\/gobqro.gob.mx\/coespo\/wp-content\/uploads\/2024\/09\/topCartel.png\",\"width\":1729,\"height\":859},{\"@type\":\"BreadcrumbList\",\"@id\":\"https:\/\/gobqro.gob.mx\/coespo\/concurso-de-dibujo-y-pintura-2024\/#breadcrumb\",\"itemListElement\":[{\"@type\":\"ListItem\",\"position\":1,\"name\":\"Inicio\",\"item\":\"https:\/\/gobqro.gob.mx\/coespo\/\"},{\"@type\":\"ListItem\",\"position\":2,\"name\":\"Concurso de Dibujo y Pintura 2024\"}]},{\"@type\":\"WebSite\",\"@id\":\"https:\/\/gobqro.gob.mx\/coespo\/#website\",\"url\":\"https:\/\/gobqro.gob.mx\/coespo\/\",\"name\":\"COESPO Quer\u00e9taro\",\"description\":\"Consejo Estatal de Poblaci\u00f3n Quer\u00e9taro\",\"potentialAction\":[{\"@type\":\"SearchAction\",\"target\":{\"@type\":\"EntryPoint\",\"urlTemplate\":\"https:\/\/gobqro.gob.mx\/coespo\/?s={search_term_string}\"},\"query-input\":{\"@type\":\"PropertyValueSpecification\",\"valueRequired\":true,\"valueName\":\"search_term_string\"}}],\"inLanguage\":\"es\"}]}<\/script>\n<!-- \/ Yoast SEO plugin. -->","yoast_head_json":{"title":"Concurso de Dibujo y Pintura 2024 - COESPO Quer\u00e9taro","robots":{"index":"index","follow":"follow","max-snippet":"max-snippet:-1","max-image-preview":"max-image-preview:large","max-video-preview":"max-video-preview:-1"},"canonical":"https:\/\/gobqro.gob.mx\/coespo\/concurso-de-dibujo-y-pintura-2024\/","og_locale":"es_MX","og_type":"article","og_title":"Concurso de Dibujo y Pintura 2024 - COESPO Quer\u00e9taro","og_description":"DESCARGA","og_url":"https:\/\/gobqro.gob.mx\/coespo\/concurso-de-dibujo-y-pintura-2024\/","og_site_name":"COESPO Quer\u00e9taro","article_modified_time":"2024-10-10T17:58:18+00:00","og_image":[{"url":"https:\/\/gobqro.gob.mx\/coespo\/wp-content\/uploads\/2024\/09\/topCartel.png","type":"","width":"","height":""}],"twitter_card":"summary_large_image","twitter_misc":{"Tiempo de lectura":"1 minuto"},"schema":{"@context":"https:\/\/schema.org","@graph":[{"@type":"WebPage","@id":"https:\/\/gobqro.gob.mx\/coespo\/concurso-de-dibujo-y-pintura-2024\/","url":"https:\/\/gobqro.gob.mx\/coespo\/concurso-de-dibujo-y-pintura-2024\/","name":"Concurso de Dibujo y Pintura 2024 - COESPO Quer\u00e9taro","isPartOf":{"@id":"https:\/\/gobqro.gob.mx\/coespo\/#website"},"primaryImageOfPage":{"@id":"https:\/\/gobqro.gob.mx\/coespo\/concurso-de-dibujo-y-pintura-2024\/#primaryimage"},"image":{"@id":"https:\/\/gobqro.gob.mx\/coespo\/concurso-de-dibujo-y-pintura-2024\/#primaryimage"},"thumbnailUrl":"https:\/\/gobqro.gob.mx\/coespo\/wp-content\/uploads\/2024\/09\/topCartel.png","datePublished":"2024-09-24T04:13:09+00:00","dateModified":"2024-10-10T17:58:18+00:00","breadcrumb":{"@id":"https:\/\/gobqro.gob.mx\/coespo\/concurso-de-dibujo-y-pintura-2024\/#breadcrumb"},"inLanguage":"es","potentialAction":[{"@type":"ReadAction","target":["https:\/\/gobqro.gob.mx\/coespo\/concurso-de-dibujo-y-pintura-2024\/"]}]},{"@type":"ImageObject","inLanguage":"es","@id":"https:\/\/gobqro.gob.mx\/coespo\/concurso-de-dibujo-y-pintura-2024\/#primaryimage","url":"https:\/\/gobqro.gob.mx\/coespo\/wp-content\/uploads\/2024\/09\/topCartel.png","contentUrl":"https:\/\/gobqro.gob.mx\/coespo\/wp-content\/uploads\/2024\/09\/topCartel.png","width":1729,"height":859},{"@type":"BreadcrumbList","@id":"https:\/\/gobqro.gob.mx\/coespo\/concurso-de-dibujo-y-pintura-2024\/#breadcrumb","itemListElement":[{"@type":"ListItem","position":1,"name":"Inicio","item":"https:\/\/gobqro.gob.mx\/coespo\/"},{"@type":"ListItem","position":2,"name":"Concurso de Dibujo y Pintura 2024"}]},{"@type":"WebSite","@id":"https:\/\/gobqro.gob.mx\/coespo\/#website","url":"https:\/\/gobqro.gob.mx\/coespo\/","name":"COESPO Quer\u00e9taro","description":"Consejo Estatal de Poblaci\u00f3n Quer\u00e9taro","potentialAction":[{"@type":"SearchAction","target":{"@type":"EntryPoint","urlTemplate":"https:\/\/gobqro.gob.mx\/coespo\/?s={search_term_string}"},"query-input":{"@type":"PropertyValueSpecification","valueRequired":true,"valueName":"search_term_string"}}],"inLanguage":"es"}]}},"uagb_featured_image_src":{"full":false,"thumbnail":false,"medium":false,"medium_large":false,"large":false,"1536x1536":false,"2048x2048":false,"_nx_notification_thumb_100_100":false,"_nx_notification_thumb_200_200":false,"_nx_notification_thumb_300_300":false,"_nx_notification_thumb_400_400":false,"_nx_notification_thumb_500_500":false},"uagb_author_info":{"display_name":"coespo_ADM_webM","author_link":"https:\/\/gobqro.gob.mx\/coespo\/author\/coespo_adm_webm\/"},"uagb_comment_info":0,"uagb_excerpt":"DESCARGA","_links":{"self":[{"href":"https:\/\/gobqro.gob.mx\/coespo\/wp-json\/wp\/v2\/pages\/3891","targetHints":{"allow":["GET"]}}],"collection":[{"href":"https:\/\/gobqro.gob.mx\/coespo\/wp-json\/wp\/v2\/pages"}],"about":[{"href":"https:\/\/gobqro.gob.mx\/coespo\/wp-json\/wp\/v2\/types\/page"}],"author":[{"embeddable":true,"href":"https:\/\/gobqro.gob.mx\/coespo\/wp-json\/wp\/v2\/users\/1"}],"replies":[{"embeddable":true,"href":"https:\/\/gobqro.gob.mx\/coespo\/wp-json\/wp\/v2\/comments?post=3891"}],"version-history":[{"count":19,"href":"https:\/\/gobqro.gob.mx\/coespo\/wp-json\/wp\/v2\/pages\/3891\/revisions"}],"predecessor-version":[{"id":3927,"href":"https:\/\/gobqro.gob.mx\/coespo\/wp-json\/wp\/v2\/pages\/3891\/revisions\/3927"}],"wp:attachment":[{"href":"https:\/\/gobqro.gob.mx\/coespo\/wp-json\/wp\/v2\/media?parent=3891"}],"curies":[{"name":"wp","href":"https:\/\/api.w.org\/{rel}","templated":true}]}}