{"id":511,"date":"2017-07-03T17:03:33","date_gmt":"2017-07-03T17:03:33","guid":{"rendered":"https:\/\/upperinc.com\/previews\/wp\/raven\/multipage\/?page_id=511"},"modified":"2017-07-03T17:03:33","modified_gmt":"2017-07-03T17:03:33","slug":"info-circle","status":"publish","type":"page","link":"https:\/\/gobqro.gob.mx\/coespo\/info-circle\/","title":{"rendered":"Info Circle"},"content":{"rendered":"<div class=\"wpb-content-wrapper\">[vc_row css=&#8221;.vc_custom_1463690976700{margin-top: 80px !important;}&#8221;][vc_column width=&#8221;1\/2&#8243;][vc_empty_space height=&#8221;50px&#8221;][vc_column_text css=&#8221;.vc_custom_1463690833706{padding-top: 80px !important;padding-bottom: 50px !important;}&#8221;]\n<h2>Our awesome team!<\/h2>\n[\/vc_column_text][vc_column_text]\n<p style=\"text-align: left\">Authoritatively facilitate interdependent paradigms before parallel. Dynamically incubate extensible technology and economically sound alignments. Conveniently actualize B2C innovation through cost before effective deliverables.\u00a0Dynamically incubate extensible technology and economically sound alignments<\/p>\n[\/vc_column_text][\/vc_column][vc_column width=&#8221;1\/2&#8243; css=&#8221;.vc_custom_1462380079249{padding-bottom: 80px !important;}&#8221;]<div class=\"info-wrapper ult-adjust-bottom-margin\"><div id=\"info-circle-wrapper-69e8f74dcbedd\" data-uniqid=\"69e8f74dcbedd\" class=\"info-circle-wrapper  info-circle-responsive \" data-half-percentage=\"70\" data-circle-type=\"full-circle\"><div class=\"info-c-full-br\" style='border:2px solid #ededed;width:150%;opacity:0;' data-start-degree=\"90\" data-divert=\"\" data-info-circle-angle=\"full\" data-responsive-circle=\"on\" data-responsive-breakpoint=\"800\" data-launch=\"easeOutElastic\" data-launch-duration=\"1\" data-launch-delay=\"0.2\" data-slide-true=\"on\" data-slide-duration=\"5\" data-icon-size=\"32\" data-icon-show=\"not-show\" data-icon-show-size=\"\" data-highlight-style=\"info-circle-pulse\" data-focus-on=\"hover\"><div  class=\"icon-circle-list\"><div class=\"info-circle-icons \" style=\"background:#c16e8a;color:#ffffff;\" ><i class=\"Defaults-home info-circle-icon\" ><\/i><\/div><div class=\"info-details\" data-icon-class=\"ult-info-circle-icon\"><div class=\"info-circle-def\"><div  class=\"info-circle-sub-def\"><i class=\"Defaults-home info-circle-icon\" ><\/i><div class=\"responsive-font-class ult-responsive\" ><h3  data-ultimate-target='#info-cirlce-wrap-1940 .responsive-font-class h3.new-cust-responsive-class'  data-responsive-json-new='{\"font-size\":\"\",\"line-height\":\"\"}'  class=\"info-circle-heading ult-responsive new-cust-responsive-class\" style=\"font-weight:normal;\">Brand New Features<\/h3><div  class=\"info-circle-text \" style=\"font-weight:normal;\">Competently transform proactive internal or &#8220;organic&#8221;.<\/div><\/div><\/div><\/div><\/div><div class=\"info-circle-icons \" style=\"background:#fcea5f;color:#ffffff;\" ><i class=\"Defaults-headphones info-circle-icon\" ><\/i><\/div><div class=\"info-details\" data-icon-class=\"ult-info-circle-icon\"><div class=\"info-circle-def\"><div  class=\"info-circle-sub-def\"><i class=\"Defaults-headphones info-circle-icon\" ><\/i><div class=\"responsive-font-class ult-responsive\" ><h3  data-ultimate-target='#info-cirlce-wrap-1940 .responsive-font-class h3.new-cust-responsive-class'  data-responsive-json-new='{\"font-size\":\"\",\"line-height\":\"\"}'  class=\"info-circle-heading ult-responsive new-cust-responsive-class\" style=\"font-weight:normal;\">Done Awesomely<\/h3><div  class=\"info-circle-text \" style=\"font-weight:normal;\">Quicquam fratrum declivia gravitate. Nam coegit alto unda.<\/div><\/div><\/div><\/div><\/div><div class=\"info-circle-icons \" style=\"background:#3685c1;color:#ffffff;\" ><i class=\"Defaults-cogs gears info-circle-icon\" ><\/i><\/div><div class=\"info-details\" data-icon-class=\"ult-info-circle-icon\"><div class=\"info-circle-def\"><div  class=\"info-circle-sub-def\"><i class=\"Defaults-cogs gears info-circle-icon\" ><\/i><div class=\"responsive-font-class ult-responsive\" ><h3  data-ultimate-target='#info-cirlce-wrap-1940 .responsive-font-class h3.new-cust-responsive-class'  data-responsive-json-new='{\"font-size\":\"\",\"line-height\":\"\"}'  class=\"info-circle-heading ult-responsive new-cust-responsive-class\" style=\"font-weight:normal;\">100% Mobile Ready<\/h3><div  class=\"info-circle-text \" style=\"font-weight:normal;\">Pumero divino toto prima ensis. Cingebant uno pluvialibus.<\/div><\/div><\/div><\/div><\/div><div class=\"info-circle-icons \" style=\"background:#ce4c4c;color:#ffffff;\" ><i class=\"Defaults-group users info-circle-icon\" ><\/i><\/div><div class=\"info-details\" data-icon-class=\"ult-info-circle-icon\"><div class=\"info-circle-def\"><div  class=\"info-circle-sub-def\"><i class=\"Defaults-group users info-circle-icon\" ><\/i><div class=\"responsive-font-class ult-responsive\" ><h3  data-ultimate-target='#info-cirlce-wrap-1940 .responsive-font-class h3.new-cust-responsive-class'  data-responsive-json-new='{\"font-size\":\"\",\"line-height\":\"\"}'  class=\"info-circle-heading ult-responsive new-cust-responsive-class\" style=\"font-weight:normal;\">Award Winning<\/h3><div  class=\"info-circle-text \" style=\"font-weight:normal;\">Nitidis locum auroram dissaepserat ulla dextra rapidisque.<\/div><\/div><\/div><\/div><\/div><div class=\"info-circle-icons \" style=\"background:#84566e;color:#ffffff;\" ><i class=\"Defaults-flask info-circle-icon\" ><\/i><\/div><div class=\"info-details\" data-icon-class=\"ult-info-circle-icon\"><div class=\"info-circle-def\"><div  class=\"info-circle-sub-def\"><i class=\"Defaults-flask info-circle-icon\" ><\/i><div class=\"responsive-font-class ult-responsive\" ><h3  data-ultimate-target='#info-cirlce-wrap-1940 .responsive-font-class h3.new-cust-responsive-class'  data-responsive-json-new='{\"font-size\":\"\",\"line-height\":\"\"}'  class=\"info-circle-heading ult-responsive new-cust-responsive-class\" style=\"font-weight:normal;\">New Technology <\/h3><div  class=\"info-circle-text \" style=\"font-weight:normal;\">Phosfluorescently redefine plug-and-play best practices.<\/div><\/div><\/div><\/div><\/div><div class=\"info-circle-icons \" style=\"background:#4dc665;color:#ffffff;\" ><i class=\"Defaults-umbrella info-circle-icon\" ><\/i><\/div><div class=\"info-details\" data-icon-class=\"ult-info-circle-icon\"><div class=\"info-circle-def\"><div  class=\"info-circle-sub-def\"><i class=\"Defaults-umbrella info-circle-icon\" ><\/i><div class=\"responsive-font-class ult-responsive\" ><h3  data-ultimate-target='#info-cirlce-wrap-1940 .responsive-font-class h3.new-cust-responsive-class'  data-responsive-json-new='{\"font-size\":\"\",\"line-height\":\"\"}'  class=\"info-circle-heading ult-responsive new-cust-responsive-class\" style=\"font-weight:normal;\">Ultimate Solution<\/h3><div  class=\"info-circle-text \" style=\"font-weight:normal;\">Nam coegit alto unda austro liberioris effigiem?<\/div><\/div><\/div><\/div><\/div><\/div><div id=\"info-cirlce-wrap-1940\" class=\"info-c-full\" style=\"border:10px solid #f4f4f4;background-color:#1abc9c;color:#ffffff;width:60%;height:60%;margin:20%;\"><div class=\"info-c-full-wrap\"><\/div><\/div><\/div><div class=\"smile_icon_list_wrap \" data-content_bg=\"#1abc9c\" data-content_color=\"#ffffff\">\n\t\t\t\t\t\t\t<ul id=\"info-cirlce-wrap-1940\" class=\"smile_icon_list left circle with_bg\"><li class=\"icon_list_item\" style=\"font-size:96px;\">\n\t\t\t\t\t\t\t\t\t<div class=\"icon_list_icon\" style=\"font-size:32px;width:32px;height:32px;line-height:1;\">\n\t\t\t\t\t\t\t\t\t\t<i class=\"smt-pencil\"><\/i>\n\t\t\t\t\t\t\t\t\t<\/div>\n\t\t\t\t\t\t\t\t\t<div  class=\"icon_description\" style=\"font-size:32px;\">\n\t\t\t\t\t\t\t\t\t\t<div class=\"responsive-font-class ult-responsive\"  data-ultimate-target='#info-cirlce-wrap-1940 .responsive-font-class *'  data-responsive-json-new='{\"font-size\":\"\",\"line-height\":\"\"}'  style=\"font-weight:normal;\">\n\t\t\t\t\t\t\t\t\t\t\t<h3  data-ultimate-target='#info-cirlce-wrap-1940 .responsive-font-class h3.new-cust-responsive-class'  data-responsive-json-new='{\"font-size\":\"\",\"line-height\":\"\"}'  class=\"ult-responsive new-cust-responsive-class\" style=\"font-weight:normal;\"><\/h3>\n\t\t\t\t\t\t\t\t\t\t\t<p><\/p>\n\t\t\t\t\t\t\t\t\t\t<\/div>\n\t\t\t\t\t\t\t\t\t<\/div>\n\t\t\t\t\t\t\t\t\t<div class=\"icon_list_connector\" style=\" border-style:solid;border-color:#ededed; left:16px; top:32px;\">\n\t\t\t\t\t\t\t\t\t<\/div><\/li><\/ul>\n\t\t\t\t\t\t<\/div><\/div><\/div>[\/vc_column][\/vc_row][vc_row bg_type=&#8221;bg_color&#8221; bg_override=&#8221;ex-full&#8221; css=&#8221;.vc_custom_1462383003377{padding-top: 100px !important;padding-bottom: 100px !important;}&#8221; bg_color_value=&#8221;#f7f7f7&#8243;][vc_column width=&#8221;1\/2&#8243;]<div class=\"info-wrapper ult-adjust-bottom-margin\"><div id=\"info-circle-wrapper-69e8f74dcbfdb\" data-uniqid=\"69e8f74dcbfdb\" class=\"info-circle-wrapper  info-circle-responsive \" data-half-percentage=\"70\" data-circle-type=\"full-circle\"><div class=\"info-c-full-br\" style='border:2px dashed #c4c4c4;width:150%;opacity:0;' data-start-degree=\"90\" data-divert=\"\" data-info-circle-angle=\"full\" data-responsive-circle=\"on\" data-responsive-breakpoint=\"800\" data-launch=\"easeOutElastic\" data-launch-duration=\"1\" data-launch-delay=\"0.2\" data-slide-true=\"on\" data-slide-duration=\"5\" data-icon-size=\"32\" data-icon-show=\"not-show\" data-icon-show-size=\"\" data-highlight-style=\"info-circle-push\" data-focus-on=\"hover\"><div  class=\"icon-circle-list\"><div class=\"info-circle-icons \" style=\"background:#ffffff;color:#3d3d3d;border-style:dashed;border-width:2px;border-color:#3d3d3d;\" ><i class=\"Defaults-rocket info-circle-icon\" ><\/i><\/div><div class=\"info-details\" data-icon-class=\"ult-info-circle-icon\"><div class=\"info-circle-def\"><div  class=\"info-circle-sub-def\"><i class=\"Defaults-rocket info-circle-icon\" ><\/i><div class=\"responsive-font-class ult-responsive\" ><h3  data-ultimate-target='#info-cirlce-wrap-7115 .responsive-font-class h3.new-cust-responsive-class'  data-responsive-json-new='{\"font-size\":\"\",\"line-height\":\"\"}'  class=\"info-circle-heading ult-responsive new-cust-responsive-class\" style=\"font-weight:normal;font-weight:normal;\">Brand New Features<\/h3><div  class=\"info-circle-text \" style=\"font-weight:normal;font-weight:normal;\">Competently transform proactive internal or &#8220;organic&#8221;.<\/div><\/div><\/div><\/div><\/div><div class=\"info-circle-icons \" style=\"background:#ffffff;color:#3d3d3d;border-style:dashed;border-width:2px;border-color:#3d3d3d;\" ><i class=\"Defaults-retweet info-circle-icon\" ><\/i><\/div><div class=\"info-details\" data-icon-class=\"ult-info-circle-icon\"><div class=\"info-circle-def\"><div  class=\"info-circle-sub-def\"><i class=\"Defaults-retweet info-circle-icon\" ><\/i><div class=\"responsive-font-class ult-responsive\" ><h3  data-ultimate-target='#info-cirlce-wrap-7115 .responsive-font-class h3.new-cust-responsive-class'  data-responsive-json-new='{\"font-size\":\"\",\"line-height\":\"\"}'  class=\"info-circle-heading ult-responsive new-cust-responsive-class\" style=\"font-weight:normal;font-weight:normal;\">100% Mobile Ready<\/h3><div  class=\"info-circle-text \" style=\"font-weight:normal;font-weight:normal;\">Pumero divino toto prima ensis. Cingebant uno pluvialibus.<\/div><\/div><\/div><\/div><\/div><div class=\"info-circle-icons \" style=\"background:#ffffff;color:#3d3d3d;border-style:dashed;border-width:2px;border-color:#3d3d3d;\" ><i class=\"Defaults-bullhorn info-circle-icon\" ><\/i><\/div><div class=\"info-details\" data-icon-class=\"ult-info-circle-icon\"><div class=\"info-circle-def\"><div  class=\"info-circle-sub-def\"><i class=\"Defaults-bullhorn info-circle-icon\" ><\/i><div class=\"responsive-font-class ult-responsive\" ><h3  data-ultimate-target='#info-cirlce-wrap-7115 .responsive-font-class h3.new-cust-responsive-class'  data-responsive-json-new='{\"font-size\":\"\",\"line-height\":\"\"}'  class=\"info-circle-heading ult-responsive new-cust-responsive-class\" style=\"font-weight:normal;font-weight:normal;\">Award Winning<\/h3><div  class=\"info-circle-text \" style=\"font-weight:normal;font-weight:normal;\">Nitidis locum auroram dissaepserat ulla dextra rapidisque.<\/div><\/div><\/div><\/div><\/div><div class=\"info-circle-icons \" style=\"background:#ffffff;color:#3d3d3d;border-style:dashed;border-width:2px;border-color:#3d3d3d;\" ><i class=\"Defaults-puzzle-piece info-circle-icon\" ><\/i><\/div><div class=\"info-details\" data-icon-class=\"ult-info-circle-icon\"><div class=\"info-circle-def\"><div  class=\"info-circle-sub-def\"><i class=\"Defaults-puzzle-piece info-circle-icon\" ><\/i><div class=\"responsive-font-class ult-responsive\" ><h3  data-ultimate-target='#info-cirlce-wrap-7115 .responsive-font-class h3.new-cust-responsive-class'  data-responsive-json-new='{\"font-size\":\"\",\"line-height\":\"\"}'  class=\"info-circle-heading ult-responsive new-cust-responsive-class\" style=\"font-weight:normal;font-weight:normal;\">New Technology <\/h3><div  class=\"info-circle-text \" style=\"font-weight:normal;font-weight:normal;\">Phosfluorescently redefine plug-and-play best practices.<\/div><\/div><\/div><\/div><\/div><div class=\"info-circle-icons \" style=\"background:#ffffff;color:#3d3d3d;border-style:dashed;border-width:2px;border-color:#3d3d3d;\" ><i class=\"Defaults-chain-broken unlink info-circle-icon\" ><\/i><\/div><div class=\"info-details\" data-icon-class=\"ult-info-circle-icon\"><div class=\"info-circle-def\"><div  class=\"info-circle-sub-def\"><i class=\"Defaults-chain-broken unlink info-circle-icon\" ><\/i><div class=\"responsive-font-class ult-responsive\" ><h3  data-ultimate-target='#info-cirlce-wrap-7115 .responsive-font-class h3.new-cust-responsive-class'  data-responsive-json-new='{\"font-size\":\"\",\"line-height\":\"\"}'  class=\"info-circle-heading ult-responsive new-cust-responsive-class\" style=\"font-weight:normal;font-weight:normal;\">100% Mobile Ready<\/h3><div  class=\"info-circle-text \" style=\"font-weight:normal;font-weight:normal;\">Pumero divino toto prima ensis. Cingebant uno pluvialibus.<\/div><\/div><\/div><\/div><\/div><\/div><div id=\"info-cirlce-wrap-7115\" class=\"info-c-full\" style=\"border:7px solid #686868;background-color:#3d3d3d;color:#ffffff;width:60%;height:60%;margin:20%;\"><div class=\"info-c-full-wrap\"><\/div><\/div><\/div><div class=\"smile_icon_list_wrap \" data-content_bg=\"#3d3d3d\" data-content_color=\"#ffffff\">\n\t\t\t\t\t\t\t<ul id=\"info-cirlce-wrap-7115\" class=\"smile_icon_list left circle with_bg\"><li class=\"icon_list_item\" style=\"font-size:96px;\">\n\t\t\t\t\t\t\t\t\t<div class=\"icon_list_icon\" style=\"font-size:32px;width:32px;height:32px;line-height:1;\">\n\t\t\t\t\t\t\t\t\t\t<i class=\"smt-pencil\"><\/i>\n\t\t\t\t\t\t\t\t\t<\/div>\n\t\t\t\t\t\t\t\t\t<div  class=\"icon_description\" style=\"font-size:32px;\">\n\t\t\t\t\t\t\t\t\t\t<div class=\"responsive-font-class ult-responsive\"  data-ultimate-target='#info-cirlce-wrap-7115 .responsive-font-class *'  data-responsive-json-new='{\"font-size\":\"\",\"line-height\":\"\"}'  style=\"font-weight:normal;font-weight:normal;\">\n\t\t\t\t\t\t\t\t\t\t\t<h3  data-ultimate-target='#info-cirlce-wrap-7115 .responsive-font-class h3.new-cust-responsive-class'  data-responsive-json-new='{\"font-size\":\"\",\"line-height\":\"\"}'  class=\"ult-responsive new-cust-responsive-class\" style=\"font-weight:normal;font-weight:normal;\"><\/h3>\n\t\t\t\t\t\t\t\t\t\t\t<p><\/p>\n\t\t\t\t\t\t\t\t\t\t<\/div>\n\t\t\t\t\t\t\t\t\t<\/div>\n\t\t\t\t\t\t\t\t\t<div class=\"icon_list_connector\" style=\" border-style:dashed;border-color:#c4c4c4; left:16px; top:32px;\">\n\t\t\t\t\t\t\t\t\t<\/div><\/li><\/ul>\n\t\t\t\t\t\t<\/div><\/div><\/div>[\/vc_column][vc_column width=&#8221;1\/2&#8243; css=&#8221;.vc_custom_1462380079249{padding-bottom: 80px !important;}&#8221;][vc_empty_space height=&#8221;50px&#8221;][vc_column_text css=&#8221;.vc_custom_1463690905075{padding-top: 80px !important;padding-bottom: 50px !important;}&#8221;]\n<h2 style=\"text-align: right\">Our awesome team!<\/h2>\n[\/vc_column_text][vc_column_text]\n<p style=\"text-align: right\">Authoritatively facilitate interdependent paradigms before parallel. Dynamically incubate extensible technology and economically sound alignments. Conveniently actualize B2C innovation through cost before effective deliverables.\u00a0Dynamically incubate extensible technology and economically sound alignments<\/p>\n[\/vc_column_text][\/vc_column][\/vc_row]\n<\/div>","protected":false},"excerpt":{"rendered":"<p>[vc_row css=&#8221;.vc_custom_1463690976700{margin-top: 80px !important;}&#8221;][vc_column width=&#8221;1\/2&#8243;][vc_empty_space height=&#8221;50px&#8221;][vc_column_text css=&#8221;.vc_custom_1463690833706{padding-top: 80px !important;padding-bottom: 50px !important;}&#8221;] Our awesome team! [\/vc_column_text][vc_column_text] Authoritatively facilitate interdependent paradigms before parallel. Dynamically incubate extensible technology and economically sound alignments. Conveniently [&hellip;]<\/p>\n","protected":false},"author":1,"featured_media":0,"parent":0,"menu_order":0,"comment_status":"closed","ping_status":"closed","template":"page.php","meta":{"_eb_attr":"","_uag_custom_page_level_css":"","footnotes":""},"class_list":["post-511","page","type-page","status-publish","hentry"],"yoast_head":"<!-- This site is optimized with the Yoast SEO plugin v27.2 - https:\/\/yoast.com\/product\/yoast-seo-wordpress\/ -->\n<title>Info Circle - COESPO Quer\u00e9taro<\/title>\n<meta name=\"robots\" content=\"index, follow, max-snippet:-1, max-image-preview:large, max-video-preview:-1\" \/>\n<link rel=\"canonical\" href=\"https:\/\/gobqro.gob.mx\/coespo\/elements__trashed\/info-circle\/\" \/>\n<meta property=\"og:locale\" content=\"es_MX\" \/>\n<meta property=\"og:type\" content=\"article\" \/>\n<meta property=\"og:title\" content=\"Info Circle - COESPO Quer\u00e9taro\" \/>\n<meta property=\"og:description\" content=\"[vc_row css=&#8221;.vc_custom_1463690976700{margin-top: 80px !important;}&#8221;][vc_column width=&#8221;1\/2&#8243;][vc_empty_space height=&#8221;50px&#8221;][vc_column_text css=&#8221;.vc_custom_1463690833706{padding-top: 80px !important;padding-bottom: 50px !important;}&#8221;] Our awesome team! [\/vc_column_text][vc_column_text] Authoritatively facilitate interdependent paradigms before parallel. Dynamically incubate extensible technology and economically sound alignments. Conveniently [&hellip;]\" \/>\n<meta property=\"og:url\" content=\"https:\/\/gobqro.gob.mx\/coespo\/elements__trashed\/info-circle\/\" \/>\n<meta property=\"og:site_name\" content=\"COESPO Quer\u00e9taro\" \/>\n<meta name=\"twitter:card\" content=\"summary_large_image\" \/>\n<meta name=\"twitter:label1\" content=\"Tiempo de lectura\" \/>\n\t<meta name=\"twitter:data1\" content=\"4 minutos\" \/>\n<script type=\"application\/ld+json\" class=\"yoast-schema-graph\">{\"@context\":\"https:\/\/schema.org\",\"@graph\":[{\"@type\":\"WebPage\",\"@id\":\"https:\/\/gobqro.gob.mx\/coespo\/elements__trashed\/info-circle\/\",\"url\":\"https:\/\/gobqro.gob.mx\/coespo\/elements__trashed\/info-circle\/\",\"name\":\"Info Circle - COESPO Quer\u00e9taro\",\"isPartOf\":{\"@id\":\"https:\/\/gobqro.gob.mx\/coespo\/#website\"},\"datePublished\":\"2017-07-03T17:03:33+00:00\",\"breadcrumb\":{\"@id\":\"https:\/\/gobqro.gob.mx\/coespo\/elements__trashed\/info-circle\/#breadcrumb\"},\"inLanguage\":\"es\",\"potentialAction\":[{\"@type\":\"ReadAction\",\"target\":[\"https:\/\/gobqro.gob.mx\/coespo\/elements__trashed\/info-circle\/\"]}]},{\"@type\":\"BreadcrumbList\",\"@id\":\"https:\/\/gobqro.gob.mx\/coespo\/elements__trashed\/info-circle\/#breadcrumb\",\"itemListElement\":[{\"@type\":\"ListItem\",\"position\":1,\"name\":\"Inicio\",\"item\":\"https:\/\/gobqro.gob.mx\/coespo\/\"},{\"@type\":\"ListItem\",\"position\":2,\"name\":\"Info Circle\"}]},{\"@type\":\"WebSite\",\"@id\":\"https:\/\/gobqro.gob.mx\/coespo\/#website\",\"url\":\"https:\/\/gobqro.gob.mx\/coespo\/\",\"name\":\"COESPO Quer\u00e9taro\",\"description\":\"Consejo Estatal de Poblaci\u00f3n Quer\u00e9taro\",\"potentialAction\":[{\"@type\":\"SearchAction\",\"target\":{\"@type\":\"EntryPoint\",\"urlTemplate\":\"https:\/\/gobqro.gob.mx\/coespo\/?s={search_term_string}\"},\"query-input\":{\"@type\":\"PropertyValueSpecification\",\"valueRequired\":true,\"valueName\":\"search_term_string\"}}],\"inLanguage\":\"es\"}]}<\/script>\n<!-- \/ Yoast SEO plugin. -->","yoast_head_json":{"title":"Info Circle - COESPO Quer\u00e9taro","robots":{"index":"index","follow":"follow","max-snippet":"max-snippet:-1","max-image-preview":"max-image-preview:large","max-video-preview":"max-video-preview:-1"},"canonical":"https:\/\/gobqro.gob.mx\/coespo\/elements__trashed\/info-circle\/","og_locale":"es_MX","og_type":"article","og_title":"Info Circle - COESPO Quer\u00e9taro","og_description":"[vc_row css=&#8221;.vc_custom_1463690976700{margin-top: 80px !important;}&#8221;][vc_column width=&#8221;1\/2&#8243;][vc_empty_space height=&#8221;50px&#8221;][vc_column_text css=&#8221;.vc_custom_1463690833706{padding-top: 80px !important;padding-bottom: 50px !important;}&#8221;] Our awesome team! [\/vc_column_text][vc_column_text] Authoritatively facilitate interdependent paradigms before parallel. Dynamically incubate extensible technology and economically sound alignments. Conveniently [&hellip;]","og_url":"https:\/\/gobqro.gob.mx\/coespo\/elements__trashed\/info-circle\/","og_site_name":"COESPO Quer\u00e9taro","twitter_card":"summary_large_image","twitter_misc":{"Tiempo de lectura":"4 minutos"},"schema":{"@context":"https:\/\/schema.org","@graph":[{"@type":"WebPage","@id":"https:\/\/gobqro.gob.mx\/coespo\/elements__trashed\/info-circle\/","url":"https:\/\/gobqro.gob.mx\/coespo\/elements__trashed\/info-circle\/","name":"Info Circle - COESPO Quer\u00e9taro","isPartOf":{"@id":"https:\/\/gobqro.gob.mx\/coespo\/#website"},"datePublished":"2017-07-03T17:03:33+00:00","breadcrumb":{"@id":"https:\/\/gobqro.gob.mx\/coespo\/elements__trashed\/info-circle\/#breadcrumb"},"inLanguage":"es","potentialAction":[{"@type":"ReadAction","target":["https:\/\/gobqro.gob.mx\/coespo\/elements__trashed\/info-circle\/"]}]},{"@type":"BreadcrumbList","@id":"https:\/\/gobqro.gob.mx\/coespo\/elements__trashed\/info-circle\/#breadcrumb","itemListElement":[{"@type":"ListItem","position":1,"name":"Inicio","item":"https:\/\/gobqro.gob.mx\/coespo\/"},{"@type":"ListItem","position":2,"name":"Info Circle"}]},{"@type":"WebSite","@id":"https:\/\/gobqro.gob.mx\/coespo\/#website","url":"https:\/\/gobqro.gob.mx\/coespo\/","name":"COESPO Quer\u00e9taro","description":"Consejo Estatal de Poblaci\u00f3n Quer\u00e9taro","potentialAction":[{"@type":"SearchAction","target":{"@type":"EntryPoint","urlTemplate":"https:\/\/gobqro.gob.mx\/coespo\/?s={search_term_string}"},"query-input":{"@type":"PropertyValueSpecification","valueRequired":true,"valueName":"search_term_string"}}],"inLanguage":"es"}]}},"uagb_featured_image_src":{"full":false,"thumbnail":false,"medium":false,"medium_large":false,"large":false,"1536x1536":false,"2048x2048":false,"_nx_notification_thumb_100_100":false,"_nx_notification_thumb_200_200":false,"_nx_notification_thumb_300_300":false,"_nx_notification_thumb_400_400":false,"_nx_notification_thumb_500_500":false},"uagb_author_info":{"display_name":"coespo_ADM_webM","author_link":"https:\/\/gobqro.gob.mx\/coespo\/author\/coespo_adm_webm\/"},"uagb_comment_info":0,"uagb_excerpt":"[vc_row css=&#8221;.vc_custom_1463690976700{margin-top: 80px !important;}&#8221;][vc_column width=&#8221;1\/2&#8243;][vc_empty_space height=&#8221;50px&#8221;][vc_column_text css=&#8221;.vc_custom_1463690833706{padding-top: 80px !important;padding-bottom: 50px !important;}&#8221;] Our awesome team! [\/vc_column_text][vc_column_text] Authoritatively facilitate interdependent paradigms before parallel. Dynamically incubate extensible technology and economically sound alignments. Conveniently [&hellip;]","_links":{"self":[{"href":"https:\/\/gobqro.gob.mx\/coespo\/wp-json\/wp\/v2\/pages\/511","targetHints":{"allow":["GET"]}}],"collection":[{"href":"https:\/\/gobqro.gob.mx\/coespo\/wp-json\/wp\/v2\/pages"}],"about":[{"href":"https:\/\/gobqro.gob.mx\/coespo\/wp-json\/wp\/v2\/types\/page"}],"author":[{"embeddable":true,"href":"https:\/\/gobqro.gob.mx\/coespo\/wp-json\/wp\/v2\/users\/1"}],"replies":[{"embeddable":true,"href":"https:\/\/gobqro.gob.mx\/coespo\/wp-json\/wp\/v2\/comments?post=511"}],"version-history":[{"count":0,"href":"https:\/\/gobqro.gob.mx\/coespo\/wp-json\/wp\/v2\/pages\/511\/revisions"}],"wp:attachment":[{"href":"https:\/\/gobqro.gob.mx\/coespo\/wp-json\/wp\/v2\/media?parent=511"}],"curies":[{"name":"wp","href":"https:\/\/api.w.org\/{rel}","templated":true}]}}