{"id":1388,"date":"2024-01-15T13:12:44","date_gmt":"2024-01-15T19:12:44","guid":{"rendered":"https:\/\/gobqro.gob.mx\/sduop\/?page_id=1388"},"modified":"2025-01-28T18:06:07","modified_gmt":"2025-01-29T00:06:07","slug":"licitaciones-2024","status":"publish","type":"page","link":"https:\/\/gobqro.gob.mx\/sduop\/licitaciones-2024\/","title":{"rendered":"LICITACIONES 2024"},"content":{"rendered":"\t\t<div data-elementor-type=\"wp-page\" data-elementor-id=\"1388\" class=\"elementor elementor-1388\" data-elementor-settings=\"{&quot;ha_cmc_init_switcher&quot;:&quot;no&quot;}\">\n\t\t\t\t\t\t<section class=\"elementor-section elementor-top-section elementor-element elementor-element-e5f9303 elementor-section-boxed elementor-section-height-default elementor-section-height-default\" data-id=\"e5f9303\" data-element_type=\"section\" data-e-type=\"section\" data-settings=\"{&quot;_ha_eqh_enable&quot;:false}\">\n\t\t\t\t\t\t<div class=\"elementor-container elementor-column-gap-default\">\n\t\t\t\t\t<div class=\"aux-parallax-section elementor-column elementor-col-100 elementor-top-column elementor-element elementor-element-c08999b\" data-id=\"c08999b\" data-element_type=\"column\" data-e-type=\"column\">\n\t\t\t<div class=\"elementor-widget-wrap elementor-element-populated\">\n\t\t\t\t\t\t<div class=\"elementor-element elementor-element-bcf7863 elementor-widget elementor-widget-spacer\" data-id=\"bcf7863\" data-element_type=\"widget\" data-e-type=\"widget\" data-widget_type=\"spacer.default\">\n\t\t\t\t<div class=\"elementor-widget-container\">\n\t\t\t\t\t\t\t<div class=\"elementor-spacer\">\n\t\t\t<div class=\"elementor-spacer-inner\"><\/div>\n\t\t<\/div>\n\t\t\t\t\t\t<\/div>\n\t\t\t\t<\/div>\n\t\t\t\t\t<\/div>\n\t\t<\/div>\n\t\t\t\t\t<\/div>\n\t\t<\/section>\n\t\t\t\t<section class=\"elementor-section elementor-top-section elementor-element elementor-element-a767ef9 elementor-section-boxed elementor-section-height-default elementor-section-height-default\" data-id=\"a767ef9\" data-element_type=\"section\" data-e-type=\"section\" data-settings=\"{&quot;_ha_eqh_enable&quot;:false}\">\n\t\t\t\t\t\t<div class=\"elementor-container elementor-column-gap-default\">\n\t\t\t\t\t<div class=\"aux-parallax-section elementor-column elementor-col-100 elementor-top-column elementor-element elementor-element-059e247\" data-id=\"059e247\" data-element_type=\"column\" data-e-type=\"column\">\n\t\t\t<div class=\"elementor-widget-wrap elementor-element-populated\">\n\t\t\t\t\t\t<div class=\"elementor-element elementor-element-4671d73 elementor-widget elementor-widget-heading\" data-id=\"4671d73\" data-element_type=\"widget\" data-e-type=\"widget\" data-widget_type=\"heading.default\">\n\t\t\t\t<div class=\"elementor-widget-container\">\n\t\t\t\t\t<h1 class=\"elementor-heading-title elementor-size-default\">LICITACIONES<\/h1>\t\t\t\t<\/div>\n\t\t\t\t<\/div>\n\t\t\t\t\t<\/div>\n\t\t<\/div>\n\t\t\t\t\t<\/div>\n\t\t<\/section>\n\t\t\t\t<section class=\"elementor-section elementor-top-section elementor-element elementor-element-31b76ac elementor-section-boxed elementor-section-height-default elementor-section-height-default\" data-id=\"31b76ac\" data-element_type=\"section\" data-e-type=\"section\" data-settings=\"{&quot;_ha_eqh_enable&quot;:false}\">\n\t\t\t\t\t\t<div class=\"elementor-container elementor-column-gap-default\">\n\t\t\t\t\t<div class=\"aux-parallax-section elementor-column elementor-col-100 elementor-top-column elementor-element elementor-element-77264ce\" data-id=\"77264ce\" data-element_type=\"column\" data-e-type=\"column\">\n\t\t\t<div class=\"elementor-widget-wrap elementor-element-populated\">\n\t\t\t\t\t\t<div class=\"elementor-element elementor-element-e6d2ef0 elementor-widget elementor-widget-heading\" data-id=\"e6d2ef0\" data-element_type=\"widget\" data-e-type=\"widget\" data-widget_type=\"heading.default\">\n\t\t\t\t<div class=\"elementor-widget-container\">\n\t\t\t\t\t<h2 class=\"elementor-heading-title elementor-size-default\">2024<\/h2>\t\t\t\t<\/div>\n\t\t\t\t<\/div>\n\t\t\t\t\t<\/div>\n\t\t<\/div>\n\t\t\t\t\t<\/div>\n\t\t<\/section>\n\t\t\t\t<section class=\"elementor-section elementor-top-section elementor-element elementor-element-4c1b047 elementor-section-boxed elementor-section-height-default elementor-section-height-default\" data-id=\"4c1b047\" data-element_type=\"section\" data-e-type=\"section\" data-settings=\"{&quot;_ha_eqh_enable&quot;:false}\">\n\t\t\t\t\t\t<div class=\"elementor-container elementor-column-gap-default\">\n\t\t\t\t\t<div class=\"aux-parallax-section elementor-column elementor-col-100 elementor-top-column elementor-element elementor-element-2412630\" data-id=\"2412630\" data-element_type=\"column\" data-e-type=\"column\">\n\t\t\t<div class=\"elementor-widget-wrap elementor-element-populated\">\n\t\t\t\t\t\t<div class=\"elementor-element elementor-element-9c6d1db elementor-widget elementor-widget-ha-post-list happy-addon ha-post-list\" data-id=\"9c6d1db\" data-element_type=\"widget\" data-e-type=\"widget\" data-widget_type=\"ha-post-list.default\">\n\t\t\t\t<div class=\"elementor-widget-container\">\n\t\t\t\t\t\t\t\t<div class=\"ha-post-list-wrapper\">\n\t\t\t\t<ul class=\"ha-post-list\" >\n\t\t\t\t\t\t\t\t\t\t\t<li class=\"ha-post-list-item\">\n\t\t\t\t\t\t\t<a href=\"https:\/\/gobqro.gob.mx\/sduop\/2024\/01\/15\/enero-2024\/\">\n\t\t\t\t\t\t\t\t<span class=\"ha-post-list-icon\"><i aria-hidden=\"true\" class=\"auxicon auxicon-calendar-2\"><\/i><\/span>\t\t\t\t\t\t\t\t<div class=\"ha-post-list-content\">\n\t\t\t\t\t\t\t\t\t<h2 class=\"ha-post-list-title\">ENERO 2024<\/h2>\t\t\t\t\t\t\t\t\t\t\t\t\t\t\t\t\t\t\t<div class=\"ha-post-list-meta-wrap\">\n\n\t\t\t\t\t\t\t\t\t\t\t\n\t\t\t\t\t\t\t\t\t\t\t\n\t\t\t\t\t\t\t\t\t\t\t\n\t\t\t\t\t\t\t\t\t\t\t\n\t\t\t\t\t\t\t\t\t\t<\/div>\n\t\t\t\t\t\t\t\t\t\t\t\t\t\t\t\t\t\t\t\t\t\t\t\t\t\t\t\t\t\t\t\t\t\t\t\t\t<div class=\"ha-post-list-excerpt\">\n\t\t\t\t\t\t\t\t\t\t\t<p>001-LP-EST-24-SPCDescarga<\/p>\t\t\t\t\t\t\t\t\t\t<\/div>\n\t\t\t\t\t\t\t\t\t\t\t\t\t\t\t\t\t<\/div>\n\t\t\t\t\t\t\t<\/a>\n\t\t\t\t\t\t<\/li>\n\t\t\t\t\t\t\t\t\t\t\t<li class=\"ha-post-list-item\">\n\t\t\t\t\t\t\t<a href=\"https:\/\/gobqro.gob.mx\/sduop\/2024\/02\/20\/febrero-2024\/\">\n\t\t\t\t\t\t\t\t<span class=\"ha-post-list-icon\"><i aria-hidden=\"true\" class=\"auxicon auxicon-calendar-2\"><\/i><\/span>\t\t\t\t\t\t\t\t<div class=\"ha-post-list-content\">\n\t\t\t\t\t\t\t\t\t<h2 class=\"ha-post-list-title\">Febrero 2024<\/h2>\t\t\t\t\t\t\t\t\t\t\t\t\t\t\t\t\t\t\t<div class=\"ha-post-list-meta-wrap\">\n\n\t\t\t\t\t\t\t\t\t\t\t\n\t\t\t\t\t\t\t\t\t\t\t\n\t\t\t\t\t\t\t\t\t\t\t\n\t\t\t\t\t\t\t\t\t\t\t\n\t\t\t\t\t\t\t\t\t\t<\/div>\n\t\t\t\t\t\t\t\t\t\t\t\t\t\t\t\t\t\t\t\t\t\t\t\t\t\t\t\t\t\t\t\t\t\t\t\t\t<div class=\"ha-post-list-excerpt\">\n\t\t\t\t\t\t\t\t\t\t\t<p>004-LP-EST-24-SPC | 005-LP-EST-24-SPC | 006-LP-EST-24-SPC | 007-LP-EST-24-SPC | 008-LP-EST-24-SPC | 009-LP-EST-24-SPC | 010-LP-EST-24-SPC<\/p>\t\t\t\t\t\t\t\t\t\t<\/div>\n\t\t\t\t\t\t\t\t\t\t\t\t\t\t\t\t\t<\/div>\n\t\t\t\t\t\t\t<\/a>\n\t\t\t\t\t\t<\/li>\n\t\t\t\t\t\t\t\t\t\t\t<li class=\"ha-post-list-item\">\n\t\t\t\t\t\t\t<a href=\"https:\/\/gobqro.gob.mx\/sduop\/2024\/03\/12\/marzo-2024\/\">\n\t\t\t\t\t\t\t\t<span class=\"ha-post-list-icon\"><i aria-hidden=\"true\" class=\"auxicon auxicon-calendar-2\"><\/i><\/span>\t\t\t\t\t\t\t\t<div class=\"ha-post-list-content\">\n\t\t\t\t\t\t\t\t\t<h2 class=\"ha-post-list-title\">MARZO 2024<\/h2>\t\t\t\t\t\t\t\t\t\t\t\t\t\t\t\t\t\t\t<div class=\"ha-post-list-meta-wrap\">\n\n\t\t\t\t\t\t\t\t\t\t\t\n\t\t\t\t\t\t\t\t\t\t\t\n\t\t\t\t\t\t\t\t\t\t\t\n\t\t\t\t\t\t\t\t\t\t\t\n\t\t\t\t\t\t\t\t\t\t<\/div>\n\t\t\t\t\t\t\t\t\t\t\t\t\t\t\t\t\t\t\t\t\t\t\t\t\t\t\t\t\t\t\t\t\t\t\t\t\t<div class=\"ha-post-list-excerpt\">\n\t\t\t\t\t\t\t\t\t\t\t<p>011-LP-EST-24-SPC-1Descarga Licitaciones2024 012-24Descarga<\/p>\t\t\t\t\t\t\t\t\t\t<\/div>\n\t\t\t\t\t\t\t\t\t\t\t\t\t\t\t\t\t<\/div>\n\t\t\t\t\t\t\t<\/a>\n\t\t\t\t\t\t<\/li>\n\t\t\t\t\t\t\t\t\t\t\t<li class=\"ha-post-list-item\">\n\t\t\t\t\t\t\t<a href=\"https:\/\/gobqro.gob.mx\/sduop\/2024\/04\/05\/abril-2024\/\">\n\t\t\t\t\t\t\t\t<span class=\"ha-post-list-icon\"><i aria-hidden=\"true\" class=\"auxicon auxicon-calendar-2\"><\/i><\/span>\t\t\t\t\t\t\t\t<div class=\"ha-post-list-content\">\n\t\t\t\t\t\t\t\t\t<h2 class=\"ha-post-list-title\">ABRIL 2024<\/h2>\t\t\t\t\t\t\t\t\t\t\t\t\t\t\t\t\t\t\t<div class=\"ha-post-list-meta-wrap\">\n\n\t\t\t\t\t\t\t\t\t\t\t\n\t\t\t\t\t\t\t\t\t\t\t\n\t\t\t\t\t\t\t\t\t\t\t\n\t\t\t\t\t\t\t\t\t\t\t\n\t\t\t\t\t\t\t\t\t\t<\/div>\n\t\t\t\t\t\t\t\t\t\t\t\t\t\t\t\t\t\t\t\t\t\t\t\t\t\t\t\t\t\t\t\t\t\t\t\t\t<div class=\"ha-post-list-excerpt\">\n\t\t\t\t\t\t\t\t\t\t\t<p>014-2LP-EST-24-SPC 015-LP-EST-24-SPC 016-LP-EST-24-SPC<\/p>\t\t\t\t\t\t\t\t\t\t<\/div>\n\t\t\t\t\t\t\t\t\t\t\t\t\t\t\t\t\t<\/div>\n\t\t\t\t\t\t\t<\/a>\n\t\t\t\t\t\t<\/li>\n\t\t\t\t\t\t\t\t\t\t\t<li class=\"ha-post-list-item\">\n\t\t\t\t\t\t\t<a href=\"https:\/\/gobqro.gob.mx\/sduop\/2024\/05\/13\/mayo-2024\/\">\n\t\t\t\t\t\t\t\t<span class=\"ha-post-list-icon\"><i aria-hidden=\"true\" class=\"auxicon auxicon-calendar-2\"><\/i><\/span>\t\t\t\t\t\t\t\t<div class=\"ha-post-list-content\">\n\t\t\t\t\t\t\t\t\t<h2 class=\"ha-post-list-title\">MAYO 2024<\/h2>\t\t\t\t\t\t\t\t\t\t\t\t\t\t\t\t\t\t\t<div class=\"ha-post-list-meta-wrap\">\n\n\t\t\t\t\t\t\t\t\t\t\t\n\t\t\t\t\t\t\t\t\t\t\t\n\t\t\t\t\t\t\t\t\t\t\t\n\t\t\t\t\t\t\t\t\t\t\t\n\t\t\t\t\t\t\t\t\t\t<\/div>\n\t\t\t\t\t\t\t\t\t\t\t\t\t\t\t\t\t\t\t\t\t\t\t\t\t\t\t\t\t\t\t\t\t\t\t\t\t<div class=\"ha-post-list-excerpt\">\n\t\t\t\t\t\t\t\t\t\t\t<p>022-LP-EST-24-SPC | 021-LP-EST-24-SPC | 020-LP-EST-24-SPC | 019-LP-EST-24-SPC | 019-LP-EST-24-SPC-1 | 018-LP-EST-24-SPC |<\/p>\t\t\t\t\t\t\t\t\t\t<\/div>\n\t\t\t\t\t\t\t\t\t\t\t\t\t\t\t\t\t<\/div>\n\t\t\t\t\t\t\t<\/a>\n\t\t\t\t\t\t<\/li>\n\t\t\t\t\t\t\t\t\t\t\t<li class=\"ha-post-list-item\">\n\t\t\t\t\t\t\t<a href=\"https:\/\/gobqro.gob.mx\/sduop\/2024\/07\/15\/julio-2024\/\">\n\t\t\t\t\t\t\t\t<span class=\"ha-post-list-icon\"><i aria-hidden=\"true\" class=\"auxicon auxicon-calendar-2\"><\/i><\/span>\t\t\t\t\t\t\t\t<div class=\"ha-post-list-content\">\n\t\t\t\t\t\t\t\t\t<h2 class=\"ha-post-list-title\">JULIO 2024<\/h2>\t\t\t\t\t\t\t\t\t\t\t\t\t\t\t\t\t\t\t<div class=\"ha-post-list-meta-wrap\">\n\n\t\t\t\t\t\t\t\t\t\t\t\n\t\t\t\t\t\t\t\t\t\t\t\n\t\t\t\t\t\t\t\t\t\t\t\n\t\t\t\t\t\t\t\t\t\t\t\n\t\t\t\t\t\t\t\t\t\t<\/div>\n\t\t\t\t\t\t\t\t\t\t\t\t\t\t\t\t\t\t\t\t\t\t\t\t\t\t\t\t\t\t\t\t\t\t\t\t\t<div class=\"ha-post-list-excerpt\">\n\t\t\t\t\t\t\t\t\t\t\t<p>Licitacion 027-LP-EST-24-SPC-julio Licitacion 028-LP-EST-24-SPC-julio<\/p>\t\t\t\t\t\t\t\t\t\t<\/div>\n\t\t\t\t\t\t\t\t\t\t\t\t\t\t\t\t\t<\/div>\n\t\t\t\t\t\t\t<\/a>\n\t\t\t\t\t\t<\/li>\n\t\t\t\t\t\t\t\t\t\t\t<li class=\"ha-post-list-item\">\n\t\t\t\t\t\t\t<a href=\"https:\/\/gobqro.gob.mx\/sduop\/2024\/08\/15\/agosto-2024\/\">\n\t\t\t\t\t\t\t\t<span class=\"ha-post-list-icon\"><i aria-hidden=\"true\" class=\"auxicon auxicon-calendar-2\"><\/i><\/span>\t\t\t\t\t\t\t\t<div class=\"ha-post-list-content\">\n\t\t\t\t\t\t\t\t\t<h2 class=\"ha-post-list-title\">AGOSTO 2024<\/h2>\t\t\t\t\t\t\t\t\t\t\t\t\t\t\t\t\t\t\t<div class=\"ha-post-list-meta-wrap\">\n\n\t\t\t\t\t\t\t\t\t\t\t\n\t\t\t\t\t\t\t\t\t\t\t\n\t\t\t\t\t\t\t\t\t\t\t\n\t\t\t\t\t\t\t\t\t\t\t\n\t\t\t\t\t\t\t\t\t\t<\/div>\n\t\t\t\t\t\t\t\t\t\t\t\t\t\t\t\t\t\t\t\t\t\t\t\t\t\t\t\t\t\t\t\t\t\t\t\t\t<div class=\"ha-post-list-excerpt\">\n\t\t\t\t\t\t\t\t\t\t\t<p>Licitaciones2024 026-LP-EST-24-SPC | Licitacion 027-LP-EST-24-SPC | Licitacion 028-LP-EST-24-SPC<\/p>\t\t\t\t\t\t\t\t\t\t<\/div>\n\t\t\t\t\t\t\t\t\t\t\t\t\t\t\t\t\t<\/div>\n\t\t\t\t\t\t\t<\/a>\n\t\t\t\t\t\t<\/li>\n\t\t\t\t\t\t\t\t\t\t\t<li class=\"ha-post-list-item\">\n\t\t\t\t\t\t\t<a href=\"https:\/\/gobqro.gob.mx\/sduop\/2024\/12\/06\/octubre-2024\/\">\n\t\t\t\t\t\t\t\t<span class=\"ha-post-list-icon\"><i aria-hidden=\"true\" class=\"auxicon auxicon-calendar-2\"><\/i><\/span>\t\t\t\t\t\t\t\t<div class=\"ha-post-list-content\">\n\t\t\t\t\t\t\t\t\t<h2 class=\"ha-post-list-title\">OCTUBRE 2024<\/h2>\t\t\t\t\t\t\t\t\t\t\t\t\t\t\t\t\t\t\t<div class=\"ha-post-list-meta-wrap\">\n\n\t\t\t\t\t\t\t\t\t\t\t\n\t\t\t\t\t\t\t\t\t\t\t\n\t\t\t\t\t\t\t\t\t\t\t\n\t\t\t\t\t\t\t\t\t\t\t\n\t\t\t\t\t\t\t\t\t\t<\/div>\n\t\t\t\t\t\t\t\t\t\t\t\t\t\t\t\t\t\t\t\t\t\t\t\t\t\t\t\t\t\t\t\t\t\t\t\t\t<div class=\"ha-post-list-excerpt\">\n\t\t\t\t\t\t\t\t\t\t\t<p>Licitaci\u00f3n 031 | Licitaci\u00f3n 032 | Licitaci\u00f3n 033<\/p>\t\t\t\t\t\t\t\t\t\t<\/div>\n\t\t\t\t\t\t\t\t\t\t\t\t\t\t\t\t\t<\/div>\n\t\t\t\t\t\t\t<\/a>\n\t\t\t\t\t\t<\/li>\n\t\t\t\t\t\t\t\t\t\t\t<li class=\"ha-post-list-item\">\n\t\t\t\t\t\t\t<a href=\"https:\/\/gobqro.gob.mx\/sduop\/2025\/01\/28\/noviembre-2024\/\">\n\t\t\t\t\t\t\t\t<span class=\"ha-post-list-icon\"><i aria-hidden=\"true\" class=\"auxicon auxicon-calendar-2\"><\/i><\/span>\t\t\t\t\t\t\t\t<div class=\"ha-post-list-content\">\n\t\t\t\t\t\t\t\t\t<h2 class=\"ha-post-list-title\">NOVIEMBRE 2024<\/h2>\t\t\t\t\t\t\t\t\t\t\t\t\t\t\t\t\t\t\t<div class=\"ha-post-list-meta-wrap\">\n\n\t\t\t\t\t\t\t\t\t\t\t\n\t\t\t\t\t\t\t\t\t\t\t\n\t\t\t\t\t\t\t\t\t\t\t\n\t\t\t\t\t\t\t\t\t\t\t\n\t\t\t\t\t\t\t\t\t\t<\/div>\n\t\t\t\t\t\t\t\t\t\t\t\t\t\t\t\t\t\t\t\t\t\t\t\t\t\t\t\t\t\t\t\t\t\t\t\t\t<div class=\"ha-post-list-excerpt\">\n\t\t\t\t\t\t\t\t\t\t\t<p>Licitaciones2024 032-2LP-EST-24-SPC | Licitaciones2024 034-LP-EST-24-SP | Licitaciones2024 035-LP-EST-24-SPC | Licitaciones2024 39 | Licitaciones2024 040-LP-EST-24-SPC | Licitaciones2024 041-LP-EST-24-SPC |<\/p>\t\t\t\t\t\t\t\t\t\t<\/div>\n\t\t\t\t\t\t\t\t\t\t\t\t\t\t\t\t\t<\/div>\n\t\t\t\t\t\t\t<\/a>\n\t\t\t\t\t\t<\/li>\n\t\t\t\t\t\t\t\t\t\t\t<li class=\"ha-post-list-item\">\n\t\t\t\t\t\t\t<a href=\"https:\/\/gobqro.gob.mx\/sduop\/2025\/01\/28\/diciembre-2024\/\">\n\t\t\t\t\t\t\t\t<span class=\"ha-post-list-icon\"><i aria-hidden=\"true\" class=\"auxicon auxicon-calendar-2\"><\/i><\/span>\t\t\t\t\t\t\t\t<div class=\"ha-post-list-content\">\n\t\t\t\t\t\t\t\t\t<h2 class=\"ha-post-list-title\">DICIEMBRE 2024<\/h2>\t\t\t\t\t\t\t\t\t\t\t\t\t\t\t\t\t\t\t<div class=\"ha-post-list-meta-wrap\">\n\n\t\t\t\t\t\t\t\t\t\t\t\n\t\t\t\t\t\t\t\t\t\t\t\n\t\t\t\t\t\t\t\t\t\t\t\n\t\t\t\t\t\t\t\t\t\t\t\n\t\t\t\t\t\t\t\t\t\t<\/div>\n\t\t\t\t\t\t\t\t\t\t\t\t\t\t\t\t\t\t\t\t\t\t\t\t\t\t\t\t\t\t\t\t\t\t\t\t\t<div class=\"ha-post-list-excerpt\">\n\t\t\t\t\t\t\t\t\t\t\t<p>Licitaciones2024 38 | Licitaciones2024 39 | Licitaciones2024 40 | Licitaciones2024 41 https:\/\/gobqro.gob.mx\/sduop\/wp-content\/uploads\/2025\/01\/Licitaciones2024-45.jpg<\/p>\t\t\t\t\t\t\t\t\t\t<\/div>\n\t\t\t\t\t\t\t\t\t\t\t\t\t\t\t\t\t<\/div>\n\t\t\t\t\t\t\t<\/a>\n\t\t\t\t\t\t<\/li>\n\t\t\t\t\t\t\t\t\t<\/ul>\n\t\t\t<\/div>\n\t\t\t\t\t\t\t<\/div>\n\t\t\t\t<\/div>\n\t\t\t\t\t<\/div>\n\t\t<\/div>\n\t\t\t\t\t<\/div>\n\t\t<\/section>\n\t\t\t\t<\/div>\n\t\t","protected":false},"excerpt":{"rendered":"<p>LICITACIONES 2024 ENERO 2024 001-LP-EST-24-SPCDescarga Febrero 2024 004-LP-EST-24-SPC | 005-LP-EST-24-SPC | 006-LP-EST-24-SPC | 007-LP-EST-24-SPC | 008-LP-EST-24-SPC | 009-LP-EST-24-SPC | 010-LP-EST-24-SPC MARZO 2024 011-LP-EST-24-SPC-1Descarga Licitaciones2024 012-24Descarga ABRIL 2024 014-2LP-EST-24-SPC 015-LP-EST-24-SPC 016-LP-EST-24-SPC MAYO 2024 022-LP-EST-24-SPC | 021-LP-EST-24-SPC | 020-LP-EST-24-SPC | 019-LP-EST-24-SPC | 019-LP-EST-24-SPC-1 | 018-LP-EST-24-SPC | JULIO 2024 Licitacion 027-LP-EST-24-SPC-julio Licitacion 028-LP-EST-24-SPC-julio AGOSTO 2024 Licitaciones2024 026-LP-EST-24-SPC | [&hellip;]<\/p>\n","protected":false},"author":1,"featured_media":0,"parent":0,"menu_order":0,"comment_status":"closed","ping_status":"closed","template":"","meta":{"_eb_attr":"","footnotes":""},"class_list":["post-1388","page","type-page","status-publish","hentry"],"_links":{"self":[{"href":"https:\/\/gobqro.gob.mx\/sduop\/wp-json\/wp\/v2\/pages\/1388","targetHints":{"allow":["GET"]}}],"collection":[{"href":"https:\/\/gobqro.gob.mx\/sduop\/wp-json\/wp\/v2\/pages"}],"about":[{"href":"https:\/\/gobqro.gob.mx\/sduop\/wp-json\/wp\/v2\/types\/page"}],"author":[{"embeddable":true,"href":"https:\/\/gobqro.gob.mx\/sduop\/wp-json\/wp\/v2\/users\/1"}],"replies":[{"embeddable":true,"href":"https:\/\/gobqro.gob.mx\/sduop\/wp-json\/wp\/v2\/comments?post=1388"}],"version-history":[{"count":34,"href":"https:\/\/gobqro.gob.mx\/sduop\/wp-json\/wp\/v2\/pages\/1388\/revisions"}],"predecessor-version":[{"id":1628,"href":"https:\/\/gobqro.gob.mx\/sduop\/wp-json\/wp\/v2\/pages\/1388\/revisions\/1628"}],"wp:attachment":[{"href":"https:\/\/gobqro.gob.mx\/sduop\/wp-json\/wp\/v2\/media?parent=1388"}],"curies":[{"name":"wp","href":"https:\/\/api.w.org\/{rel}","templated":true}]}}