{"id":177,"date":"2022-06-30T02:42:50","date_gmt":"2022-06-30T02:42:50","guid":{"rendered":"https:\/\/gobqro.gob.mx\/sduop1\/?page_id=177"},"modified":"2024-07-08T11:58:44","modified_gmt":"2024-07-08T17:58:44","slug":"desarrollo-urbano","status":"publish","type":"page","link":"https:\/\/gobqro.gob.mx\/sduop\/desarrollo-urbano\/","title":{"rendered":"DESARROLLO URBANO"},"content":{"rendered":"\t\t<div data-elementor-type=\"wp-page\" data-elementor-id=\"177\" class=\"elementor elementor-177\" data-elementor-settings=\"{&quot;ha_cmc_init_switcher&quot;:&quot;no&quot;}\">\n\t\t\t\t\t\t<section class=\"elementor-section elementor-top-section elementor-element elementor-element-4b2c8dd elementor-section-boxed elementor-section-height-default elementor-section-height-default\" data-id=\"4b2c8dd\" data-element_type=\"section\" data-e-type=\"section\" data-settings=\"{&quot;_ha_eqh_enable&quot;:false}\">\n\t\t\t\t\t\t<div class=\"elementor-container elementor-column-gap-default\">\n\t\t\t\t\t<div class=\"aux-parallax-section elementor-column elementor-col-100 elementor-top-column elementor-element elementor-element-705ae5f\" data-id=\"705ae5f\" data-element_type=\"column\" data-e-type=\"column\">\n\t\t\t<div class=\"elementor-widget-wrap elementor-element-populated\">\n\t\t\t\t\t\t<div class=\"elementor-element elementor-element-7a8404b elementor-widget elementor-widget-spacer\" data-id=\"7a8404b\" data-element_type=\"widget\" data-e-type=\"widget\" data-widget_type=\"spacer.default\">\n\t\t\t\t<div class=\"elementor-widget-container\">\n\t\t\t\t\t\t\t<div class=\"elementor-spacer\">\n\t\t\t<div class=\"elementor-spacer-inner\"><\/div>\n\t\t<\/div>\n\t\t\t\t\t\t<\/div>\n\t\t\t\t<\/div>\n\t\t\t\t<div class=\"elementor-element elementor-element-81e3715 elementor-widget elementor-widget-heading\" data-id=\"81e3715\" data-element_type=\"widget\" data-e-type=\"widget\" data-widget_type=\"heading.default\">\n\t\t\t\t<div class=\"elementor-widget-container\">\n\t\t\t\t\t<h2 class=\"elementor-heading-title elementor-size-default\">DESARROLLO<\/h2>\t\t\t\t<\/div>\n\t\t\t\t<\/div>\n\t\t\t\t<div class=\"elementor-element elementor-element-7b8898e elementor-widget elementor-widget-heading\" data-id=\"7b8898e\" data-element_type=\"widget\" data-e-type=\"widget\" data-widget_type=\"heading.default\">\n\t\t\t\t<div class=\"elementor-widget-container\">\n\t\t\t\t\t<h1 class=\"elementor-heading-title elementor-size-default\">URBANO<\/h1>\t\t\t\t<\/div>\n\t\t\t\t<\/div>\n\t\t\t\t\t<\/div>\n\t\t<\/div>\n\t\t\t\t\t<\/div>\n\t\t<\/section>\n\t\t\t\t<section class=\"elementor-section elementor-top-section elementor-element elementor-element-e955e08 elementor-section-boxed elementor-section-height-default elementor-section-height-default\" data-id=\"e955e08\" data-element_type=\"section\" data-e-type=\"section\" data-settings=\"{&quot;_ha_eqh_enable&quot;:false}\">\n\t\t\t\t\t\t<div class=\"elementor-container elementor-column-gap-default\">\n\t\t\t\t\t<div class=\"aux-parallax-section elementor-column elementor-col-100 elementor-top-column elementor-element elementor-element-e5acb5e\" data-id=\"e5acb5e\" data-element_type=\"column\" data-e-type=\"column\">\n\t\t\t<div class=\"elementor-widget-wrap elementor-element-populated\">\n\t\t\t\t\t\t<div class=\"elementor-element elementor-element-662eb50 elementor-widget elementor-widget-spacer\" data-id=\"662eb50\" data-element_type=\"widget\" data-e-type=\"widget\" data-widget_type=\"spacer.default\">\n\t\t\t\t<div class=\"elementor-widget-container\">\n\t\t\t\t\t\t\t<div class=\"elementor-spacer\">\n\t\t\t<div class=\"elementor-spacer-inner\"><\/div>\n\t\t<\/div>\n\t\t\t\t\t\t<\/div>\n\t\t\t\t<\/div>\n\t\t\t\t\t<\/div>\n\t\t<\/div>\n\t\t\t\t\t<\/div>\n\t\t<\/section>\n\t\t\t\t<section class=\"elementor-section elementor-top-section elementor-element elementor-element-ca87eac elementor-section-boxed elementor-section-height-default elementor-section-height-default\" data-id=\"ca87eac\" data-element_type=\"section\" data-e-type=\"section\" data-settings=\"{&quot;_ha_eqh_enable&quot;:false}\">\n\t\t\t\t\t\t<div class=\"elementor-container elementor-column-gap-default\">\n\t\t\t\t\t<div class=\"aux-parallax-section elementor-column elementor-col-50 elementor-top-column elementor-element elementor-element-b6d615d\" data-id=\"b6d615d\" data-element_type=\"column\" data-e-type=\"column\">\n\t\t\t<div class=\"elementor-widget-wrap elementor-element-populated\">\n\t\t\t\t\t\t<div class=\"elementor-element elementor-element-c7ab30d elementor-position-top elementor-widget elementor-widget-image-box\" data-id=\"c7ab30d\" data-element_type=\"widget\" data-e-type=\"widget\" data-widget_type=\"image-box.default\">\n\t\t\t\t<div class=\"elementor-widget-container\">\n\t\t\t\t\t<div class=\"elementor-image-box-wrapper\"><figure class=\"elementor-image-box-img\"><img fetchpriority=\"high\" decoding=\"async\" width=\"1200\" height=\"1519\" src=\"https:\/\/gobqro.gob.mx\/sduop\/wp-content\/uploads\/2023\/03\/agenteInmo.png\" class=\"attachment-full size-full wp-image-1182\" alt=\"\" srcset=\"https:\/\/gobqro.gob.mx\/sduop\/wp-content\/uploads\/2023\/03\/agenteInmo.png 1200w, https:\/\/gobqro.gob.mx\/sduop\/wp-content\/uploads\/2023\/03\/agenteInmo-200x253.png 200w\" \/><\/figure><\/div>\t\t\t\t<\/div>\n\t\t\t\t<\/div>\n\t\t\t\t<div class=\"elementor-element elementor-element-22a4734 elementor-widget elementor-widget-spacer\" data-id=\"22a4734\" data-element_type=\"widget\" data-e-type=\"widget\" data-widget_type=\"spacer.default\">\n\t\t\t\t<div class=\"elementor-widget-container\">\n\t\t\t\t\t\t\t<div class=\"elementor-spacer\">\n\t\t\t<div class=\"elementor-spacer-inner\"><\/div>\n\t\t<\/div>\n\t\t\t\t\t\t<\/div>\n\t\t\t\t<\/div>\n\t\t\t\t\t<\/div>\n\t\t<\/div>\n\t\t\t\t<div class=\"aux-parallax-section elementor-column elementor-col-50 elementor-top-column elementor-element elementor-element-9c5060d\" data-id=\"9c5060d\" data-element_type=\"column\" data-e-type=\"column\">\n\t\t\t<div class=\"elementor-widget-wrap elementor-element-populated\">\n\t\t\t\t\t\t<div class=\"elementor-element elementor-element-65a8fd6 elementor-widget elementor-widget-text-editor\" data-id=\"65a8fd6\" data-element_type=\"widget\" data-e-type=\"widget\" data-widget_type=\"text-editor.default\">\n\t\t\t\t<div class=\"elementor-widget-container\">\n\t\t\t\t\t\t\t\t\t<div class=\"wpb_column vc_column_container vc_col-sm-4\"><div class=\"vc_column-inner\"><div class=\"wpb_wrapper\"><div class=\"wpb_text_column wpb_content_element \"><div class=\"wpb_wrapper\"><p><span style=\"font-size: 18pt;\"><strong>Lugar de Registro:<\/strong><\/span><\/p><p>Secretar\u00eda de Desarrollo Urbano y Obras P\u00fablicas<br \/>Direcci\u00f3n de Dise\u00f1o y Administraci\u00f3n Urbana<br \/>Andr\u00e9s Balvanera #25 , Centro Hist\u00f3rico.<br \/><strong>Horario de atenci\u00f3n<\/strong> de 08:30 a 14:30 hrs.<\/p><p><strong>Informaci\u00f3n y citas comunicarse a:<\/strong><br \/>Direcci\u00f3n de Dise\u00f1o y Administraci\u00f3n Urbana al<br \/><strong>Tel:<\/strong> 442 27 18 00 <strong>Ext.<\/strong> 2351 | 2332<br \/><strong>Correo Electr\u00f3nico:<\/strong> registroinmobiliario@queretaro.gob.mx<br \/><strong>SitioWeb:<\/strong> www.queretaro.gob.mx\/sduop\/<\/p><\/div><\/div><\/div><\/div><\/div>\t\t\t\t\t\t\t\t<\/div>\n\t\t\t\t<\/div>\n\t\t\t\t<div class=\"elementor-element elementor-element-6ed7f4d elementor-widget elementor-widget-heading\" data-id=\"6ed7f4d\" data-element_type=\"widget\" data-e-type=\"widget\" data-widget_type=\"heading.default\">\n\t\t\t\t<div class=\"elementor-widget-container\">\n\t\t\t\t\t<h2 class=\"elementor-heading-title elementor-size-default\">Fundamento Legal<\/h2>\t\t\t\t<\/div>\n\t\t\t\t<\/div>\n\t\t\t\t<div class=\"elementor-element elementor-element-5f6cbbf elementor-widget elementor-widget-text-editor\" data-id=\"5f6cbbf\" data-element_type=\"widget\" data-e-type=\"widget\" data-widget_type=\"text-editor.default\">\n\t\t\t\t<div class=\"elementor-widget-container\">\n\t\t\t\t\t\t\t\t\t<p>Ley que Regula a los Agentes y Empresas Inmobiliarias en el Estado de Quer\u00e9taro. LRAEIEQ (POSA, 06\u00b712\u00b716)<\/p>\t\t\t\t\t\t\t\t<\/div>\n\t\t\t\t<\/div>\n\t\t\t\t\t<\/div>\n\t\t<\/div>\n\t\t\t\t\t<\/div>\n\t\t<\/section>\n\t\t\t\t<section class=\"elementor-section elementor-top-section elementor-element elementor-element-550b936 elementor-section-boxed elementor-section-height-default elementor-section-height-default\" data-id=\"550b936\" data-element_type=\"section\" data-e-type=\"section\" data-settings=\"{&quot;_ha_eqh_enable&quot;:false}\">\n\t\t\t\t\t\t<div class=\"elementor-container elementor-column-gap-default\">\n\t\t\t\t\t<div class=\"aux-parallax-section elementor-column elementor-col-25 elementor-top-column elementor-element elementor-element-1ac15e9\" data-id=\"1ac15e9\" data-element_type=\"column\" data-e-type=\"column\">\n\t\t\t<div class=\"elementor-widget-wrap elementor-element-populated\">\n\t\t\t\t\t\t<div class=\"elementor-element elementor-element-528ee4f elementor-widget elementor-widget-image\" data-id=\"528ee4f\" data-element_type=\"widget\" data-e-type=\"widget\" data-widget_type=\"image.default\">\n\t\t\t\t<div class=\"elementor-widget-container\">\n\t\t\t\t\t\t\t\t\t\t\t\t\t\t\t<img decoding=\"async\" width=\"1024\" height=\"1024\" src=\"https:\/\/gobqro.gob.mx\/sduop\/wp-content\/uploads\/2022\/08\/pev-1024x1024.jpg\" class=\"attachment-large size-large wp-image-924\" alt=\"\" srcset=\"https:\/\/gobqro.gob.mx\/sduop\/wp-content\/uploads\/2022\/08\/pev-1024x1024.jpg 1024w, https:\/\/gobqro.gob.mx\/sduop\/wp-content\/uploads\/2022\/08\/pev-300x300.jpg 300w, https:\/\/gobqro.gob.mx\/sduop\/wp-content\/uploads\/2022\/08\/pev-150x150.jpg 150w, https:\/\/gobqro.gob.mx\/sduop\/wp-content\/uploads\/2022\/08\/pev-768x768.jpg 768w\" sizes=\"(max-width: 1024px) 100vw, 1024px\" \/>\t\t\t\t\t\t\t\t\t\t\t\t\t\t\t<\/div>\n\t\t\t\t<\/div>\n\t\t\t\t\t<\/div>\n\t\t<\/div>\n\t\t\t\t<div class=\"aux-parallax-section elementor-column elementor-col-25 elementor-top-column elementor-element elementor-element-f8026c8\" data-id=\"f8026c8\" data-element_type=\"column\" data-e-type=\"column\">\n\t\t\t<div class=\"elementor-widget-wrap elementor-element-populated\">\n\t\t\t\t\t\t<div class=\"elementor-element elementor-element-c5b7727 elementor-widget elementor-widget-heading\" data-id=\"c5b7727\" data-element_type=\"widget\" data-e-type=\"widget\" data-widget_type=\"heading.default\">\n\t\t\t\t<div class=\"elementor-widget-container\">\n\t\t\t\t\t<h2 class=\"elementor-heading-title elementor-size-default\">Programa Estatal de Vivienda <\/h2>\t\t\t\t<\/div>\n\t\t\t\t<\/div>\n\t\t\t\t<div class=\"elementor-element elementor-element-46731a0 elementor-widget elementor-widget-text-editor\" data-id=\"46731a0\" data-element_type=\"widget\" data-e-type=\"widget\" data-widget_type=\"text-editor.default\">\n\t\t\t\t<div class=\"elementor-widget-container\">\n\t\t\t\t\t\t\t\t\t<p>La vivienda, como eje transversal del desarrollo urbano, es la base fundamental para la construcci\u00f3n de un territorio ordenado y sostenible.<\/p><p><br><\/p><p><br><\/p><p><br><\/p>\t\t\t\t\t\t\t\t<\/div>\n\t\t\t\t<\/div>\n\t\t\t\t<div class=\"elementor-element elementor-element-86fb239 elementor-widget elementor-widget-aux_button\" data-id=\"86fb239\" data-element_type=\"widget\" data-e-type=\"widget\" data-widget_type=\"aux_button.default\">\n\t\t\t\t<div class=\"elementor-widget-container\">\n\t\t\t\t\t<a  href=\"https:\/\/gobqro.gob.mx\/sduop\/wp-content\/uploads\/2022\/08\/Programa-Estatal-Vivienda.pdf\" target=\"_blank\"   class=\"aux-button aux-medium aux-tapestry aux-round aux-none aux-uppercase aux-icon-left\" ><span class=\"aux-overlay\"><\/span><i aria-hidden=\"true\" class=\"aux-icon far fa-file-pdf\"><\/i><span class=\"aux-text\">LEER<\/span><\/a>\t\t\t\t<\/div>\n\t\t\t\t<\/div>\n\t\t\t\t\t<\/div>\n\t\t<\/div>\n\t\t\t\t<div class=\"aux-parallax-section elementor-column elementor-col-25 elementor-top-column elementor-element elementor-element-c9aa331\" data-id=\"c9aa331\" data-element_type=\"column\" data-e-type=\"column\">\n\t\t\t<div class=\"elementor-widget-wrap elementor-element-populated\">\n\t\t\t\t\t\t<div class=\"elementor-element elementor-element-7211aaf elementor-widget elementor-widget-image\" data-id=\"7211aaf\" data-element_type=\"widget\" data-e-type=\"widget\" data-widget_type=\"image.default\">\n\t\t\t\t<div class=\"elementor-widget-container\">\n\t\t\t\t\t\t\t\t\t\t\t\t\t\t\t<img decoding=\"async\" width=\"1024\" height=\"1024\" src=\"https:\/\/gobqro.gob.mx\/sduop\/wp-content\/uploads\/2022\/08\/PEOTDU-1024x1024.jpg\" class=\"attachment-large size-large wp-image-923\" alt=\"\" srcset=\"https:\/\/gobqro.gob.mx\/sduop\/wp-content\/uploads\/2022\/08\/PEOTDU-1024x1024.jpg 1024w, https:\/\/gobqro.gob.mx\/sduop\/wp-content\/uploads\/2022\/08\/PEOTDU-300x300.jpg 300w, https:\/\/gobqro.gob.mx\/sduop\/wp-content\/uploads\/2022\/08\/PEOTDU-150x150.jpg 150w, https:\/\/gobqro.gob.mx\/sduop\/wp-content\/uploads\/2022\/08\/PEOTDU-768x768.jpg 768w\" sizes=\"(max-width: 1024px) 100vw, 1024px\" \/>\t\t\t\t\t\t\t\t\t\t\t\t\t\t\t<\/div>\n\t\t\t\t<\/div>\n\t\t\t\t\t<\/div>\n\t\t<\/div>\n\t\t\t\t<div class=\"aux-parallax-section elementor-column elementor-col-25 elementor-top-column elementor-element elementor-element-6691986\" data-id=\"6691986\" data-element_type=\"column\" data-e-type=\"column\">\n\t\t\t<div class=\"elementor-widget-wrap elementor-element-populated\">\n\t\t\t\t\t\t<div class=\"elementor-element elementor-element-f59c5d1 elementor-widget elementor-widget-heading\" data-id=\"f59c5d1\" data-element_type=\"widget\" data-e-type=\"widget\" data-widget_type=\"heading.default\">\n\t\t\t\t<div class=\"elementor-widget-container\">\n\t\t\t\t\t<h2 class=\"elementor-heading-title elementor-size-default\">Programa Estatal de Ordenamiento Territorial y Desarrollo Urbano<\/h2>\t\t\t\t<\/div>\n\t\t\t\t<\/div>\n\t\t\t\t<div class=\"elementor-element elementor-element-c17503f elementor-widget elementor-widget-text-editor\" data-id=\"c17503f\" data-element_type=\"widget\" data-e-type=\"widget\" data-widget_type=\"text-editor.default\">\n\t\t\t\t<div class=\"elementor-widget-container\">\n\t\t\t\t\t\t\t\t\t<p>El objetivo primordial del PEOTDU, es definir el modelo de ordenamiento territorial que genere condiciones \u00f3ptimas para la ocupaci\u00f3n sustentable del territorio&#8230;<\/p>\t\t\t\t\t\t\t\t<\/div>\n\t\t\t\t<\/div>\n\t\t\t\t<div class=\"elementor-element elementor-element-0fadd8c elementor-widget elementor-widget-aux_button\" data-id=\"0fadd8c\" data-element_type=\"widget\" data-e-type=\"widget\" data-widget_type=\"aux_button.default\">\n\t\t\t\t<div class=\"elementor-widget-container\">\n\t\t\t\t\t<a  href=\"https:\/\/gobqro.gob.mx\/sduop\/wp-content\/uploads\/2022\/08\/PEOTDU-220815.pdf\" target=\"_blank\"   class=\"aux-button aux-medium aux-tapestry aux-round aux-none aux-uppercase aux-icon-left\" ><span class=\"aux-overlay\"><\/span><i aria-hidden=\"true\" class=\"aux-icon far fa-file-pdf\"><\/i><span class=\"aux-text\">LEER<\/span><\/a>\t\t\t\t<\/div>\n\t\t\t\t<\/div>\n\t\t\t\t\t<\/div>\n\t\t<\/div>\n\t\t\t\t\t<\/div>\n\t\t<\/section>\n\t\t\t\t<\/div>\n\t\t","protected":false},"excerpt":{"rendered":"<p>DESARROLLO URBANO Lugar de Registro: Secretar\u00eda de Desarrollo Urbano y Obras P\u00fablicasDirecci\u00f3n de Dise\u00f1o y Administraci\u00f3n UrbanaAndr\u00e9s Balvanera #25 , Centro Hist\u00f3rico.Horario de atenci\u00f3n de 08:30 a 14:30 hrs. Informaci\u00f3n y citas comunicarse a:Direcci\u00f3n de Dise\u00f1o y Administraci\u00f3n Urbana alTel: 442 27 18 00 Ext. 2351 | 2332Correo Electr\u00f3nico: registroinmobiliario@queretaro.gob.mxSitioWeb: www.queretaro.gob.mx\/sduop\/ Fundamento Legal Ley que [&hellip;]<\/p>\n","protected":false},"author":1,"featured_media":923,"parent":0,"menu_order":0,"comment_status":"closed","ping_status":"closed","template":"","meta":{"_eb_attr":"","footnotes":""},"class_list":["post-177","page","type-page","status-publish","has-post-thumbnail","hentry"],"_links":{"self":[{"href":"https:\/\/gobqro.gob.mx\/sduop\/wp-json\/wp\/v2\/pages\/177","targetHints":{"allow":["GET"]}}],"collection":[{"href":"https:\/\/gobqro.gob.mx\/sduop\/wp-json\/wp\/v2\/pages"}],"about":[{"href":"https:\/\/gobqro.gob.mx\/sduop\/wp-json\/wp\/v2\/types\/page"}],"author":[{"embeddable":true,"href":"https:\/\/gobqro.gob.mx\/sduop\/wp-json\/wp\/v2\/users\/1"}],"replies":[{"embeddable":true,"href":"https:\/\/gobqro.gob.mx\/sduop\/wp-json\/wp\/v2\/comments?post=177"}],"version-history":[{"count":145,"href":"https:\/\/gobqro.gob.mx\/sduop\/wp-json\/wp\/v2\/pages\/177\/revisions"}],"predecessor-version":[{"id":1529,"href":"https:\/\/gobqro.gob.mx\/sduop\/wp-json\/wp\/v2\/pages\/177\/revisions\/1529"}],"wp:featuredmedia":[{"embeddable":true,"href":"https:\/\/gobqro.gob.mx\/sduop\/wp-json\/wp\/v2\/media\/923"}],"wp:attachment":[{"href":"https:\/\/gobqro.gob.mx\/sduop\/wp-json\/wp\/v2\/media?parent=177"}],"curies":[{"name":"wp","href":"https:\/\/api.w.org\/{rel}","templated":true}]}}