{"id":450,"date":"2022-07-01T02:20:53","date_gmt":"2022-07-01T02:20:53","guid":{"rendered":"https:\/\/gobqro.gob.mx\/sduop1\/?page_id=450"},"modified":"2026-02-04T06:50:24","modified_gmt":"2026-02-04T12:50:24","slug":"padron-de-contratistas","status":"publish","type":"page","link":"https:\/\/gobqro.gob.mx\/sduop\/padron-de-contratistas\/","title":{"rendered":"PADR\u00d3N DE CONTRATISTAS"},"content":{"rendered":"<p><img fetchpriority=\"high\" decoding=\"async\" src=\"https:\/\/gobqro.gob.mx\/sduop\/wp-content\/uploads\/2025\/08\/cartel-padron-horizontal.png\" sizes=\"(max-width: 1447px) 100vw, 1447px\" srcset=\"https:\/\/gobqro.gob.mx\/sduop\/wp-content\/uploads\/2025\/08\/cartel-padron-horizontal.png 1447w, https:\/\/gobqro.gob.mx\/sduop\/wp-content\/uploads\/2025\/08\/cartel-padron-horizontal-200x109.png 200w\" alt=\"\" width=\"1447\" height=\"792\" \/><br \/>\n<img decoding=\"async\" src=\"https:\/\/gobqro.gob.mx\/sduop\/wp-content\/uploads\/2025\/09\/Proc-inscrip-padrOn-contratistas.png\" sizes=\"(max-width: 2048px) 100vw, 2048px\" srcset=\"https:\/\/gobqro.gob.mx\/sduop\/wp-content\/uploads\/2025\/09\/Proc-inscrip-padrOn-contratistas.png 2048w, https:\/\/gobqro.gob.mx\/sduop\/wp-content\/uploads\/2025\/09\/Proc-inscrip-padrOn-contratistas-1536x866.png 1536w, https:\/\/gobqro.gob.mx\/sduop\/wp-content\/uploads\/2025\/09\/Proc-inscrip-padrOn-contratistas-200x113.png 200w\" alt=\"\" width=\"2048\" height=\"1154\" \/><br \/>\n<a href=\"http:\/\/serviciossduop.queretaro.gob.mx:89\/www_padc_contratistas\/\" target=\"_blank\" rel=\"noopener\" data-text=\"CONSULTA LOS REQUISITOS\"><br \/>\nHAZ CLICK AQU\u00cd<br \/>\n<\/a><\/p>\n<h2>CONSULTA LOS REQUISITOS PARA EL TR\u00c1MITE CORRESPONDIENTE:<\/h2>\n<h3>CAT\u00c1LOGO<\/h3>\n<p>DE ESPECIALIDADES<\/p>\n<p><a href=\"https:\/\/gobqro.gob.mx\/sduop\/wp-content\/uploads\/2025\/08\/Catalogo-de-Especialidades-2025.pdf\">Descarga<\/a><\/p>\n<h3>REQUISITOS<\/h3>\n<p>DE INSCRIPCI\u00d3N<\/p>\n<p><a href=\"https:\/\/gobqro.gob.mx\/sduop\/wp-content\/uploads\/2026\/02\/Inscripcion_2026.pdf\">Descarga<\/a><\/p>\n<h3>REQUISITOS<\/h3>\n<p>DE RENOVACI\u00d3N<\/p>\n<p><a href=\"https:\/\/gobqro.gob.mx\/sduop\/wp-content\/uploads\/2026\/02\/Renovacion_2026.pdf\">Descarga<\/a><\/p>\n<h3>REQUISITOS<\/h3>\n<p>DE ACTUALIZACI\u00d3N<\/p>\n<p><a href=\"https:\/\/gobqro.gob.mx\/sduop\/wp-content\/uploads\/2026\/02\/Actualizacion_2026.pdf\">Descarga<\/a><\/p>\n<h2>MANIFIESTO<\/h2>\n<p>de Decir la Verdad<br \/>\n<b>&#8220;Aval T\u00e9cnico&#8221;<\/b><\/p>\n<p><a href=\"https:\/\/gobqro.gob.mx\/sduop\/wp-content\/uploads\/2025\/11\/Carta-Aval-Tecnico.docx\" target=\"_blank\" rel=\"noopener\">DESCARGA<\/a><\/p>\n<h2>FORMATOS<\/h2>\n<p><b>&#8220;Estados Financieros&#8221;<\/b><\/p>\n<p><a href=\"https:\/\/gobqro.gob.mx\/sduop\/wp-content\/uploads\/2025\/04\/FORMATOS-FINANCIEROS-2.xlsx\" target=\"_blank\" rel=\"noopener\">DESCARGA<\/a><\/p>\n<h2>SOLICITUD<\/h2>\n<p><b>Persona F\u00edsica<\/b><\/p>\n<p><a href=\"https:\/\/gobqro.gob.mx\/sduop\/wp-content\/uploads\/2025\/11\/Solicitud-PM-2025-1.pdf\" target=\"_blank\" rel=\"noopener\">DESCARGA<\/a><\/p>\n<h2>SOLICITUD<\/h2>\n<p><b>Persona Moral<\/b><\/p>\n<p><a href=\"https:\/\/gobqro.gob.mx\/sduop\/wp-content\/uploads\/2025\/11\/Solicitud-PF-2025-1.pdf\" target=\"_blank\" rel=\"noopener\">DESCARGA<\/a><\/p>\n<p><strong>Realiza tu tr\u00e1mite en el Padr\u00f3n de Contratistas de Obra P\u00fablica del Estado de Quer\u00e9taro en:<\/strong><\/p>\n<p><strong>Padr\u00f3n de Contratistas<\/strong><\/p>\n<p>Secretar\u00eda de Desarrollo Urbano y Obras P\u00fablicas del Poder Ejecutivo del Estado de Quer\u00e9taro, ubicado en:<\/p>\n<p>Calle Andr\u00e9s Balvanera No. 25 Centro Hist\u00f3rico<\/p>\n<p>C.P. 76000 Santiago de Quer\u00e9taro, Qro..<\/p>\n<h3>HORARIO DE ATENCI\u00d3N<\/h3>\n<p>Lunes a viernes de 8:30 a 14:30 horas (d\u00edas h\u00e1biles).<\/p>\n<h3>CONTACTO<\/h3>\n<p>(442) 227 1800, ext. 2268, 2267 y 2364<\/p>\n<p>Te invitamos a que, en caso de no ser atendido adecuadamente por nuestros funcionarios y colaboradores, o de detectar alg\u00fan acto que pudiera considerarse como corrupci\u00f3n, nos escribas al correo electr\u00f3nico <strong><a href=\"mailto:sduop@queretaro.gob.mx\">sduop@queretaro.gob.mx<\/a><\/strong> o nos contactes v\u00eda telef\u00f3nica al n\u00famero <strong>4422271800.<\/strong><\/p>\n<p><img decoding=\"async\" src=\"https:\/\/gobqro.gob.mx\/sduop\/wp-content\/uploads\/2025\/08\/Proinscrip-padronContratistas.jpeg\" sizes=\"(max-width: 2560px) 100vw, 2560px\" srcset=\"https:\/\/gobqro.gob.mx\/sduop\/wp-content\/uploads\/2025\/08\/Proinscrip-padronContratistas.jpeg 2560w, https:\/\/gobqro.gob.mx\/sduop\/wp-content\/uploads\/2025\/08\/Proinscrip-padronContratistas-1536x866.jpeg 1536w, https:\/\/gobqro.gob.mx\/sduop\/wp-content\/uploads\/2025\/08\/Proinscrip-padronContratistas-2048x1154.jpeg 2048w, https:\/\/gobqro.gob.mx\/sduop\/wp-content\/uploads\/2025\/08\/Proinscrip-padronContratistas-200x113.jpeg 200w\" alt=\"\" width=\"2560\" height=\"1443\" \/><\/p>\n","protected":false},"excerpt":{"rendered":"<p>HAZ CLICK AQU\u00cd CONSULTA LOS REQUISITOS PARA EL TR\u00c1MITE CORRESPONDIENTE: CAT\u00c1LOGO DE ESPECIALIDADES Descarga REQUISITOS DE INSCRIPCI\u00d3N Descarga REQUISITOS DE RENOVACI\u00d3N Descarga REQUISITOS DE ACTUALIZACI\u00d3N Descarga MANIFIESTO de Decir la Verdad &#8220;Aval T\u00e9cnico&#8221; DESCARGA FORMATOS &#8220;Estados Financieros&#8221; DESCARGA SOLICITUD Persona F\u00edsica DESCARGA SOLICITUD Persona Moral DESCARGA Realiza tu tr\u00e1mite en el Padr\u00f3n de Contratistas de [&hellip;]<\/p>\n","protected":false},"author":1,"featured_media":0,"parent":0,"menu_order":0,"comment_status":"closed","ping_status":"closed","template":"","meta":{"_eb_attr":"","footnotes":""},"class_list":["post-450","page","type-page","status-publish","hentry"],"_links":{"self":[{"href":"https:\/\/gobqro.gob.mx\/sduop\/wp-json\/wp\/v2\/pages\/450","targetHints":{"allow":["GET"]}}],"collection":[{"href":"https:\/\/gobqro.gob.mx\/sduop\/wp-json\/wp\/v2\/pages"}],"about":[{"href":"https:\/\/gobqro.gob.mx\/sduop\/wp-json\/wp\/v2\/types\/page"}],"author":[{"embeddable":true,"href":"https:\/\/gobqro.gob.mx\/sduop\/wp-json\/wp\/v2\/users\/1"}],"replies":[{"embeddable":true,"href":"https:\/\/gobqro.gob.mx\/sduop\/wp-json\/wp\/v2\/comments?post=450"}],"version-history":[{"count":246,"href":"https:\/\/gobqro.gob.mx\/sduop\/wp-json\/wp\/v2\/pages\/450\/revisions"}],"predecessor-version":[{"id":2105,"href":"https:\/\/gobqro.gob.mx\/sduop\/wp-json\/wp\/v2\/pages\/450\/revisions\/2105"}],"wp:attachment":[{"href":"https:\/\/gobqro.gob.mx\/sduop\/wp-json\/wp\/v2\/media?parent=450"}],"curies":[{"name":"wp","href":"https:\/\/api.w.org\/{rel}","templated":true}]}}